{"id":892,"date":"2018-11-07T12:12:29","date_gmt":"2018-11-07T05:12:29","guid":{"rendered":"http:\/\/21314.lamdx.vinawebsite.vn\/?page_id=892"},"modified":"2019-03-05T15:45:16","modified_gmt":"2019-03-05T08:45:16","slug":"tra-cuu-tien-do-ket-qua","status":"publish","type":"page","link":"https:\/\/qcvn.com.vn\/en\/research-progress\/","title":{"rendered":"RESEARCH PROGRESS"},"content":{"rendered":"<p>RESEARCH PROGRESS<\/p>\n<p>Your profile will be started online search on the website from about 12 hours after registration.<\/p>\n<p>Each customer has the code to retrieve \/ search information when needed<\/p>\n<p>Records that have been returned to customers will be archived for no more than 03 years.<\/p>\n<p>If you need further assistance, please contact :: 0919 984 839 | admin@qcvn.com.vn<\/p>\n<div class=\"news-detail-body\">\n<p>&nbsp;<\/p>\n<\/div>\n","protected":false},"excerpt":{"rendered":"<p>RESEARCH PROGRESS Your profile will be started online search on the website from about 12 hours after registration. Each customer has the code to retrieve \/ search information when needed Records that have been returned to customers will be archived for no more than 03 years. If you need further assistance, please contact :: 0919&#8230;<\/p>\n","protected":false},"author":1,"featured_media":0,"parent":860,"menu_order":0,"comment_status":"closed","ping_status":"closed","template":"page-ketqua.php","meta":{"_acf_changed":false,"footnotes":""},"class_list":["post-892","page","type-page","status-publish","hentry"],"acf":[],"yoast_head":"<!-- This site is optimized with the Yoast SEO plugin v25.8 - https:\/\/yoast.com\/wordpress\/plugins\/seo\/ -->\n<title>Kh\u00e1ch h\u00e0ng tra c\u1ee9u k\u1ebft qu\u1ea3 quan tr\u1eafc m\u00f4i tr\u01b0\u1eddng\/ ph\u00e2n t\u00edch th\u00ed nghi\u1ec7m<\/title>\n<meta name=\"description\" content=\"K\u1ebft qu\u1ea3 - Qu\u00fd kh\u00e1ch h\u00e0ng c\u00f3 th\u1ec3 ki\u1ec3m tra v\u00e0 down to\u00e0n b\u1ed9 th\u00f4ng tin \u0111\u00e3 t\u1eebng g\u1edfi m\u1eabu ph\u00e2n t\u00edch t\u1ea1i QCVN, ch\u00fang t\u00f4i c\u00f3 ch\u00ednh s\u00e1ch l\u01b0u tr\u1eef v\u00e0 b\u1ea3o m\u1eadt th\u00f4ng tin\" \/>\n<meta name=\"robots\" content=\"index, follow, max-snippet:-1, max-image-preview:large, max-video-preview:-1\" \/>\n<link rel=\"canonical\" href=\"https:\/\/qcvn.com.vn\/en\/research-progress\/\" \/>\n<meta property=\"og:locale\" content=\"en_US\" \/>\n<meta property=\"og:type\" content=\"article\" \/>\n<meta property=\"og:title\" content=\"Kh\u00e1ch h\u00e0ng tra c\u1ee9u k\u1ebft qu\u1ea3 quan tr\u1eafc m\u00f4i tr\u01b0\u1eddng\/ ph\u00e2n t\u00edch th\u00ed nghi\u1ec7m\" \/>\n<meta property=\"og:description\" content=\"K\u1ebft qu\u1ea3 - Qu\u00fd kh\u00e1ch h\u00e0ng c\u00f3 th\u1ec3 ki\u1ec3m tra v\u00e0 down to\u00e0n b\u1ed9 th\u00f4ng tin \u0111\u00e3 t\u1eebng g\u1edfi m\u1eabu ph\u00e2n t\u00edch t\u1ea1i QCVN, ch\u00fang t\u00f4i c\u00f3 ch\u00ednh s\u00e1ch l\u01b0u tr\u1eef v\u00e0 b\u1ea3o m\u1eadt th\u00f4ng tin\" \/>\n<meta property=\"og:url\" content=\"https:\/\/qcvn.com.vn\/en\/research-progress\/\" \/>\n<meta property=\"og:site_name\" content=\"C\u00d4NG TY CP K\u1ef8 THU\u1eacT TI\u00caU CHU\u1ea8N QCVN VI\u1ec6T NAM\" \/>\n<meta property=\"article:publisher\" content=\"https:\/\/www.facebook.com\/kythuatieuchuanQCVN\/?ref=br_rs\" \/>\n<meta property=\"article:modified_time\" content=\"2019-03-05T08:45:16+00:00\" \/>\n<meta name=\"twitter:card\" content=\"summary_large_image\" \/>\n<script type=\"application\/ld+json\" class=\"yoast-schema-graph\">{\"@context\":\"https:\/\/schema.org\",\"@graph\":[{\"@type\":\"WebPage\",\"@id\":\"https:\/\/qcvn.com.vn\/en\/research-progress\/\",\"url\":\"https:\/\/qcvn.com.vn\/en\/research-progress\/\",\"name\":\"Kh\u00e1ch h\u00e0ng tra c\u1ee9u k\u1ebft qu\u1ea3 quan tr\u1eafc m\u00f4i tr\u01b0\u1eddng\/ ph\u00e2n t\u00edch th\u00ed nghi\u1ec7m\",\"isPartOf\":{\"@id\":\"https:\/\/qcvn.com.vn\/en\/#website\"},\"datePublished\":\"2018-11-07T05:12:29+00:00\",\"dateModified\":\"2019-03-05T08:45:16+00:00\",\"description\":\"K\u1ebft qu\u1ea3 - Qu\u00fd kh\u00e1ch h\u00e0ng c\u00f3 th\u1ec3 ki\u1ec3m tra v\u00e0 down to\u00e0n b\u1ed9 th\u00f4ng tin \u0111\u00e3 t\u1eebng g\u1edfi m\u1eabu ph\u00e2n t\u00edch t\u1ea1i QCVN, ch\u00fang t\u00f4i c\u00f3 ch\u00ednh s\u00e1ch l\u01b0u tr\u1eef v\u00e0 b\u1ea3o m\u1eadt th\u00f4ng tin\",\"breadcrumb\":{\"@id\":\"https:\/\/qcvn.com.vn\/en\/research-progress\/#breadcrumb\"},\"inLanguage\":\"en-US\",\"potentialAction\":[{\"@type\":\"ReadAction\",\"target\":[\"https:\/\/qcvn.com.vn\/en\/research-progress\/\"]}]},{\"@type\":\"BreadcrumbList\",\"@id\":\"https:\/\/qcvn.com.vn\/en\/research-progress\/#breadcrumb\",\"itemListElement\":[{\"@type\":\"ListItem\",\"position\":1,\"name\":\"Home\",\"item\":\"https:\/\/qcvn.com.vn\/en\/\"},{\"@type\":\"ListItem\",\"position\":2,\"name\":\"Service\",\"item\":\"https:\/\/qcvn.com.vn\/en\/service\/\"},{\"@type\":\"ListItem\",\"position\":3,\"name\":\"Water analysis\",\"item\":\"https:\/\/qcvn.com.vn\/en\/water-analysis\/\"},{\"@type\":\"ListItem\",\"position\":4,\"name\":\"lookup results\",\"item\":\"https:\/\/qcvn.com.vn\/en\/lookup-results\/\"},{\"@type\":\"ListItem\",\"position\":5,\"name\":\"RESEARCH PROGRESS\"}]},{\"@type\":\"WebSite\",\"@id\":\"https:\/\/qcvn.com.vn\/en\/#website\",\"url\":\"https:\/\/qcvn.com.vn\/en\/\",\"name\":\"C\u00d4NG TY CP K\u1ef8 THU\u1eacT TI\u00caU CHU\u1ea8N QCVN VI\u1ec6T NAM\",\"description\":\"Ph\u00e2n t\u00edch n\u01b0\u1edbc\",\"publisher\":{\"@id\":\"https:\/\/qcvn.com.vn\/en\/#organization\"},\"potentialAction\":[{\"@type\":\"SearchAction\",\"target\":{\"@type\":\"EntryPoint\",\"urlTemplate\":\"https:\/\/qcvn.com.vn\/en\/?s={search_term_string}\"},\"query-input\":{\"@type\":\"PropertyValueSpecification\",\"valueRequired\":true,\"valueName\":\"search_term_string\"}}],\"inLanguage\":\"en-US\"},{\"@type\":\"Organization\",\"@id\":\"https:\/\/qcvn.com.vn\/en\/#organization\",\"name\":\"C\u00d4NG TY C\u1ed4 PH\u1ea6N K\u1ef8 THU\u1eacT TI\u00caU CHU\u1ea8N QCVN VI\u1ec6T NAM\",\"url\":\"https:\/\/qcvn.com.vn\/en\/\",\"logo\":{\"@type\":\"ImageObject\",\"inLanguage\":\"en-US\",\"@id\":\"https:\/\/qcvn.com.vn\/en\/#\/schema\/logo\/image\/\",\"url\":\"https:\/\/qcvn.com.vn\/wp-content\/uploads\/2019\/01\/logo-QCVN.jpg\",\"contentUrl\":\"https:\/\/qcvn.com.vn\/wp-content\/uploads\/2019\/01\/logo-QCVN.jpg\",\"width\":1200,\"height\":476,\"caption\":\"C\u00d4NG TY C\u1ed4 PH\u1ea6N K\u1ef8 THU\u1eacT TI\u00caU CHU\u1ea8N QCVN VI\u1ec6T NAM\"},\"image\":{\"@id\":\"https:\/\/qcvn.com.vn\/en\/#\/schema\/logo\/image\/\"},\"sameAs\":[\"https:\/\/www.facebook.com\/kythuatieuchuanQCVN\/?ref=br_rs\"]}]}<\/script>\n<!-- \/ Yoast SEO plugin. -->","yoast_head_json":{"title":"Kh\u00e1ch h\u00e0ng tra c\u1ee9u k\u1ebft qu\u1ea3 quan tr\u1eafc m\u00f4i tr\u01b0\u1eddng\/ ph\u00e2n t\u00edch th\u00ed nghi\u1ec7m","description":"K\u1ebft qu\u1ea3 - Qu\u00fd kh\u00e1ch h\u00e0ng c\u00f3 th\u1ec3 ki\u1ec3m tra v\u00e0 down to\u00e0n b\u1ed9 th\u00f4ng tin \u0111\u00e3 t\u1eebng g\u1edfi m\u1eabu ph\u00e2n t\u00edch t\u1ea1i QCVN, ch\u00fang t\u00f4i c\u00f3 ch\u00ednh s\u00e1ch l\u01b0u tr\u1eef v\u00e0 b\u1ea3o m\u1eadt th\u00f4ng tin","robots":{"index":"index","follow":"follow","max-snippet":"max-snippet:-1","max-image-preview":"max-image-preview:large","max-video-preview":"max-video-preview:-1"},"canonical":"https:\/\/qcvn.com.vn\/en\/research-progress\/","og_locale":"en_US","og_type":"article","og_title":"Kh\u00e1ch h\u00e0ng tra c\u1ee9u k\u1ebft qu\u1ea3 quan tr\u1eafc m\u00f4i tr\u01b0\u1eddng\/ ph\u00e2n t\u00edch th\u00ed nghi\u1ec7m","og_description":"K\u1ebft qu\u1ea3 - Qu\u00fd kh\u00e1ch h\u00e0ng c\u00f3 th\u1ec3 ki\u1ec3m tra v\u00e0 down to\u00e0n b\u1ed9 th\u00f4ng tin \u0111\u00e3 t\u1eebng g\u1edfi m\u1eabu ph\u00e2n t\u00edch t\u1ea1i QCVN, ch\u00fang t\u00f4i c\u00f3 ch\u00ednh s\u00e1ch l\u01b0u tr\u1eef v\u00e0 b\u1ea3o m\u1eadt th\u00f4ng tin","og_url":"https:\/\/qcvn.com.vn\/en\/research-progress\/","og_site_name":"C\u00d4NG TY CP K\u1ef8 THU\u1eacT TI\u00caU CHU\u1ea8N QCVN VI\u1ec6T NAM","article_publisher":"https:\/\/www.facebook.com\/kythuatieuchuanQCVN\/?ref=br_rs","article_modified_time":"2019-03-05T08:45:16+00:00","twitter_card":"summary_large_image","schema":{"@context":"https:\/\/schema.org","@graph":[{"@type":"WebPage","@id":"https:\/\/qcvn.com.vn\/en\/research-progress\/","url":"https:\/\/qcvn.com.vn\/en\/research-progress\/","name":"Kh\u00e1ch h\u00e0ng tra c\u1ee9u k\u1ebft qu\u1ea3 quan tr\u1eafc m\u00f4i tr\u01b0\u1eddng\/ ph\u00e2n t\u00edch th\u00ed nghi\u1ec7m","isPartOf":{"@id":"https:\/\/qcvn.com.vn\/en\/#website"},"datePublished":"2018-11-07T05:12:29+00:00","dateModified":"2019-03-05T08:45:16+00:00","description":"K\u1ebft qu\u1ea3 - Qu\u00fd kh\u00e1ch h\u00e0ng c\u00f3 th\u1ec3 ki\u1ec3m tra v\u00e0 down to\u00e0n b\u1ed9 th\u00f4ng tin \u0111\u00e3 t\u1eebng g\u1edfi m\u1eabu ph\u00e2n t\u00edch t\u1ea1i QCVN, ch\u00fang t\u00f4i c\u00f3 ch\u00ednh s\u00e1ch l\u01b0u tr\u1eef v\u00e0 b\u1ea3o m\u1eadt th\u00f4ng tin","breadcrumb":{"@id":"https:\/\/qcvn.com.vn\/en\/research-progress\/#breadcrumb"},"inLanguage":"en-US","potentialAction":[{"@type":"ReadAction","target":["https:\/\/qcvn.com.vn\/en\/research-progress\/"]}]},{"@type":"BreadcrumbList","@id":"https:\/\/qcvn.com.vn\/en\/research-progress\/#breadcrumb","itemListElement":[{"@type":"ListItem","position":1,"name":"Home","item":"https:\/\/qcvn.com.vn\/en\/"},{"@type":"ListItem","position":2,"name":"Service","item":"https:\/\/qcvn.com.vn\/en\/service\/"},{"@type":"ListItem","position":3,"name":"Water analysis","item":"https:\/\/qcvn.com.vn\/en\/water-analysis\/"},{"@type":"ListItem","position":4,"name":"lookup results","item":"https:\/\/qcvn.com.vn\/en\/lookup-results\/"},{"@type":"ListItem","position":5,"name":"RESEARCH PROGRESS"}]},{"@type":"WebSite","@id":"https:\/\/qcvn.com.vn\/en\/#website","url":"https:\/\/qcvn.com.vn\/en\/","name":"C\u00d4NG TY CP K\u1ef8 THU\u1eacT TI\u00caU CHU\u1ea8N QCVN VI\u1ec6T NAM","description":"Ph\u00e2n t\u00edch n\u01b0\u1edbc","publisher":{"@id":"https:\/\/qcvn.com.vn\/en\/#organization"},"potentialAction":[{"@type":"SearchAction","target":{"@type":"EntryPoint","urlTemplate":"https:\/\/qcvn.com.vn\/en\/?s={search_term_string}"},"query-input":{"@type":"PropertyValueSpecification","valueRequired":true,"valueName":"search_term_string"}}],"inLanguage":"en-US"},{"@type":"Organization","@id":"https:\/\/qcvn.com.vn\/en\/#organization","name":"C\u00d4NG TY C\u1ed4 PH\u1ea6N K\u1ef8 THU\u1eacT TI\u00caU CHU\u1ea8N QCVN VI\u1ec6T NAM","url":"https:\/\/qcvn.com.vn\/en\/","logo":{"@type":"ImageObject","inLanguage":"en-US","@id":"https:\/\/qcvn.com.vn\/en\/#\/schema\/logo\/image\/","url":"https:\/\/qcvn.com.vn\/wp-content\/uploads\/2019\/01\/logo-QCVN.jpg","contentUrl":"https:\/\/qcvn.com.vn\/wp-content\/uploads\/2019\/01\/logo-QCVN.jpg","width":1200,"height":476,"caption":"C\u00d4NG TY C\u1ed4 PH\u1ea6N K\u1ef8 THU\u1eacT TI\u00caU CHU\u1ea8N QCVN VI\u1ec6T NAM"},"image":{"@id":"https:\/\/qcvn.com.vn\/en\/#\/schema\/logo\/image\/"},"sameAs":["https:\/\/www.facebook.com\/kythuatieuchuanQCVN\/?ref=br_rs"]}]}},"_links":{"self":[{"href":"https:\/\/qcvn.com.vn\/en\/wp-json\/wp\/v2\/pages\/892","targetHints":{"allow":["GET"]}}],"collection":[{"href":"https:\/\/qcvn.com.vn\/en\/wp-json\/wp\/v2\/pages"}],"about":[{"href":"https:\/\/qcvn.com.vn\/en\/wp-json\/wp\/v2\/types\/page"}],"author":[{"embeddable":true,"href":"https:\/\/qcvn.com.vn\/en\/wp-json\/wp\/v2\/users\/1"}],"replies":[{"embeddable":true,"href":"https:\/\/qcvn.com.vn\/en\/wp-json\/wp\/v2\/comments?post=892"}],"version-history":[{"count":0,"href":"https:\/\/qcvn.com.vn\/en\/wp-json\/wp\/v2\/pages\/892\/revisions"}],"up":[{"embeddable":true,"href":"https:\/\/qcvn.com.vn\/en\/wp-json\/wp\/v2\/pages\/860"}],"wp:attachment":[{"href":"https:\/\/qcvn.com.vn\/en\/wp-json\/wp\/v2\/media?parent=892"}],"curies":[{"name":"wp","href":"https:\/\/api.w.org\/{rel}","templated":true}]}}