{"id":887,"date":"2018-11-08T16:23:26","date_gmt":"2018-11-08T09:23:26","guid":{"rendered":"http:\/\/21314.lamdx.vinawebsite.vn\/?page_id=887"},"modified":"2019-03-04T14:52:04","modified_gmt":"2019-03-04T07:52:04","slug":"feedback","status":"publish","type":"page","link":"https:\/\/qcvn.com.vn\/en\/q-a\/feedback\/","title":{"rendered":"Feedback"},"content":{"rendered":"<div class=\"accordion\">\n\t<div id=\"accordion-1726748057\" class=\"accordion-item\">\n\t\t<a id=\"accordion-1726748057-label\" class=\"accordion-title plain\" href=\"#accordion-item-th\u00cd-nghi\u1ec6m-v\u00c0-th\u1eec-nghi\u1ec6m\" aria-expanded=\"false\" aria-controls=\"accordion-1726748057-content\" >\n\t\t\t<button class=\"toggle\" aria-label=\"Toggle\"><i class=\"icon-angle-down\"><\/i><\/button>\n\t\t\t<span>TH\u00cd NGHI\u1ec6M V\u00c0 TH\u1eec NGHI\u1ec6M<\/span>\n\t\t<\/a>\n\t\t<div id=\"accordion-1726748057-content\" class=\"accordion-inner\" aria-labelledby=\"accordion-1726748057-label\" >\n\t\t\t\n<p><strong>Th\u00ed nghi\u1ec7m<\/strong>, hay\u00a0<strong>th\u1ef1c nghi\u1ec7m<\/strong>, l\u00e0 m\u1ed9t b\u01b0\u1edbc trong ph\u01b0\u01a1ng ph\u00e1p khoa h\u1ecdc d\u00f9ng \u0111\u1ec3 ph\u00e2n minh gi\u1eefa m\u00f4 h\u00ecnh khoa h\u1ecdc hay gi\u1ea3 thuy\u1ebft. M\u1ed9t th\u00ed nghi\u1ec7m th\u01b0\u1eddng c\u00f3 m\u1ee5c \u0111\u00edch ch\u00ednh l\u00e0 ki\u1ec3m tra gi\u1ea3 thuy\u1ebft. Tuy nhi\u00ean, th\u00ed nghi\u1ec7m c\u0169ng \u0111\u01b0\u1ee3c d\u00f9ng \u0111\u1ec3 ki\u1ec3m ch\u1ee9ng c\u00e2u h\u1ecfi ho\u1eb7c ki\u1ec3m tra k\u1ebft qu\u1ea3 tr\u01b0\u1edbc \u0111\u00f3.<\/p>\n<p><em>(Theo\u00a0<\/em><strong><em>Wikipedia Ti\u1ebfng Vi\u1ec7t)<\/em><\/strong><\/p>\n<p><strong>Th\u1eed nghi\u1ec7m<\/strong>\u00a0l\u00e0 thao t\u00e1c k\u1ef9 thu\u1eadt nh\u1eb1m x\u00e1c \u0111\u1ecbnh m\u1ed9t hay nhi\u1ec1u \u0111\u1eb7c t\u00ednh c\u1ee7a \u0111\u00f4\u0301i t\u01b0\u01a1\u0323ng cu\u0323 th\u00ea\u0309 (s\u1ea3n ph\u1ea9m, h\u00e0ng h\u00f3a, thi\u00ea\u0301t bi\u0323&#8230;.) theo m\u1ed9t quy tr\u00ecnh nh\u1ea5t \u0111\u1ecbnh.<\/p>\n<p><em>(Theo<\/em><strong><em>\u00a0Lu\u1eadt Ch\u1ea5t l\u01b0\u1ee3ng S\u1ea3n ph\u1ea9m h\u00e0ng h\u00f3a s\u1ed1\u00a005\/2007\/QH12 ng\u00e0y\u00a021 th\u00e1ng 11 n\u0103m 2007)<\/em><\/strong><\/p>\n<p><strong>Th\u1eed nghi\u1ec7m<\/strong>\u00a0l\u00e0 vi\u1ec7c x\u00e1c \u0111\u1ecbnh m\u1ed9t ho\u1eb7c m\u1ed9t s\u1ed1 \u0111\u1eb7c t\u00ednh k\u1ef9 thu\u1eadt \u0111o l\u01b0\u1eddng c\u1ee7a ph\u01b0\u01a1ng ti\u1ec7n \u0111o, chu\u1ea9n \u0111o l\u01b0\u1eddng.<\/p>\n<p><strong><em>(<\/em><\/strong><em>Theo\u00a0<\/em><strong><em>Lu\u1eadt \u0110o l\u01b0\u1eddng s\u1ed1\u00a004\/2011\/QH13 ng\u00e0y\u00a011 th\u00e1ng 11 n\u0103m 2011)<\/em><\/strong><\/p>\n\t\t<\/div>\n\t<\/div>\n\t\n\t<div id=\"accordion-3056044233\" class=\"accordion-item\">\n\t\t<a id=\"accordion-3056044233-label\" class=\"accordion-title plain\" href=\"#accordion-item-ti\u00cau-chu\u00c2\u0309n\" aria-expanded=\"false\" aria-controls=\"accordion-3056044233-content\" >\n\t\t\t<button class=\"toggle\" aria-label=\"Toggle\"><i class=\"icon-angle-down\"><\/i><\/button>\n\t\t\t<span>TI\u00caU CHU\u00c2\u0309N<\/span>\n\t\t<\/a>\n\t\t<div id=\"accordion-3056044233-content\" class=\"accordion-inner\" aria-labelledby=\"accordion-3056044233-label\" >\n\t\t\t\n<p><strong>Ti\u00eau chu\u1ea9n<\/strong>\u00a0l\u00e0 quy \u0111\u1ecbnh v\u1ec1 \u0111\u1eb7c t\u00ednh k\u1ef9 thu\u1eadt v\u00e0 y\u00eau c\u1ea7u qu\u1ea3n l\u00fd d\u00f9ng l\u00e0m chu\u1ea9n \u0111\u1ec3 ph\u00e2n lo\u1ea1i, \u0111\u00e1nh gi\u00e1 s\u1ea3n ph\u1ea9m, h\u00e0ng ho\u00e1, d\u1ecbch v\u1ee5, qu\u00e1 tr\u00ecnh, m\u00f4i tr\u01b0\u1eddng v\u00e0 c\u00e1c \u0111\u1ed1i t\u01b0\u1ee3ng kh\u00e1c trong ho\u1ea1t \u0111\u1ed9ng kinh t\u1ebf &#8211; x\u00e3 h\u1ed9i nh\u1eb1m n\u00e2ng cao ch\u1ea5t l\u01b0\u1ee3ng v\u00e0 hi\u1ec7u qu\u1ea3 c\u1ee7a c\u00e1c \u0111\u1ed1i t\u01b0\u1ee3ng n\u00e0y.<\/p>\n<p>Ti\u00eau chu\u1ea9n do m\u1ed9t t\u1ed5 ch\u1ee9c c\u00f4ng b\u1ed1 d\u01b0\u1edbi d\u1ea1ng v\u0103n b\u1ea3n \u0111\u1ec3 t\u1ef1 nguy\u1ec7n \u00e1p d\u1ee5ng.\u00a0Vi\u1ec7c x\u00e1c nh\u1eadn \u0111\u1ed1i t\u01b0\u1ee3ng c\u1ee7a ho\u1ea1t \u0111\u1ed9ng trong l\u0129nh v\u1ef1c ti\u00eau chu\u1ea9n ph\u00f9 h\u1ee3p v\u1edbi ti\u00eau chu\u1ea9n t\u01b0\u01a1ng \u1ee9ng g\u1ecdi l\u00e0\u00a0<strong>ch\u1ee9ng nh\u1eadn h\u1ee3p chu\u1ea9n<\/strong><\/p>\n<p><em>(Theo\u00a0<strong>Lu\u1eadt Ti\u00eau chu\u1ea9n v\u00e0 Quy chu\u1ea9n K\u1ef9 thu\u1eadt \u00a0s\u1ed1\u00a0<\/strong><b><strong>68\/2006\/QH11 ng\u00e0y\u00a029 th\u00e1ng\u00a06 n\u0103m\u00a02006<\/strong>)<\/b><\/em><\/p>\n\t\t<\/div>\n\t<\/div>\n\t\n\t<div id=\"accordion-4090029207\" class=\"accordion-item\">\n\t\t<a id=\"accordion-4090029207-label\" class=\"accordion-title plain\" href=\"#accordion-item-quy-chu\u00c2\u0309n\" aria-expanded=\"false\" aria-controls=\"accordion-4090029207-content\" >\n\t\t\t<button class=\"toggle\" aria-label=\"Toggle\"><i class=\"icon-angle-down\"><\/i><\/button>\n\t\t\t<span>QUY CHU\u00c2\u0309N<\/span>\n\t\t<\/a>\n\t\t<div id=\"accordion-4090029207-content\" class=\"accordion-inner\" aria-labelledby=\"accordion-4090029207-label\" >\n\t\t\t\n<p><strong>Quy chu\u1ea9n k\u1ef9 thu\u1eadt<\/strong>\u00a0l\u00e0 quy \u0111\u1ecbnh v\u1ec1 m\u1ee9c gi\u1edbi h\u1ea1n c\u1ee7a \u0111\u1eb7c t\u00ednh k\u1ef9 thu\u1eadt v\u00e0 y\u00eau c\u1ea7u qu\u1ea3n l\u00fd m\u00e0 s\u1ea3n ph\u1ea9m, h\u00e0ng ho\u00e1, d\u1ecbch v\u1ee5, qu\u00e1 tr\u00ecnh, m\u00f4i tr\u01b0\u1eddng v\u00e0 c\u00e1c \u0111\u1ed1i t\u01b0\u1ee3ng kh\u00e1c trong ho\u1ea1t \u0111\u1ed9ng kinh t\u1ebf &#8211; x\u00e3 h\u1ed9i ph\u1ea3i tu\u00e2n th\u1ee7 \u0111\u1ec3 b\u1ea3o \u0111\u1ea3m an to\u00e0n, v\u1ec7 sinh, s\u1ee9c kho\u1ebb con ng\u01b0\u1eddi; b\u1ea3o v\u1ec7 \u0111\u1ed9ng v\u1eadt, th\u1ef1c v\u1eadt, m\u00f4i tr\u01b0\u1eddng; b\u1ea3o v\u1ec7 l\u1ee3i \u00edch v\u00e0 an ninh qu\u1ed1c gia, quy\u1ec1n l\u1ee3i c\u1ee7a ng\u01b0\u1eddi ti\u00eau d\u00f9ng v\u00e0 c\u00e1c y\u00eau c\u1ea7u thi\u1ebft y\u1ebfu kh\u00e1c.<\/p>\n<p>Quy chu\u1ea9n k\u1ef9 thu\u1eadt do c\u01a1 quan nh\u00e0 n\u01b0\u1edbc c\u00f3 th\u1ea9m quy\u1ec1n ban h\u00e0nh d\u01b0\u1edbi d\u1ea1ng v\u0103n b\u1ea3n \u0111\u1ec3 b\u1eaft bu\u1ed9c \u00e1p d\u1ee5ng. Vi\u1ec7c x\u00e1c nh\u1eadn \u0111\u1ed1i t\u01b0\u1ee3ng c\u1ee7a ho\u1ea1t \u0111\u1ed9ng trong l\u0129nh v\u1ef1c quy chu\u1ea9n k\u1ef9 thu\u1eadt ph\u00f9 h\u1ee3p v\u1edbi quy chu\u1ea9n k\u1ef9 thu\u1eadt t\u01b0\u01a1ng \u1ee9ng g\u1ecdi l\u00e0\u00a0<strong>ch\u1ee9ng nh\u1eadn h\u1ee3p quy.<\/strong><\/p>\n<p><em>(Theo\u00a0<strong>Lu\u1eadt Ti\u00eau chu\u1ea9n v\u00e0 Quy chu\u1ea9n K\u1ef9 thu\u1eadt \u00a0s\u1ed1\u00a0<\/strong><b><strong>68\/2006\/QH11 ng\u00e0y\u00a029 th\u00e1ng\u00a06 n\u0103m\u00a02006<\/strong>)<\/b><\/em><\/p>\n\t\t<\/div>\n\t<\/div>\n\t\n\t<div id=\"accordion-2453080926\" class=\"accordion-item\">\n\t\t<a id=\"accordion-2453080926-label\" class=\"accordion-title plain\" href=\"#accordion-item-\u0110a\u0301nh-gia\u0301-s\u01af\u0323-phu\u0300-h\u01a0\u0323p\" aria-expanded=\"false\" aria-controls=\"accordion-2453080926-content\" >\n\t\t\t<button class=\"toggle\" aria-label=\"Toggle\"><i class=\"icon-angle-down\"><\/i><\/button>\n\t\t\t<span>\u0110A\u0301NH GIA\u0301 S\u01af\u0323 PHU\u0300 H\u01a0\u0323P<\/span>\n\t\t<\/a>\n\t\t<div id=\"accordion-2453080926-content\" class=\"accordion-inner\" aria-labelledby=\"accordion-2453080926-label\" >\n\t\t\t\n<p><strong>\u0110\u00e1nh gi\u00e1 s\u1ef1 ph\u00f9 h\u1ee3p<\/strong>\u00a0l\u00e0 vi\u1ec7c x\u00e1c \u0111\u1ecbnh \u0111\u1ed1i t\u01b0\u1ee3ng c\u1ee7a ho\u1ea1t \u0111\u1ed9ng trong l\u0129nh v\u1ef1c ti\u00eau chu\u1ea9n v\u00e0 \u0111\u1ed1i t\u01b0\u1ee3ng c\u1ee7a ho\u1ea1t \u0111\u1ed9ng trong l\u0129nh v\u1ef1c quy chu\u1ea9n k\u1ef9 thu\u1eadt ph\u00f9 h\u1ee3p v\u1edbi \u0111\u1eb7c t\u00ednh k\u1ef9 thu\u1eadt v\u00e0 y\u00eau c\u1ea7u qu\u1ea3n l\u00fd quy \u0111\u1ecbnh trong ti\u00eau chu\u1ea9n t\u01b0\u01a1ng \u1ee9ng v\u00e0 quy chu\u1ea9n k\u1ef9 thu\u1eadt t\u01b0\u01a1ng \u1ee9ng.<\/p>\n<p>\u0110\u00e1nh gi\u00e1 s\u1ef1 ph\u00f9 h\u1ee3p bao g\u1ed3m ho\u1ea1t \u0111\u1ed9ng th\u1eed nghi\u1ec7m, hi\u1ec7u chu\u1ea9n, gi\u00e1m \u0111\u1ecbnh, ch\u1ee9ng nh\u1eadn h\u1ee3p chu\u1ea9n, ch\u1ee9ng nh\u1eadn h\u1ee3p quy, c\u00f4ng b\u1ed1 h\u1ee3p chu\u1ea9n, c\u00f4ng b\u1ed1 h\u1ee3p quy, c\u00f4ng nh\u1eadn n\u0103ng l\u1ef1c c\u1ee7a ph\u00f2ng th\u1eed nghi\u1ec7m, ph\u00f2ng hi\u1ec7u chu\u1ea9n, t\u1ed5 ch\u1ee9c ch\u1ee9ng nh\u1eadn s\u1ef1 ph\u00f9 h\u1ee3p, t\u1ed5 ch\u1ee9c gi\u00e1m \u0111\u1ecbnh.<\/p>\n<p><em>(Theo\u00a0<strong>Lu\u1eadt Ti\u00eau chu\u1ea9n v\u00e0 Quy chu\u1ea9n K\u1ef9 thu\u1eadt \u00a0s\u1ed1\u00a0<\/strong><b><strong>68\/2006\/QH11 ng\u00e0y\u00a029 th\u00e1ng\u00a06 n\u0103m\u00a02006<\/strong>)<\/b><\/em><\/p>\n\t\t<\/div>\n\t<\/div>\n\t\n\t<div id=\"accordion-373932590\" class=\"accordion-item\">\n\t\t<a id=\"accordion-373932590-label\" class=\"accordion-title plain\" href=\"#accordion-item-hi\u1ec6u-chu\u1ea8n\" aria-expanded=\"false\" aria-controls=\"accordion-373932590-content\" >\n\t\t\t<button class=\"toggle\" aria-label=\"Toggle\"><i class=\"icon-angle-down\"><\/i><\/button>\n\t\t\t<span>HI\u1ec6U CHU\u1ea8N<\/span>\n\t\t<\/a>\n\t\t<div id=\"accordion-373932590-content\" class=\"accordion-inner\" aria-labelledby=\"accordion-373932590-label\" >\n\t\t\t\n<p><strong>Hi\u1ec7u chu\u1ea9n<\/strong>\u00a0l\u00e0 ho\u1ea1t \u0111\u1ed9ng x\u00e1c \u0111\u1ecbnh, thi\u1ebft l\u1eadp m\u1ed1i quan h\u1ec7 gi\u1eefa gi\u00e1 tr\u1ecb \u0111o c\u1ee7a chu\u1ea9n \u0111o l\u01b0\u1eddng, ph\u01b0\u01a1ng ti\u1ec7n \u0111o v\u1edbi gi\u00e1 tr\u1ecb \u0111o c\u1ee7a \u0111\u1ea1i l\u01b0\u1ee3ng c\u1ea7n \u0111o.Trong \u0111o\u0301:<\/p>\n<p><strong>Chu\u00e2\u0309n \u0111o l\u01b0\u01a1\u0300ng<\/strong>\u00a0l\u00e0 ph\u01b0\u01a1ng ti\u1ec7n k\u1ef9 thu\u1eadt \u0111\u1ec3 th\u1ec3 hi\u1ec7n, duy tr\u00ec \u0111\u01a1n vi\u0323 \u0111o c\u1ee7a \u0111\u1ea1i l\u01b0\u1ee3ng \u0111o v\u00e0 \u0111\u01b0\u1ee3c d\u00f9ng l\u00e0m chu\u1ea9n \u0111\u1ec3 so s\u00e1nh v\u1edbi ph\u01b0\u01a1ng ti\u1ec7n \u0111o ho\u1eb7c chu\u1ea9n \u0111o l\u01b0\u1eddng kh\u00e1c.<\/p>\n<p><strong>Ph\u01b0\u01a1ng ti\u1ec7n \u0111o<\/strong>\u00a0l\u00e0 ph\u01b0\u01a1ng ti\u1ec7n k\u1ef9 thu\u1eadt \u0111\u1ec3 th\u1ef1c hi\u1ec7n ph\u00e9p \u0111o.<\/p>\n<p><strong>Ph\u00e9p \u0111o<\/strong>\u00a0l\u00e0 t\u1eadp h\u1ee3p nh\u1eefng thao t\u00e1c \u0111\u1ec3 x\u00e1c \u0111\u1ecbnh gi\u00e1 tr\u1ecb \u0111o c\u1ee7a \u0111\u1ea1i l\u01b0\u1ee3ng c\u1ea7n \u0111o.<\/p>\n<p><strong><em>(<\/em><\/strong><em>Theo\u00a0<\/em><strong><em>Lu\u1eadt \u0110o l\u01b0\u1eddng s\u1ed1\u00a004\/2011\/QH13 ng\u00e0y\u00a011 th\u00e1ng 11 n\u0103m 2011)<\/em><\/strong><\/p>\n\t\t<\/div>\n\t<\/div>\n\t\n<\/div>\n","protected":false},"excerpt":{"rendered":"","protected":false},"author":1,"featured_media":0,"parent":885,"menu_order":0,"comment_status":"closed","ping_status":"closed","template":"page-hoidap.php","meta":{"_acf_changed":false,"footnotes":""},"class_list":["post-887","page","type-page","status-publish","hentry"],"acf":[],"yoast_head":"<!-- This site is optimized with the Yoast SEO plugin v25.8 - https:\/\/yoast.com\/wordpress\/plugins\/seo\/ -->\n<title>Quan tr\u1eafc m\u00f4i tr\u01b0\u1eddng - C\u00f4ng ty CP K\u1ef9 Thu\u1eadt Ti\u00eau Chu\u1ea9n QCVN Vi\u1ec7t Nam<\/title>\n<meta name=\"description\" content=\"Quan tr\u1eafc m\u00f4i tr\u01b0\u1eddng l\u00e0 m\u1ed9t trong nh\u1eefng l\u0129nh v\u1ef1c th\u1ebf m\u1ea1nh c\u1ee7a QCVN th\u1ef1c hi\u1ec7n, n\u0103ng l\u1ef1c \u0111\u01b0\u1ee3c c\u1ea5p ph\u00e9p c\u1ee7a B\u1ed9 T\u00e0i Nguy\u00ean v\u00e0 m\u00f4i tr\u01b0\u1eddng theo Vimcerts 197\" \/>\n<meta name=\"robots\" content=\"index, follow, max-snippet:-1, max-image-preview:large, max-video-preview:-1\" \/>\n<link rel=\"canonical\" href=\"https:\/\/qcvn.com.vn\/en\/q-a\/feedback\/\" \/>\n<meta property=\"og:locale\" content=\"en_US\" \/>\n<meta property=\"og:type\" content=\"article\" \/>\n<meta property=\"og:title\" content=\"Quan tr\u1eafc m\u00f4i tr\u01b0\u1eddng - C\u00f4ng ty CP K\u1ef9 Thu\u1eadt Ti\u00eau Chu\u1ea9n QCVN Vi\u1ec7t Nam\" \/>\n<meta property=\"og:description\" content=\"Quan tr\u1eafc m\u00f4i tr\u01b0\u1eddng l\u00e0 m\u1ed9t trong nh\u1eefng l\u0129nh v\u1ef1c th\u1ebf m\u1ea1nh c\u1ee7a QCVN th\u1ef1c hi\u1ec7n, n\u0103ng l\u1ef1c \u0111\u01b0\u1ee3c c\u1ea5p ph\u00e9p c\u1ee7a B\u1ed9 T\u00e0i Nguy\u00ean v\u00e0 m\u00f4i tr\u01b0\u1eddng theo Vimcerts 197\" \/>\n<meta property=\"og:url\" content=\"https:\/\/qcvn.com.vn\/en\/q-a\/feedback\/\" \/>\n<meta property=\"og:site_name\" content=\"C\u00d4NG TY CP K\u1ef8 THU\u1eacT TI\u00caU CHU\u1ea8N QCVN VI\u1ec6T NAM\" \/>\n<meta property=\"article:publisher\" content=\"https:\/\/www.facebook.com\/kythuatieuchuanQCVN\/?ref=br_rs\" \/>\n<meta property=\"article:modified_time\" content=\"2019-03-04T07:52:04+00:00\" \/>\n<meta name=\"twitter:card\" content=\"summary_large_image\" \/>\n<meta name=\"twitter:label1\" content=\"Est. reading time\" \/>\n\t<meta name=\"twitter:data1\" content=\"5 minutes\" \/>\n<script type=\"application\/ld+json\" class=\"yoast-schema-graph\">{\"@context\":\"https:\/\/schema.org\",\"@graph\":[{\"@type\":\"WebPage\",\"@id\":\"https:\/\/qcvn.com.vn\/en\/q-a\/feedback\/\",\"url\":\"https:\/\/qcvn.com.vn\/en\/q-a\/feedback\/\",\"name\":\"Quan tr\u1eafc m\u00f4i tr\u01b0\u1eddng - C\u00f4ng ty CP K\u1ef9 Thu\u1eadt Ti\u00eau Chu\u1ea9n QCVN Vi\u1ec7t Nam\",\"isPartOf\":{\"@id\":\"https:\/\/qcvn.com.vn\/en\/#website\"},\"datePublished\":\"2018-11-08T09:23:26+00:00\",\"dateModified\":\"2019-03-04T07:52:04+00:00\",\"description\":\"Quan tr\u1eafc m\u00f4i tr\u01b0\u1eddng l\u00e0 m\u1ed9t trong nh\u1eefng l\u0129nh v\u1ef1c th\u1ebf m\u1ea1nh c\u1ee7a QCVN th\u1ef1c hi\u1ec7n, n\u0103ng l\u1ef1c \u0111\u01b0\u1ee3c c\u1ea5p ph\u00e9p c\u1ee7a B\u1ed9 T\u00e0i Nguy\u00ean v\u00e0 m\u00f4i tr\u01b0\u1eddng theo Vimcerts 197\",\"breadcrumb\":{\"@id\":\"https:\/\/qcvn.com.vn\/en\/q-a\/feedback\/#breadcrumb\"},\"inLanguage\":\"en-US\",\"potentialAction\":[{\"@type\":\"ReadAction\",\"target\":[\"https:\/\/qcvn.com.vn\/en\/q-a\/feedback\/\"]}]},{\"@type\":\"BreadcrumbList\",\"@id\":\"https:\/\/qcvn.com.vn\/en\/q-a\/feedback\/#breadcrumb\",\"itemListElement\":[{\"@type\":\"ListItem\",\"position\":1,\"name\":\"Home\",\"item\":\"https:\/\/qcvn.com.vn\/en\/\"},{\"@type\":\"ListItem\",\"position\":2,\"name\":\"Q &#038; A\",\"item\":\"https:\/\/qcvn.com.vn\/en\/q-a\/\"},{\"@type\":\"ListItem\",\"position\":3,\"name\":\"Feedback\"}]},{\"@type\":\"WebSite\",\"@id\":\"https:\/\/qcvn.com.vn\/en\/#website\",\"url\":\"https:\/\/qcvn.com.vn\/en\/\",\"name\":\"C\u00d4NG TY CP K\u1ef8 THU\u1eacT TI\u00caU CHU\u1ea8N QCVN VI\u1ec6T NAM\",\"description\":\"Ph\u00e2n t\u00edch n\u01b0\u1edbc\",\"publisher\":{\"@id\":\"https:\/\/qcvn.com.vn\/en\/#organization\"},\"potentialAction\":[{\"@type\":\"SearchAction\",\"target\":{\"@type\":\"EntryPoint\",\"urlTemplate\":\"https:\/\/qcvn.com.vn\/en\/?s={search_term_string}\"},\"query-input\":{\"@type\":\"PropertyValueSpecification\",\"valueRequired\":true,\"valueName\":\"search_term_string\"}}],\"inLanguage\":\"en-US\"},{\"@type\":\"Organization\",\"@id\":\"https:\/\/qcvn.com.vn\/en\/#organization\",\"name\":\"C\u00d4NG TY C\u1ed4 PH\u1ea6N K\u1ef8 THU\u1eacT TI\u00caU CHU\u1ea8N QCVN VI\u1ec6T NAM\",\"url\":\"https:\/\/qcvn.com.vn\/en\/\",\"logo\":{\"@type\":\"ImageObject\",\"inLanguage\":\"en-US\",\"@id\":\"https:\/\/qcvn.com.vn\/en\/#\/schema\/logo\/image\/\",\"url\":\"https:\/\/qcvn.com.vn\/wp-content\/uploads\/2019\/01\/logo-QCVN.jpg\",\"contentUrl\":\"https:\/\/qcvn.com.vn\/wp-content\/uploads\/2019\/01\/logo-QCVN.jpg\",\"width\":1200,\"height\":476,\"caption\":\"C\u00d4NG TY C\u1ed4 PH\u1ea6N K\u1ef8 THU\u1eacT TI\u00caU CHU\u1ea8N QCVN VI\u1ec6T NAM\"},\"image\":{\"@id\":\"https:\/\/qcvn.com.vn\/en\/#\/schema\/logo\/image\/\"},\"sameAs\":[\"https:\/\/www.facebook.com\/kythuatieuchuanQCVN\/?ref=br_rs\"]}]}<\/script>\n<!-- \/ Yoast SEO plugin. -->","yoast_head_json":{"title":"Quan tr\u1eafc m\u00f4i tr\u01b0\u1eddng - C\u00f4ng ty CP K\u1ef9 Thu\u1eadt Ti\u00eau Chu\u1ea9n QCVN Vi\u1ec7t Nam","description":"Quan tr\u1eafc m\u00f4i tr\u01b0\u1eddng l\u00e0 m\u1ed9t trong nh\u1eefng l\u0129nh v\u1ef1c th\u1ebf m\u1ea1nh c\u1ee7a QCVN th\u1ef1c hi\u1ec7n, n\u0103ng l\u1ef1c \u0111\u01b0\u1ee3c c\u1ea5p ph\u00e9p c\u1ee7a B\u1ed9 T\u00e0i Nguy\u00ean v\u00e0 m\u00f4i tr\u01b0\u1eddng theo Vimcerts 197","robots":{"index":"index","follow":"follow","max-snippet":"max-snippet:-1","max-image-preview":"max-image-preview:large","max-video-preview":"max-video-preview:-1"},"canonical":"https:\/\/qcvn.com.vn\/en\/q-a\/feedback\/","og_locale":"en_US","og_type":"article","og_title":"Quan tr\u1eafc m\u00f4i tr\u01b0\u1eddng - C\u00f4ng ty CP K\u1ef9 Thu\u1eadt Ti\u00eau Chu\u1ea9n QCVN Vi\u1ec7t Nam","og_description":"Quan tr\u1eafc m\u00f4i tr\u01b0\u1eddng l\u00e0 m\u1ed9t trong nh\u1eefng l\u0129nh v\u1ef1c th\u1ebf m\u1ea1nh c\u1ee7a QCVN th\u1ef1c hi\u1ec7n, n\u0103ng l\u1ef1c \u0111\u01b0\u1ee3c c\u1ea5p ph\u00e9p c\u1ee7a B\u1ed9 T\u00e0i Nguy\u00ean v\u00e0 m\u00f4i tr\u01b0\u1eddng theo Vimcerts 197","og_url":"https:\/\/qcvn.com.vn\/en\/q-a\/feedback\/","og_site_name":"C\u00d4NG TY CP K\u1ef8 THU\u1eacT TI\u00caU CHU\u1ea8N QCVN VI\u1ec6T NAM","article_publisher":"https:\/\/www.facebook.com\/kythuatieuchuanQCVN\/?ref=br_rs","article_modified_time":"2019-03-04T07:52:04+00:00","twitter_card":"summary_large_image","twitter_misc":{"Est. reading time":"5 minutes"},"schema":{"@context":"https:\/\/schema.org","@graph":[{"@type":"WebPage","@id":"https:\/\/qcvn.com.vn\/en\/q-a\/feedback\/","url":"https:\/\/qcvn.com.vn\/en\/q-a\/feedback\/","name":"Quan tr\u1eafc m\u00f4i tr\u01b0\u1eddng - C\u00f4ng ty CP K\u1ef9 Thu\u1eadt Ti\u00eau Chu\u1ea9n QCVN Vi\u1ec7t Nam","isPartOf":{"@id":"https:\/\/qcvn.com.vn\/en\/#website"},"datePublished":"2018-11-08T09:23:26+00:00","dateModified":"2019-03-04T07:52:04+00:00","description":"Quan tr\u1eafc m\u00f4i tr\u01b0\u1eddng l\u00e0 m\u1ed9t trong nh\u1eefng l\u0129nh v\u1ef1c th\u1ebf m\u1ea1nh c\u1ee7a QCVN th\u1ef1c hi\u1ec7n, n\u0103ng l\u1ef1c \u0111\u01b0\u1ee3c c\u1ea5p ph\u00e9p c\u1ee7a B\u1ed9 T\u00e0i Nguy\u00ean v\u00e0 m\u00f4i tr\u01b0\u1eddng theo Vimcerts 197","breadcrumb":{"@id":"https:\/\/qcvn.com.vn\/en\/q-a\/feedback\/#breadcrumb"},"inLanguage":"en-US","potentialAction":[{"@type":"ReadAction","target":["https:\/\/qcvn.com.vn\/en\/q-a\/feedback\/"]}]},{"@type":"BreadcrumbList","@id":"https:\/\/qcvn.com.vn\/en\/q-a\/feedback\/#breadcrumb","itemListElement":[{"@type":"ListItem","position":1,"name":"Home","item":"https:\/\/qcvn.com.vn\/en\/"},{"@type":"ListItem","position":2,"name":"Q &#038; A","item":"https:\/\/qcvn.com.vn\/en\/q-a\/"},{"@type":"ListItem","position":3,"name":"Feedback"}]},{"@type":"WebSite","@id":"https:\/\/qcvn.com.vn\/en\/#website","url":"https:\/\/qcvn.com.vn\/en\/","name":"C\u00d4NG TY CP K\u1ef8 THU\u1eacT TI\u00caU CHU\u1ea8N QCVN VI\u1ec6T NAM","description":"Ph\u00e2n t\u00edch n\u01b0\u1edbc","publisher":{"@id":"https:\/\/qcvn.com.vn\/en\/#organization"},"potentialAction":[{"@type":"SearchAction","target":{"@type":"EntryPoint","urlTemplate":"https:\/\/qcvn.com.vn\/en\/?s={search_term_string}"},"query-input":{"@type":"PropertyValueSpecification","valueRequired":true,"valueName":"search_term_string"}}],"inLanguage":"en-US"},{"@type":"Organization","@id":"https:\/\/qcvn.com.vn\/en\/#organization","name":"C\u00d4NG TY C\u1ed4 PH\u1ea6N K\u1ef8 THU\u1eacT TI\u00caU CHU\u1ea8N QCVN VI\u1ec6T NAM","url":"https:\/\/qcvn.com.vn\/en\/","logo":{"@type":"ImageObject","inLanguage":"en-US","@id":"https:\/\/qcvn.com.vn\/en\/#\/schema\/logo\/image\/","url":"https:\/\/qcvn.com.vn\/wp-content\/uploads\/2019\/01\/logo-QCVN.jpg","contentUrl":"https:\/\/qcvn.com.vn\/wp-content\/uploads\/2019\/01\/logo-QCVN.jpg","width":1200,"height":476,"caption":"C\u00d4NG TY C\u1ed4 PH\u1ea6N K\u1ef8 THU\u1eacT TI\u00caU CHU\u1ea8N QCVN VI\u1ec6T NAM"},"image":{"@id":"https:\/\/qcvn.com.vn\/en\/#\/schema\/logo\/image\/"},"sameAs":["https:\/\/www.facebook.com\/kythuatieuchuanQCVN\/?ref=br_rs"]}]}},"_links":{"self":[{"href":"https:\/\/qcvn.com.vn\/en\/wp-json\/wp\/v2\/pages\/887","targetHints":{"allow":["GET"]}}],"collection":[{"href":"https:\/\/qcvn.com.vn\/en\/wp-json\/wp\/v2\/pages"}],"about":[{"href":"https:\/\/qcvn.com.vn\/en\/wp-json\/wp\/v2\/types\/page"}],"author":[{"embeddable":true,"href":"https:\/\/qcvn.com.vn\/en\/wp-json\/wp\/v2\/users\/1"}],"replies":[{"embeddable":true,"href":"https:\/\/qcvn.com.vn\/en\/wp-json\/wp\/v2\/comments?post=887"}],"version-history":[{"count":0,"href":"https:\/\/qcvn.com.vn\/en\/wp-json\/wp\/v2\/pages\/887\/revisions"}],"up":[{"embeddable":true,"href":"https:\/\/qcvn.com.vn\/en\/wp-json\/wp\/v2\/pages\/885"}],"wp:attachment":[{"href":"https:\/\/qcvn.com.vn\/en\/wp-json\/wp\/v2\/media?parent=887"}],"curies":[{"name":"wp","href":"https:\/\/api.w.org\/{rel}","templated":true}]}}