{"id":885,"date":"2018-11-08T16:23:02","date_gmt":"2018-11-08T09:23:02","guid":{"rendered":"http:\/\/21314.lamdx.vinawebsite.vn\/?page_id=885"},"modified":"2019-03-04T14:52:03","modified_gmt":"2019-03-04T07:52:03","slug":"q-a","status":"publish","type":"page","link":"https:\/\/qcvn.com.vn\/en\/q-a\/","title":{"rendered":"Q &#038; A"},"content":{"rendered":"","protected":false},"excerpt":{"rendered":"","protected":false},"author":1,"featured_media":0,"parent":0,"menu_order":0,"comment_status":"closed","ping_status":"closed","template":"page-hoidap.php","meta":{"_acf_changed":false,"footnotes":""},"class_list":["post-885","page","type-page","status-publish","hentry"],"acf":[],"yoast_head":"<!-- This site is optimized with the Yoast SEO plugin v25.8 - https:\/\/yoast.com\/wordpress\/plugins\/seo\/ -->\n<title>Quan tr\u1eafc m\u00f4i tr\u01b0\u1eddng - C\u00f4ng ty CP K\u1ef9 Thu\u1eadt Ti\u00eau Chu\u1ea9n QCVN Vi\u1ec7t Nam<\/title>\n<meta name=\"description\" content=\"Quan tr\u1eafc m\u00f4i tr\u01b0\u1eddng l\u00e0 m\u1ed9t trong nh\u1eefng l\u0129nh v\u1ef1c th\u1ebf m\u1ea1nh c\u1ee7a QCVN th\u1ef1c hi\u1ec7n, n\u0103ng l\u1ef1c \u0111\u01b0\u1ee3c c\u1ea5p ph\u00e9p c\u1ee7a B\u1ed9 T\u00e0i Nguy\u00ean v\u00e0 m\u00f4i tr\u01b0\u1eddng theo Vimcerts 197\" \/>\n<meta name=\"robots\" content=\"index, follow, max-snippet:-1, max-image-preview:large, max-video-preview:-1\" \/>\n<link rel=\"canonical\" href=\"https:\/\/qcvn.com.vn\/en\/q-a\/\" \/>\n<meta property=\"og:locale\" content=\"en_US\" \/>\n<meta property=\"og:type\" content=\"article\" \/>\n<meta property=\"og:title\" content=\"Quan tr\u1eafc m\u00f4i tr\u01b0\u1eddng - C\u00f4ng ty CP K\u1ef9 Thu\u1eadt Ti\u00eau Chu\u1ea9n QCVN Vi\u1ec7t Nam\" \/>\n<meta property=\"og:description\" content=\"Quan tr\u1eafc m\u00f4i tr\u01b0\u1eddng l\u00e0 m\u1ed9t trong nh\u1eefng l\u0129nh v\u1ef1c th\u1ebf m\u1ea1nh c\u1ee7a QCVN th\u1ef1c hi\u1ec7n, n\u0103ng l\u1ef1c \u0111\u01b0\u1ee3c c\u1ea5p ph\u00e9p c\u1ee7a B\u1ed9 T\u00e0i Nguy\u00ean v\u00e0 m\u00f4i tr\u01b0\u1eddng theo Vimcerts 197\" \/>\n<meta property=\"og:url\" content=\"https:\/\/qcvn.com.vn\/en\/q-a\/\" \/>\n<meta property=\"og:site_name\" content=\"C\u00d4NG TY CP K\u1ef8 THU\u1eacT TI\u00caU CHU\u1ea8N QCVN VI\u1ec6T NAM\" \/>\n<meta property=\"article:publisher\" content=\"https:\/\/www.facebook.com\/kythuatieuchuanQCVN\/?ref=br_rs\" \/>\n<meta property=\"article:modified_time\" content=\"2019-03-04T07:52:03+00:00\" \/>\n<meta name=\"twitter:card\" content=\"summary_large_image\" \/>\n<script type=\"application\/ld+json\" class=\"yoast-schema-graph\">{\"@context\":\"https:\/\/schema.org\",\"@graph\":[{\"@type\":\"WebPage\",\"@id\":\"https:\/\/qcvn.com.vn\/en\/q-a\/\",\"url\":\"https:\/\/qcvn.com.vn\/en\/q-a\/\",\"name\":\"Quan tr\u1eafc m\u00f4i tr\u01b0\u1eddng - C\u00f4ng ty CP K\u1ef9 Thu\u1eadt Ti\u00eau Chu\u1ea9n QCVN Vi\u1ec7t Nam\",\"isPartOf\":{\"@id\":\"https:\/\/qcvn.com.vn\/en\/#website\"},\"datePublished\":\"2018-11-08T09:23:02+00:00\",\"dateModified\":\"2019-03-04T07:52:03+00:00\",\"description\":\"Quan tr\u1eafc m\u00f4i tr\u01b0\u1eddng l\u00e0 m\u1ed9t trong nh\u1eefng l\u0129nh v\u1ef1c th\u1ebf m\u1ea1nh c\u1ee7a QCVN th\u1ef1c hi\u1ec7n, n\u0103ng l\u1ef1c \u0111\u01b0\u1ee3c c\u1ea5p ph\u00e9p c\u1ee7a B\u1ed9 T\u00e0i Nguy\u00ean v\u00e0 m\u00f4i tr\u01b0\u1eddng theo Vimcerts 197\",\"breadcrumb\":{\"@id\":\"https:\/\/qcvn.com.vn\/en\/q-a\/#breadcrumb\"},\"inLanguage\":\"en-US\",\"potentialAction\":[{\"@type\":\"ReadAction\",\"target\":[\"https:\/\/qcvn.com.vn\/en\/q-a\/\"]}]},{\"@type\":\"BreadcrumbList\",\"@id\":\"https:\/\/qcvn.com.vn\/en\/q-a\/#breadcrumb\",\"itemListElement\":[{\"@type\":\"ListItem\",\"position\":1,\"name\":\"Home\",\"item\":\"https:\/\/qcvn.com.vn\/en\/\"},{\"@type\":\"ListItem\",\"position\":2,\"name\":\"Q &#038; A\"}]},{\"@type\":\"WebSite\",\"@id\":\"https:\/\/qcvn.com.vn\/en\/#website\",\"url\":\"https:\/\/qcvn.com.vn\/en\/\",\"name\":\"C\u00d4NG TY CP K\u1ef8 THU\u1eacT TI\u00caU CHU\u1ea8N QCVN VI\u1ec6T NAM\",\"description\":\"Ph\u00e2n t\u00edch n\u01b0\u1edbc\",\"publisher\":{\"@id\":\"https:\/\/qcvn.com.vn\/en\/#organization\"},\"potentialAction\":[{\"@type\":\"SearchAction\",\"target\":{\"@type\":\"EntryPoint\",\"urlTemplate\":\"https:\/\/qcvn.com.vn\/en\/?s={search_term_string}\"},\"query-input\":{\"@type\":\"PropertyValueSpecification\",\"valueRequired\":true,\"valueName\":\"search_term_string\"}}],\"inLanguage\":\"en-US\"},{\"@type\":\"Organization\",\"@id\":\"https:\/\/qcvn.com.vn\/en\/#organization\",\"name\":\"C\u00d4NG TY C\u1ed4 PH\u1ea6N K\u1ef8 THU\u1eacT TI\u00caU CHU\u1ea8N QCVN VI\u1ec6T NAM\",\"url\":\"https:\/\/qcvn.com.vn\/en\/\",\"logo\":{\"@type\":\"ImageObject\",\"inLanguage\":\"en-US\",\"@id\":\"https:\/\/qcvn.com.vn\/en\/#\/schema\/logo\/image\/\",\"url\":\"https:\/\/qcvn.com.vn\/wp-content\/uploads\/2019\/01\/logo-QCVN.jpg\",\"contentUrl\":\"https:\/\/qcvn.com.vn\/wp-content\/uploads\/2019\/01\/logo-QCVN.jpg\",\"width\":1200,\"height\":476,\"caption\":\"C\u00d4NG TY C\u1ed4 PH\u1ea6N K\u1ef8 THU\u1eacT TI\u00caU CHU\u1ea8N QCVN VI\u1ec6T NAM\"},\"image\":{\"@id\":\"https:\/\/qcvn.com.vn\/en\/#\/schema\/logo\/image\/\"},\"sameAs\":[\"https:\/\/www.facebook.com\/kythuatieuchuanQCVN\/?ref=br_rs\"]}]}<\/script>\n<!-- \/ Yoast SEO plugin. -->","yoast_head_json":{"title":"Quan tr\u1eafc m\u00f4i tr\u01b0\u1eddng - C\u00f4ng ty CP K\u1ef9 Thu\u1eadt Ti\u00eau Chu\u1ea9n QCVN Vi\u1ec7t Nam","description":"Quan tr\u1eafc m\u00f4i tr\u01b0\u1eddng l\u00e0 m\u1ed9t trong nh\u1eefng l\u0129nh v\u1ef1c th\u1ebf m\u1ea1nh c\u1ee7a QCVN th\u1ef1c hi\u1ec7n, n\u0103ng l\u1ef1c \u0111\u01b0\u1ee3c c\u1ea5p ph\u00e9p c\u1ee7a B\u1ed9 T\u00e0i Nguy\u00ean v\u00e0 m\u00f4i tr\u01b0\u1eddng theo Vimcerts 197","robots":{"index":"index","follow":"follow","max-snippet":"max-snippet:-1","max-image-preview":"max-image-preview:large","max-video-preview":"max-video-preview:-1"},"canonical":"https:\/\/qcvn.com.vn\/en\/q-a\/","og_locale":"en_US","og_type":"article","og_title":"Quan tr\u1eafc m\u00f4i tr\u01b0\u1eddng - C\u00f4ng ty CP K\u1ef9 Thu\u1eadt Ti\u00eau Chu\u1ea9n QCVN Vi\u1ec7t Nam","og_description":"Quan tr\u1eafc m\u00f4i tr\u01b0\u1eddng l\u00e0 m\u1ed9t trong nh\u1eefng l\u0129nh v\u1ef1c th\u1ebf m\u1ea1nh c\u1ee7a QCVN th\u1ef1c hi\u1ec7n, n\u0103ng l\u1ef1c \u0111\u01b0\u1ee3c c\u1ea5p ph\u00e9p c\u1ee7a B\u1ed9 T\u00e0i Nguy\u00ean v\u00e0 m\u00f4i tr\u01b0\u1eddng theo Vimcerts 197","og_url":"https:\/\/qcvn.com.vn\/en\/q-a\/","og_site_name":"C\u00d4NG TY CP K\u1ef8 THU\u1eacT TI\u00caU CHU\u1ea8N QCVN VI\u1ec6T NAM","article_publisher":"https:\/\/www.facebook.com\/kythuatieuchuanQCVN\/?ref=br_rs","article_modified_time":"2019-03-04T07:52:03+00:00","twitter_card":"summary_large_image","schema":{"@context":"https:\/\/schema.org","@graph":[{"@type":"WebPage","@id":"https:\/\/qcvn.com.vn\/en\/q-a\/","url":"https:\/\/qcvn.com.vn\/en\/q-a\/","name":"Quan tr\u1eafc m\u00f4i tr\u01b0\u1eddng - C\u00f4ng ty CP K\u1ef9 Thu\u1eadt Ti\u00eau Chu\u1ea9n QCVN Vi\u1ec7t Nam","isPartOf":{"@id":"https:\/\/qcvn.com.vn\/en\/#website"},"datePublished":"2018-11-08T09:23:02+00:00","dateModified":"2019-03-04T07:52:03+00:00","description":"Quan tr\u1eafc m\u00f4i tr\u01b0\u1eddng l\u00e0 m\u1ed9t trong nh\u1eefng l\u0129nh v\u1ef1c th\u1ebf m\u1ea1nh c\u1ee7a QCVN th\u1ef1c hi\u1ec7n, n\u0103ng l\u1ef1c \u0111\u01b0\u1ee3c c\u1ea5p ph\u00e9p c\u1ee7a B\u1ed9 T\u00e0i Nguy\u00ean v\u00e0 m\u00f4i tr\u01b0\u1eddng theo Vimcerts 197","breadcrumb":{"@id":"https:\/\/qcvn.com.vn\/en\/q-a\/#breadcrumb"},"inLanguage":"en-US","potentialAction":[{"@type":"ReadAction","target":["https:\/\/qcvn.com.vn\/en\/q-a\/"]}]},{"@type":"BreadcrumbList","@id":"https:\/\/qcvn.com.vn\/en\/q-a\/#breadcrumb","itemListElement":[{"@type":"ListItem","position":1,"name":"Home","item":"https:\/\/qcvn.com.vn\/en\/"},{"@type":"ListItem","position":2,"name":"Q &#038; A"}]},{"@type":"WebSite","@id":"https:\/\/qcvn.com.vn\/en\/#website","url":"https:\/\/qcvn.com.vn\/en\/","name":"C\u00d4NG TY CP K\u1ef8 THU\u1eacT TI\u00caU CHU\u1ea8N QCVN VI\u1ec6T NAM","description":"Ph\u00e2n t\u00edch n\u01b0\u1edbc","publisher":{"@id":"https:\/\/qcvn.com.vn\/en\/#organization"},"potentialAction":[{"@type":"SearchAction","target":{"@type":"EntryPoint","urlTemplate":"https:\/\/qcvn.com.vn\/en\/?s={search_term_string}"},"query-input":{"@type":"PropertyValueSpecification","valueRequired":true,"valueName":"search_term_string"}}],"inLanguage":"en-US"},{"@type":"Organization","@id":"https:\/\/qcvn.com.vn\/en\/#organization","name":"C\u00d4NG TY C\u1ed4 PH\u1ea6N K\u1ef8 THU\u1eacT TI\u00caU CHU\u1ea8N QCVN VI\u1ec6T NAM","url":"https:\/\/qcvn.com.vn\/en\/","logo":{"@type":"ImageObject","inLanguage":"en-US","@id":"https:\/\/qcvn.com.vn\/en\/#\/schema\/logo\/image\/","url":"https:\/\/qcvn.com.vn\/wp-content\/uploads\/2019\/01\/logo-QCVN.jpg","contentUrl":"https:\/\/qcvn.com.vn\/wp-content\/uploads\/2019\/01\/logo-QCVN.jpg","width":1200,"height":476,"caption":"C\u00d4NG TY C\u1ed4 PH\u1ea6N K\u1ef8 THU\u1eacT TI\u00caU CHU\u1ea8N QCVN VI\u1ec6T NAM"},"image":{"@id":"https:\/\/qcvn.com.vn\/en\/#\/schema\/logo\/image\/"},"sameAs":["https:\/\/www.facebook.com\/kythuatieuchuanQCVN\/?ref=br_rs"]}]}},"_links":{"self":[{"href":"https:\/\/qcvn.com.vn\/en\/wp-json\/wp\/v2\/pages\/885","targetHints":{"allow":["GET"]}}],"collection":[{"href":"https:\/\/qcvn.com.vn\/en\/wp-json\/wp\/v2\/pages"}],"about":[{"href":"https:\/\/qcvn.com.vn\/en\/wp-json\/wp\/v2\/types\/page"}],"author":[{"embeddable":true,"href":"https:\/\/qcvn.com.vn\/en\/wp-json\/wp\/v2\/users\/1"}],"replies":[{"embeddable":true,"href":"https:\/\/qcvn.com.vn\/en\/wp-json\/wp\/v2\/comments?post=885"}],"version-history":[{"count":0,"href":"https:\/\/qcvn.com.vn\/en\/wp-json\/wp\/v2\/pages\/885\/revisions"}],"wp:attachment":[{"href":"https:\/\/qcvn.com.vn\/en\/wp-json\/wp\/v2\/media?parent=885"}],"curies":[{"name":"wp","href":"https:\/\/api.w.org\/{rel}","templated":true}]}}