{"id":863,"date":"2018-11-05T11:35:50","date_gmt":"2018-11-05T04:35:50","guid":{"rendered":"http:\/\/21314.lamdx.vinawebsite.vn\/?page_id=863"},"modified":"2020-09-16T21:39:51","modified_gmt":"2020-09-16T14:39:51","slug":"vision-core-values-mission-qcvn-standard","status":"publish","type":"page","link":"https:\/\/qcvn.com.vn\/en\/about-us\/activities\/","title":{"rendered":"Vision &#8211; Core values &#8211; Mission"},"content":{"rendered":"<h3 style=\"text-align: justify;\"><strong>QCVN STANDARD: CULTURE OVERVIEW\u00a0<\/strong><\/h3>\n<p><span style=\"color: #fcfcfc;\">QCVN standard<\/span><\/p>\n<p style=\"text-align: justify;\"><span style=\"font-size: 120%;\">QCVN was established and developed as a result of the aspiration to protect the environment and care for human health, established by a dedicated team dedicated to the development of environmental monitoring and testing. Microbiology, testing training to ensure the sustainable development of Vietnamese businesses.<\/span><\/p>\n<p style=\"text-align: justify;\"><span style=\"font-size: 120%;\">The core value system of QCVN is the decisive foundation for the long-term development of QCVN:<\/span><\/p>\n<p><a href=\"https:\/\/qcvn.com.vn\/wp-content\/uploads\/2019\/09\/banner-QCVN.jpg\"><img loading=\"lazy\" decoding=\"async\" class=\"size-full wp-image-3522\" src=\"https:\/\/qcvn.com.vn\/wp-content\/uploads\/2019\/09\/banner-QCVN.jpg\" alt=\"Trung t\u00e2m ph\u00e2n t\u00edch quan tr\u1eafc m\u00f4i tr\u01b0\u1eddng\" width=\"1564\" height=\"479\" srcset=\"https:\/\/qcvn.com.vn\/wp-content\/uploads\/2019\/09\/banner-QCVN.jpg 1564w, https:\/\/qcvn.com.vn\/wp-content\/uploads\/2019\/09\/banner-QCVN-600x184.jpg 600w, https:\/\/qcvn.com.vn\/wp-content\/uploads\/2019\/09\/banner-QCVN-800x245.jpg 800w, https:\/\/qcvn.com.vn\/wp-content\/uploads\/2019\/09\/banner-QCVN-768x235.jpg 768w, https:\/\/qcvn.com.vn\/wp-content\/uploads\/2019\/09\/banner-QCVN-1400x429.jpg 1400w\" sizes=\"auto, (max-width: 1564px) 100vw, 1564px\" \/><\/a><\/p>\n<p style=\"text-align: justify;\"><strong><span style=\"font-size: 120%; color: #00aae7;\">Development philosophy<\/span><\/strong><\/p>\n<ul style=\"text-align: justify;\">\n<li><span style=\"font-size: 120%;\">Honor the values: QCVN is an environment to honor the human values and intellectual values of each member, serving as the foundation for building a QCVN culture and developing high quality human resources. Knowledge along with the values of life and the high labor value of each member is recognized, appreciated and rewarded by QCVN for its contributions to the development of QCVN.<\/span><\/li>\n<li><span style=\"font-size: 120%;\">Serving society: QCVN was established and developed to support businesses and the community to protect the living environment, labor environment, and human health.<\/span><\/li>\n<li><span style=\"font-size: 120%;\">Maintaining reputation: QCVN considers reputation to be the life of the organization with standards and commitment to the same quality of its products and services. Each member of QCVN is acutely aware of developing and preserving the QCVN brand through a dedicated attitude, professional working style and comprehensive quality of service to customers.\u00a0<\/span><\/li>\n<\/ul>\n<p style=\"text-align: justify;\"><span style=\"color: #00aae7;\"><strong><span style=\"font-size: 120%;\">Ambition<\/span><\/strong><\/span><\/p>\n<p style=\"text-align: justify;\"><span style=\"font-size: 120%;\">As the No. 1 analytical testing unit of water, food, microbiology in Vietnam <span style=\"color: #fcfcfc;\">QCVN standard<\/span><\/span><\/p>\n<p style=\"text-align: justify;\"><strong><span style=\"font-size: 120%; color: #00aae7;\">Mission<\/span><\/strong><\/p>\n<p style=\"text-align: justify;\"><span style=\"font-size: 120%;\">Protecting the ecosystem including: the living environment and human health in the field of water analysis and labor environment monitoring services, food testing<\/span><\/p>\n<p style=\"text-align: justify;\"><span style=\"font-size: 120%;\"><strong><span style=\"color: #00aae7;\">Slogan<\/span><\/strong>: Quality standards<\/span><\/p>\n<p><span style=\"color: #fcfcfc;\">QCVN standard<\/span><\/p>\n<p style=\"text-align: center;\"><strong><span style=\"color: #00aae7;\"><span style=\"font-size: 120%;\">Hope to have the opportunity to become your partner in the futur<\/span>e<\/span><\/strong><\/p>\n<p><a href=\"https:\/\/qcvn.com.vn\/wp-content\/uploads\/2019\/09\/h\u00ecnh-\u1ea3nh-l\u1ea5y-m\u1eabu-hi\u1ec7n-tr\u01b0\u1eddng-QCVN.jpg\"><img loading=\"lazy\" decoding=\"async\" class=\"size-full wp-image-3518 aligncenter\" src=\"https:\/\/qcvn.com.vn\/wp-content\/uploads\/2019\/09\/h\u00ecnh-\u1ea3nh-l\u1ea5y-m\u1eabu-hi\u1ec7n-tr\u01b0\u1eddng-QCVN.jpg\" alt=\"Trung t\u00e2m ph\u00e2n t\u00edch QCVN\" width=\"1200\" height=\"450\" srcset=\"https:\/\/qcvn.com.vn\/wp-content\/uploads\/2019\/09\/h\u00ecnh-\u1ea3nh-l\u1ea5y-m\u1eabu-hi\u1ec7n-tr\u01b0\u1eddng-QCVN.jpg 1200w, https:\/\/qcvn.com.vn\/wp-content\/uploads\/2019\/09\/h\u00ecnh-\u1ea3nh-l\u1ea5y-m\u1eabu-hi\u1ec7n-tr\u01b0\u1eddng-QCVN-600x225.jpg 600w, https:\/\/qcvn.com.vn\/wp-content\/uploads\/2019\/09\/h\u00ecnh-\u1ea3nh-l\u1ea5y-m\u1eabu-hi\u1ec7n-tr\u01b0\u1eddng-QCVN-800x300.jpg 800w, https:\/\/qcvn.com.vn\/wp-content\/uploads\/2019\/09\/h\u00ecnh-\u1ea3nh-l\u1ea5y-m\u1eabu-hi\u1ec7n-tr\u01b0\u1eddng-QCVN-768x288.jpg 768w\" sizes=\"auto, (max-width: 1200px) 100vw, 1200px\" \/><\/a><\/p>\n<p style=\"text-align: justify;\">\n","protected":false},"excerpt":{"rendered":"<p>QCVN STANDARD: CULTURE OVERVIEW\u00a0 QCVN standard QCVN was established and developed as a result of the aspiration to protect the environment and care for human health, established by a dedicated team dedicated to the development of environmental monitoring and testing. Microbiology, testing training to ensure the sustainable development of Vietnamese businesses. The core value system&#8230;<\/p>\n","protected":false},"author":1,"featured_media":0,"parent":862,"menu_order":0,"comment_status":"closed","ping_status":"closed","template":"page-gioithieu.php","meta":{"_acf_changed":false,"footnotes":""},"class_list":["post-863","page","type-page","status-publish","hentry"],"acf":[],"yoast_head":"<!-- This site is optimized with the Yoast SEO plugin v25.8 - https:\/\/yoast.com\/wordpress\/plugins\/seo\/ -->\n<title>Vision - Core values - Mission | QCVN STANDARD TECHNICAL JSC<\/title>\n<meta name=\"description\" content=\"QCVN standard: Vision - Core values - Mission: Desiring to contribute to protecting the living environment and working environment\" \/>\n<meta name=\"robots\" content=\"index, follow, max-snippet:-1, max-image-preview:large, max-video-preview:-1\" \/>\n<link rel=\"canonical\" href=\"https:\/\/qcvn.com.vn\/en\/about-us\/activities\/\" \/>\n<meta property=\"og:locale\" content=\"en_US\" \/>\n<meta property=\"og:type\" content=\"article\" \/>\n<meta property=\"og:title\" content=\"Vision - Core values - Mission | QCVN STANDARD TECHNICAL JSC\" \/>\n<meta property=\"og:description\" content=\"QCVN standard: Vision - Core values - Mission: Desiring to contribute to protecting the living environment and working environment\" \/>\n<meta property=\"og:url\" content=\"https:\/\/qcvn.com.vn\/en\/about-us\/activities\/\" \/>\n<meta property=\"og:site_name\" content=\"C\u00d4NG TY CP K\u1ef8 THU\u1eacT TI\u00caU CHU\u1ea8N QCVN VI\u1ec6T NAM\" \/>\n<meta property=\"article:publisher\" content=\"https:\/\/www.facebook.com\/kythuatieuchuanQCVN\/?ref=br_rs\" \/>\n<meta property=\"article:modified_time\" content=\"2020-09-16T14:39:51+00:00\" \/>\n<meta property=\"og:image\" content=\"https:\/\/qcvn.com.vn\/wp-content\/uploads\/2019\/09\/banner-QCVN.jpg\" \/>\n<meta name=\"twitter:card\" content=\"summary_large_image\" \/>\n<meta name=\"twitter:label1\" content=\"Est. reading time\" \/>\n\t<meta name=\"twitter:data1\" content=\"1 minute\" \/>\n<script type=\"application\/ld+json\" class=\"yoast-schema-graph\">{\"@context\":\"https:\/\/schema.org\",\"@graph\":[{\"@type\":\"WebPage\",\"@id\":\"https:\/\/qcvn.com.vn\/en\/about-us\/activities\/\",\"url\":\"https:\/\/qcvn.com.vn\/en\/about-us\/activities\/\",\"name\":\"Vision - Core values - Mission | QCVN STANDARD TECHNICAL JSC\",\"isPartOf\":{\"@id\":\"https:\/\/qcvn.com.vn\/en\/#website\"},\"primaryImageOfPage\":{\"@id\":\"https:\/\/qcvn.com.vn\/en\/about-us\/activities\/#primaryimage\"},\"image\":{\"@id\":\"https:\/\/qcvn.com.vn\/en\/about-us\/activities\/#primaryimage\"},\"thumbnailUrl\":\"https:\/\/qcvn.com.vn\/wp-content\/uploads\/2019\/09\/banner-QCVN.jpg\",\"datePublished\":\"2018-11-05T04:35:50+00:00\",\"dateModified\":\"2020-09-16T14:39:51+00:00\",\"description\":\"QCVN standard: Vision - Core values - Mission: Desiring to contribute to protecting the living environment and working environment\",\"breadcrumb\":{\"@id\":\"https:\/\/qcvn.com.vn\/en\/about-us\/activities\/#breadcrumb\"},\"inLanguage\":\"en-US\",\"potentialAction\":[{\"@type\":\"ReadAction\",\"target\":[\"https:\/\/qcvn.com.vn\/en\/about-us\/activities\/\"]}]},{\"@type\":\"ImageObject\",\"inLanguage\":\"en-US\",\"@id\":\"https:\/\/qcvn.com.vn\/en\/about-us\/activities\/#primaryimage\",\"url\":\"https:\/\/qcvn.com.vn\/wp-content\/uploads\/2019\/09\/banner-QCVN.jpg\",\"contentUrl\":\"https:\/\/qcvn.com.vn\/wp-content\/uploads\/2019\/09\/banner-QCVN.jpg\"},{\"@type\":\"BreadcrumbList\",\"@id\":\"https:\/\/qcvn.com.vn\/en\/about-us\/activities\/#breadcrumb\",\"itemListElement\":[{\"@type\":\"ListItem\",\"position\":1,\"name\":\"Home\",\"item\":\"https:\/\/qcvn.com.vn\/en\/\"},{\"@type\":\"ListItem\",\"position\":2,\"name\":\"About us\",\"item\":\"https:\/\/qcvn.com.vn\/en\/about-us\/\"},{\"@type\":\"ListItem\",\"position\":3,\"name\":\"Vision &#8211; Core values &#8211; Mission\"}]},{\"@type\":\"WebSite\",\"@id\":\"https:\/\/qcvn.com.vn\/en\/#website\",\"url\":\"https:\/\/qcvn.com.vn\/en\/\",\"name\":\"C\u00d4NG TY CP K\u1ef8 THU\u1eacT TI\u00caU CHU\u1ea8N QCVN VI\u1ec6T NAM\",\"description\":\"Ph\u00e2n t\u00edch n\u01b0\u1edbc\",\"publisher\":{\"@id\":\"https:\/\/qcvn.com.vn\/en\/#organization\"},\"potentialAction\":[{\"@type\":\"SearchAction\",\"target\":{\"@type\":\"EntryPoint\",\"urlTemplate\":\"https:\/\/qcvn.com.vn\/en\/?s={search_term_string}\"},\"query-input\":{\"@type\":\"PropertyValueSpecification\",\"valueRequired\":true,\"valueName\":\"search_term_string\"}}],\"inLanguage\":\"en-US\"},{\"@type\":\"Organization\",\"@id\":\"https:\/\/qcvn.com.vn\/en\/#organization\",\"name\":\"C\u00d4NG TY C\u1ed4 PH\u1ea6N K\u1ef8 THU\u1eacT TI\u00caU CHU\u1ea8N QCVN VI\u1ec6T NAM\",\"url\":\"https:\/\/qcvn.com.vn\/en\/\",\"logo\":{\"@type\":\"ImageObject\",\"inLanguage\":\"en-US\",\"@id\":\"https:\/\/qcvn.com.vn\/en\/#\/schema\/logo\/image\/\",\"url\":\"https:\/\/qcvn.com.vn\/wp-content\/uploads\/2019\/01\/logo-QCVN.jpg\",\"contentUrl\":\"https:\/\/qcvn.com.vn\/wp-content\/uploads\/2019\/01\/logo-QCVN.jpg\",\"width\":1200,\"height\":476,\"caption\":\"C\u00d4NG TY C\u1ed4 PH\u1ea6N K\u1ef8 THU\u1eacT TI\u00caU CHU\u1ea8N QCVN VI\u1ec6T NAM\"},\"image\":{\"@id\":\"https:\/\/qcvn.com.vn\/en\/#\/schema\/logo\/image\/\"},\"sameAs\":[\"https:\/\/www.facebook.com\/kythuatieuchuanQCVN\/?ref=br_rs\"]}]}<\/script>\n<!-- \/ Yoast SEO plugin. -->","yoast_head_json":{"title":"Vision - Core values - Mission | QCVN STANDARD TECHNICAL JSC","description":"QCVN standard: Vision - Core values - Mission: Desiring to contribute to protecting the living environment and working environment","robots":{"index":"index","follow":"follow","max-snippet":"max-snippet:-1","max-image-preview":"max-image-preview:large","max-video-preview":"max-video-preview:-1"},"canonical":"https:\/\/qcvn.com.vn\/en\/about-us\/activities\/","og_locale":"en_US","og_type":"article","og_title":"Vision - Core values - Mission | QCVN STANDARD TECHNICAL JSC","og_description":"QCVN standard: Vision - Core values - Mission: Desiring to contribute to protecting the living environment and working environment","og_url":"https:\/\/qcvn.com.vn\/en\/about-us\/activities\/","og_site_name":"C\u00d4NG TY CP K\u1ef8 THU\u1eacT TI\u00caU CHU\u1ea8N QCVN VI\u1ec6T NAM","article_publisher":"https:\/\/www.facebook.com\/kythuatieuchuanQCVN\/?ref=br_rs","article_modified_time":"2020-09-16T14:39:51+00:00","og_image":[{"url":"https:\/\/qcvn.com.vn\/wp-content\/uploads\/2019\/09\/banner-QCVN.jpg","type":"","width":"","height":""}],"twitter_card":"summary_large_image","twitter_misc":{"Est. reading time":"1 minute"},"schema":{"@context":"https:\/\/schema.org","@graph":[{"@type":"WebPage","@id":"https:\/\/qcvn.com.vn\/en\/about-us\/activities\/","url":"https:\/\/qcvn.com.vn\/en\/about-us\/activities\/","name":"Vision - Core values - Mission | QCVN STANDARD TECHNICAL JSC","isPartOf":{"@id":"https:\/\/qcvn.com.vn\/en\/#website"},"primaryImageOfPage":{"@id":"https:\/\/qcvn.com.vn\/en\/about-us\/activities\/#primaryimage"},"image":{"@id":"https:\/\/qcvn.com.vn\/en\/about-us\/activities\/#primaryimage"},"thumbnailUrl":"https:\/\/qcvn.com.vn\/wp-content\/uploads\/2019\/09\/banner-QCVN.jpg","datePublished":"2018-11-05T04:35:50+00:00","dateModified":"2020-09-16T14:39:51+00:00","description":"QCVN standard: Vision - Core values - Mission: Desiring to contribute to protecting the living environment and working environment","breadcrumb":{"@id":"https:\/\/qcvn.com.vn\/en\/about-us\/activities\/#breadcrumb"},"inLanguage":"en-US","potentialAction":[{"@type":"ReadAction","target":["https:\/\/qcvn.com.vn\/en\/about-us\/activities\/"]}]},{"@type":"ImageObject","inLanguage":"en-US","@id":"https:\/\/qcvn.com.vn\/en\/about-us\/activities\/#primaryimage","url":"https:\/\/qcvn.com.vn\/wp-content\/uploads\/2019\/09\/banner-QCVN.jpg","contentUrl":"https:\/\/qcvn.com.vn\/wp-content\/uploads\/2019\/09\/banner-QCVN.jpg"},{"@type":"BreadcrumbList","@id":"https:\/\/qcvn.com.vn\/en\/about-us\/activities\/#breadcrumb","itemListElement":[{"@type":"ListItem","position":1,"name":"Home","item":"https:\/\/qcvn.com.vn\/en\/"},{"@type":"ListItem","position":2,"name":"About us","item":"https:\/\/qcvn.com.vn\/en\/about-us\/"},{"@type":"ListItem","position":3,"name":"Vision &#8211; Core values &#8211; Mission"}]},{"@type":"WebSite","@id":"https:\/\/qcvn.com.vn\/en\/#website","url":"https:\/\/qcvn.com.vn\/en\/","name":"C\u00d4NG TY CP K\u1ef8 THU\u1eacT TI\u00caU CHU\u1ea8N QCVN VI\u1ec6T NAM","description":"Ph\u00e2n t\u00edch n\u01b0\u1edbc","publisher":{"@id":"https:\/\/qcvn.com.vn\/en\/#organization"},"potentialAction":[{"@type":"SearchAction","target":{"@type":"EntryPoint","urlTemplate":"https:\/\/qcvn.com.vn\/en\/?s={search_term_string}"},"query-input":{"@type":"PropertyValueSpecification","valueRequired":true,"valueName":"search_term_string"}}],"inLanguage":"en-US"},{"@type":"Organization","@id":"https:\/\/qcvn.com.vn\/en\/#organization","name":"C\u00d4NG TY C\u1ed4 PH\u1ea6N K\u1ef8 THU\u1eacT TI\u00caU CHU\u1ea8N QCVN VI\u1ec6T NAM","url":"https:\/\/qcvn.com.vn\/en\/","logo":{"@type":"ImageObject","inLanguage":"en-US","@id":"https:\/\/qcvn.com.vn\/en\/#\/schema\/logo\/image\/","url":"https:\/\/qcvn.com.vn\/wp-content\/uploads\/2019\/01\/logo-QCVN.jpg","contentUrl":"https:\/\/qcvn.com.vn\/wp-content\/uploads\/2019\/01\/logo-QCVN.jpg","width":1200,"height":476,"caption":"C\u00d4NG TY C\u1ed4 PH\u1ea6N K\u1ef8 THU\u1eacT TI\u00caU CHU\u1ea8N QCVN VI\u1ec6T NAM"},"image":{"@id":"https:\/\/qcvn.com.vn\/en\/#\/schema\/logo\/image\/"},"sameAs":["https:\/\/www.facebook.com\/kythuatieuchuanQCVN\/?ref=br_rs"]}]}},"_links":{"self":[{"href":"https:\/\/qcvn.com.vn\/en\/wp-json\/wp\/v2\/pages\/863","targetHints":{"allow":["GET"]}}],"collection":[{"href":"https:\/\/qcvn.com.vn\/en\/wp-json\/wp\/v2\/pages"}],"about":[{"href":"https:\/\/qcvn.com.vn\/en\/wp-json\/wp\/v2\/types\/page"}],"author":[{"embeddable":true,"href":"https:\/\/qcvn.com.vn\/en\/wp-json\/wp\/v2\/users\/1"}],"replies":[{"embeddable":true,"href":"https:\/\/qcvn.com.vn\/en\/wp-json\/wp\/v2\/comments?post=863"}],"version-history":[{"count":0,"href":"https:\/\/qcvn.com.vn\/en\/wp-json\/wp\/v2\/pages\/863\/revisions"}],"up":[{"embeddable":true,"href":"https:\/\/qcvn.com.vn\/en\/wp-json\/wp\/v2\/pages\/862"}],"wp:attachment":[{"href":"https:\/\/qcvn.com.vn\/en\/wp-json\/wp\/v2\/media?parent=863"}],"curies":[{"name":"wp","href":"https:\/\/api.w.org\/{rel}","templated":true}]}}