{"id":837,"date":"2018-11-08T08:36:11","date_gmt":"2018-11-08T01:36:11","guid":{"rendered":"http:\/\/21314.lamdx.vinawebsite.vn\/?page_id=837"},"modified":"2019-03-04T15:17:31","modified_gmt":"2019-03-04T08:17:31","slug":"nutritional-analyses","status":"publish","type":"page","link":"https:\/\/qcvn.com.vn\/en\/nutritional-analyses\/","title":{"rendered":"Nutritional analyses"},"content":{"rendered":"<h3 style=\"text-align: justify;\">Nutritional analyses<\/h3>\n<p style=\"text-align: justify;\">Every organ in the human body needs energy to function, and it is essential in order to keep all the systems in the body up and running<\/p>\n<ol style=\"text-align: justify;\">\n<li>\n<h4>Methods Analysis of nutrient composition in food<\/h4>\n<\/li>\n<\/ol>\n<p style=\"text-align: justify;\">QCVN uses standard and precise methods such as AOAC, ISO, FAO, TCVN to match each sample nature of food (seafood, milk, nutritious food, processed food, vegetables, cereals , confectionery, instant noodles, soft drinks)<\/p>\n<p style=\"text-align: justify;\">2. Common nutritional ingredients include:<\/p>\n<ul style=\"text-align: justify;\">\n<li>Energy<\/li>\n<li>Total fat<\/li>\n<li>Saturated fat<\/li>\n<li>Trans fats<\/li>\n<li>Protein<\/li>\n<li>Cholesterol<\/li>\n<li>Carbohidrate<\/li>\n<li>Total sugar<\/li>\n<li>Added sugar<\/li>\n<li>Vitamin D<\/li>\n<li>Calcium<\/li>\n<li>Iron<\/li>\n<li>Kali<\/li>\n<\/ul>\n<p style=\"text-align: justify;\">In addition, when exporting goods to EU or US markets, the company exporting goods should ensure compliance with strict regulations on nutrition and nutrition labeling of FDA, USDA, European Commission.<\/p>\n<p style=\"text-align: justify;\">QCVN with more than <strong>22<\/strong> years of experience in the analysis of nutritional ingredients in food: with a team of highly qualified experts and technicians; Modern machinery and equipment; Investing in research and development to apply international processes throughout the stages; Quality of service is always paid attention and continuously improved to provide the most optimal solutions for customers.<\/p>\n","protected":false},"excerpt":{"rendered":"<p>Every organ in the human body needs energy to function, and it is essential in order to keep all the systems in the body up and running.<\/p>\n","protected":false},"author":3,"featured_media":1091,"parent":2279,"menu_order":0,"comment_status":"closed","ping_status":"closed","template":"page-dichvu.php","meta":{"_acf_changed":false,"footnotes":""},"class_list":["post-837","page","type-page","status-publish","has-post-thumbnail","hentry"],"acf":[],"yoast_head":"<!-- This site is optimized with the Yoast SEO plugin v25.8 - https:\/\/yoast.com\/wordpress\/plugins\/seo\/ -->\n<title>Ph\u00e2n T\u00edch Th\u00e0nh Ph\u1ea7n Dinh D\u01b0\u1ee1ng trong s\u1ea3n ph\u1ea9m<\/title>\n<meta name=\"description\" content=\"Ph\u00e2n t\u00edch th\u00e0nh ph\u1ea7n dinh d\u01b0\u1ee1ng gi\u00fap doanh nghi\u1ec7p bi\u00eat ch\u00ednh x\u00e1c th\u00e0nh ph\u1ea7n dinh d\u01b0\u1ee1ng, axit amin, axit b\u00e9o, hydrat cacbon, kho\u00e1ng ch\u1ea5t, vitamins\" \/>\n<meta name=\"robots\" content=\"index, follow, max-snippet:-1, max-image-preview:large, max-video-preview:-1\" \/>\n<link rel=\"canonical\" href=\"https:\/\/qcvn.com.vn\/en\/nutritional-analyses\/\" \/>\n<meta property=\"og:locale\" content=\"en_US\" \/>\n<meta property=\"og:type\" content=\"article\" \/>\n<meta property=\"og:title\" content=\"Ph\u00e2n T\u00edch Th\u00e0nh Ph\u1ea7n Dinh D\u01b0\u1ee1ng trong s\u1ea3n ph\u1ea9m\" \/>\n<meta property=\"og:description\" content=\"Ph\u00e2n t\u00edch th\u00e0nh ph\u1ea7n dinh d\u01b0\u1ee1ng gi\u00fap doanh nghi\u1ec7p bi\u00eat ch\u00ednh x\u00e1c th\u00e0nh ph\u1ea7n dinh d\u01b0\u1ee1ng, axit amin, axit b\u00e9o, hydrat cacbon, kho\u00e1ng ch\u1ea5t, vitamins\" \/>\n<meta property=\"og:url\" content=\"https:\/\/qcvn.com.vn\/en\/nutritional-analyses\/\" \/>\n<meta property=\"og:site_name\" content=\"C\u00d4NG TY CP K\u1ef8 THU\u1eacT TI\u00caU CHU\u1ea8N QCVN VI\u1ec6T NAM\" \/>\n<meta property=\"article:publisher\" content=\"https:\/\/www.facebook.com\/kythuatieuchuanQCVN\/?ref=br_rs\" \/>\n<meta property=\"article:modified_time\" content=\"2019-03-04T08:17:31+00:00\" \/>\n<meta property=\"og:image\" content=\"https:\/\/qcvn.com.vn\/wp-content\/uploads\/2018\/11\/Can-bo-cong-nhan-vien-qcvn-11-1024x683.jpg\" \/>\n\t<meta property=\"og:image:width\" content=\"1024\" \/>\n\t<meta property=\"og:image:height\" content=\"683\" \/>\n\t<meta property=\"og:image:type\" content=\"image\/jpeg\" \/>\n<meta name=\"twitter:card\" content=\"summary_large_image\" \/>\n<meta name=\"twitter:label1\" content=\"Est. reading time\" \/>\n\t<meta name=\"twitter:data1\" content=\"1 minute\" \/>\n<script type=\"application\/ld+json\" class=\"yoast-schema-graph\">{\"@context\":\"https:\/\/schema.org\",\"@graph\":[{\"@type\":\"WebPage\",\"@id\":\"https:\/\/qcvn.com.vn\/en\/nutritional-analyses\/\",\"url\":\"https:\/\/qcvn.com.vn\/en\/nutritional-analyses\/\",\"name\":\"Ph\u00e2n T\u00edch Th\u00e0nh Ph\u1ea7n Dinh D\u01b0\u1ee1ng trong s\u1ea3n ph\u1ea9m\",\"isPartOf\":{\"@id\":\"https:\/\/qcvn.com.vn\/en\/#website\"},\"primaryImageOfPage\":{\"@id\":\"https:\/\/qcvn.com.vn\/en\/nutritional-analyses\/#primaryimage\"},\"image\":{\"@id\":\"https:\/\/qcvn.com.vn\/en\/nutritional-analyses\/#primaryimage\"},\"thumbnailUrl\":\"https:\/\/qcvn.com.vn\/wp-content\/uploads\/2018\/11\/Can-bo-cong-nhan-vien-qcvn-11-1024x683.jpg\",\"datePublished\":\"2018-11-08T01:36:11+00:00\",\"dateModified\":\"2019-03-04T08:17:31+00:00\",\"description\":\"Ph\u00e2n t\u00edch th\u00e0nh ph\u1ea7n dinh d\u01b0\u1ee1ng gi\u00fap doanh nghi\u1ec7p bi\u00eat ch\u00ednh x\u00e1c th\u00e0nh ph\u1ea7n dinh d\u01b0\u1ee1ng, axit amin, axit b\u00e9o, hydrat cacbon, kho\u00e1ng ch\u1ea5t, vitamins\",\"breadcrumb\":{\"@id\":\"https:\/\/qcvn.com.vn\/en\/nutritional-analyses\/#breadcrumb\"},\"inLanguage\":\"en-US\",\"potentialAction\":[{\"@type\":\"ReadAction\",\"target\":[\"https:\/\/qcvn.com.vn\/en\/nutritional-analyses\/\"]}]},{\"@type\":\"ImageObject\",\"inLanguage\":\"en-US\",\"@id\":\"https:\/\/qcvn.com.vn\/en\/nutritional-analyses\/#primaryimage\",\"url\":\"https:\/\/qcvn.com.vn\/wp-content\/uploads\/2018\/11\/Can-bo-cong-nhan-vien-qcvn-11-1024x683.jpg\",\"contentUrl\":\"https:\/\/qcvn.com.vn\/wp-content\/uploads\/2018\/11\/Can-bo-cong-nhan-vien-qcvn-11-1024x683.jpg\",\"width\":1024,\"height\":683},{\"@type\":\"BreadcrumbList\",\"@id\":\"https:\/\/qcvn.com.vn\/en\/nutritional-analyses\/#breadcrumb\",\"itemListElement\":[{\"@type\":\"ListItem\",\"position\":1,\"name\":\"Home\",\"item\":\"https:\/\/qcvn.com.vn\/en\/\"},{\"@type\":\"ListItem\",\"position\":2,\"name\":\"Food And Feed\",\"item\":\"https:\/\/qcvn.com.vn\/en\/food-and-feed\/\"},{\"@type\":\"ListItem\",\"position\":3,\"name\":\"Nutritional analyses\"}]},{\"@type\":\"WebSite\",\"@id\":\"https:\/\/qcvn.com.vn\/en\/#website\",\"url\":\"https:\/\/qcvn.com.vn\/en\/\",\"name\":\"C\u00d4NG TY CP K\u1ef8 THU\u1eacT TI\u00caU CHU\u1ea8N QCVN VI\u1ec6T NAM\",\"description\":\"Ph\u00e2n t\u00edch n\u01b0\u1edbc\",\"publisher\":{\"@id\":\"https:\/\/qcvn.com.vn\/en\/#organization\"},\"potentialAction\":[{\"@type\":\"SearchAction\",\"target\":{\"@type\":\"EntryPoint\",\"urlTemplate\":\"https:\/\/qcvn.com.vn\/en\/?s={search_term_string}\"},\"query-input\":{\"@type\":\"PropertyValueSpecification\",\"valueRequired\":true,\"valueName\":\"search_term_string\"}}],\"inLanguage\":\"en-US\"},{\"@type\":\"Organization\",\"@id\":\"https:\/\/qcvn.com.vn\/en\/#organization\",\"name\":\"C\u00d4NG TY C\u1ed4 PH\u1ea6N K\u1ef8 THU\u1eacT TI\u00caU CHU\u1ea8N QCVN VI\u1ec6T NAM\",\"url\":\"https:\/\/qcvn.com.vn\/en\/\",\"logo\":{\"@type\":\"ImageObject\",\"inLanguage\":\"en-US\",\"@id\":\"https:\/\/qcvn.com.vn\/en\/#\/schema\/logo\/image\/\",\"url\":\"https:\/\/qcvn.com.vn\/wp-content\/uploads\/2019\/01\/logo-QCVN.jpg\",\"contentUrl\":\"https:\/\/qcvn.com.vn\/wp-content\/uploads\/2019\/01\/logo-QCVN.jpg\",\"width\":1200,\"height\":476,\"caption\":\"C\u00d4NG TY C\u1ed4 PH\u1ea6N K\u1ef8 THU\u1eacT TI\u00caU CHU\u1ea8N QCVN VI\u1ec6T NAM\"},\"image\":{\"@id\":\"https:\/\/qcvn.com.vn\/en\/#\/schema\/logo\/image\/\"},\"sameAs\":[\"https:\/\/www.facebook.com\/kythuatieuchuanQCVN\/?ref=br_rs\"]}]}<\/script>\n<!-- \/ Yoast SEO plugin. -->","yoast_head_json":{"title":"Ph\u00e2n T\u00edch Th\u00e0nh Ph\u1ea7n Dinh D\u01b0\u1ee1ng trong s\u1ea3n ph\u1ea9m","description":"Ph\u00e2n t\u00edch th\u00e0nh ph\u1ea7n dinh d\u01b0\u1ee1ng gi\u00fap doanh nghi\u1ec7p bi\u00eat ch\u00ednh x\u00e1c th\u00e0nh ph\u1ea7n dinh d\u01b0\u1ee1ng, axit amin, axit b\u00e9o, hydrat cacbon, kho\u00e1ng ch\u1ea5t, vitamins","robots":{"index":"index","follow":"follow","max-snippet":"max-snippet:-1","max-image-preview":"max-image-preview:large","max-video-preview":"max-video-preview:-1"},"canonical":"https:\/\/qcvn.com.vn\/en\/nutritional-analyses\/","og_locale":"en_US","og_type":"article","og_title":"Ph\u00e2n T\u00edch Th\u00e0nh Ph\u1ea7n Dinh D\u01b0\u1ee1ng trong s\u1ea3n ph\u1ea9m","og_description":"Ph\u00e2n t\u00edch th\u00e0nh ph\u1ea7n dinh d\u01b0\u1ee1ng gi\u00fap doanh nghi\u1ec7p bi\u00eat ch\u00ednh x\u00e1c th\u00e0nh ph\u1ea7n dinh d\u01b0\u1ee1ng, axit amin, axit b\u00e9o, hydrat cacbon, kho\u00e1ng ch\u1ea5t, vitamins","og_url":"https:\/\/qcvn.com.vn\/en\/nutritional-analyses\/","og_site_name":"C\u00d4NG TY CP K\u1ef8 THU\u1eacT TI\u00caU CHU\u1ea8N QCVN VI\u1ec6T NAM","article_publisher":"https:\/\/www.facebook.com\/kythuatieuchuanQCVN\/?ref=br_rs","article_modified_time":"2019-03-04T08:17:31+00:00","og_image":[{"width":1024,"height":683,"url":"https:\/\/qcvn.com.vn\/wp-content\/uploads\/2018\/11\/Can-bo-cong-nhan-vien-qcvn-11-1024x683.jpg","type":"image\/jpeg"}],"twitter_card":"summary_large_image","twitter_misc":{"Est. reading time":"1 minute"},"schema":{"@context":"https:\/\/schema.org","@graph":[{"@type":"WebPage","@id":"https:\/\/qcvn.com.vn\/en\/nutritional-analyses\/","url":"https:\/\/qcvn.com.vn\/en\/nutritional-analyses\/","name":"Ph\u00e2n T\u00edch Th\u00e0nh Ph\u1ea7n Dinh D\u01b0\u1ee1ng trong s\u1ea3n ph\u1ea9m","isPartOf":{"@id":"https:\/\/qcvn.com.vn\/en\/#website"},"primaryImageOfPage":{"@id":"https:\/\/qcvn.com.vn\/en\/nutritional-analyses\/#primaryimage"},"image":{"@id":"https:\/\/qcvn.com.vn\/en\/nutritional-analyses\/#primaryimage"},"thumbnailUrl":"https:\/\/qcvn.com.vn\/wp-content\/uploads\/2018\/11\/Can-bo-cong-nhan-vien-qcvn-11-1024x683.jpg","datePublished":"2018-11-08T01:36:11+00:00","dateModified":"2019-03-04T08:17:31+00:00","description":"Ph\u00e2n t\u00edch th\u00e0nh ph\u1ea7n dinh d\u01b0\u1ee1ng gi\u00fap doanh nghi\u1ec7p bi\u00eat ch\u00ednh x\u00e1c th\u00e0nh ph\u1ea7n dinh d\u01b0\u1ee1ng, axit amin, axit b\u00e9o, hydrat cacbon, kho\u00e1ng ch\u1ea5t, vitamins","breadcrumb":{"@id":"https:\/\/qcvn.com.vn\/en\/nutritional-analyses\/#breadcrumb"},"inLanguage":"en-US","potentialAction":[{"@type":"ReadAction","target":["https:\/\/qcvn.com.vn\/en\/nutritional-analyses\/"]}]},{"@type":"ImageObject","inLanguage":"en-US","@id":"https:\/\/qcvn.com.vn\/en\/nutritional-analyses\/#primaryimage","url":"https:\/\/qcvn.com.vn\/wp-content\/uploads\/2018\/11\/Can-bo-cong-nhan-vien-qcvn-11-1024x683.jpg","contentUrl":"https:\/\/qcvn.com.vn\/wp-content\/uploads\/2018\/11\/Can-bo-cong-nhan-vien-qcvn-11-1024x683.jpg","width":1024,"height":683},{"@type":"BreadcrumbList","@id":"https:\/\/qcvn.com.vn\/en\/nutritional-analyses\/#breadcrumb","itemListElement":[{"@type":"ListItem","position":1,"name":"Home","item":"https:\/\/qcvn.com.vn\/en\/"},{"@type":"ListItem","position":2,"name":"Food And Feed","item":"https:\/\/qcvn.com.vn\/en\/food-and-feed\/"},{"@type":"ListItem","position":3,"name":"Nutritional analyses"}]},{"@type":"WebSite","@id":"https:\/\/qcvn.com.vn\/en\/#website","url":"https:\/\/qcvn.com.vn\/en\/","name":"C\u00d4NG TY CP K\u1ef8 THU\u1eacT TI\u00caU CHU\u1ea8N QCVN VI\u1ec6T NAM","description":"Ph\u00e2n t\u00edch n\u01b0\u1edbc","publisher":{"@id":"https:\/\/qcvn.com.vn\/en\/#organization"},"potentialAction":[{"@type":"SearchAction","target":{"@type":"EntryPoint","urlTemplate":"https:\/\/qcvn.com.vn\/en\/?s={search_term_string}"},"query-input":{"@type":"PropertyValueSpecification","valueRequired":true,"valueName":"search_term_string"}}],"inLanguage":"en-US"},{"@type":"Organization","@id":"https:\/\/qcvn.com.vn\/en\/#organization","name":"C\u00d4NG TY C\u1ed4 PH\u1ea6N K\u1ef8 THU\u1eacT TI\u00caU CHU\u1ea8N QCVN VI\u1ec6T NAM","url":"https:\/\/qcvn.com.vn\/en\/","logo":{"@type":"ImageObject","inLanguage":"en-US","@id":"https:\/\/qcvn.com.vn\/en\/#\/schema\/logo\/image\/","url":"https:\/\/qcvn.com.vn\/wp-content\/uploads\/2019\/01\/logo-QCVN.jpg","contentUrl":"https:\/\/qcvn.com.vn\/wp-content\/uploads\/2019\/01\/logo-QCVN.jpg","width":1200,"height":476,"caption":"C\u00d4NG TY C\u1ed4 PH\u1ea6N K\u1ef8 THU\u1eacT TI\u00caU CHU\u1ea8N QCVN VI\u1ec6T NAM"},"image":{"@id":"https:\/\/qcvn.com.vn\/en\/#\/schema\/logo\/image\/"},"sameAs":["https:\/\/www.facebook.com\/kythuatieuchuanQCVN\/?ref=br_rs"]}]}},"_links":{"self":[{"href":"https:\/\/qcvn.com.vn\/en\/wp-json\/wp\/v2\/pages\/837","targetHints":{"allow":["GET"]}}],"collection":[{"href":"https:\/\/qcvn.com.vn\/en\/wp-json\/wp\/v2\/pages"}],"about":[{"href":"https:\/\/qcvn.com.vn\/en\/wp-json\/wp\/v2\/types\/page"}],"author":[{"embeddable":true,"href":"https:\/\/qcvn.com.vn\/en\/wp-json\/wp\/v2\/users\/3"}],"replies":[{"embeddable":true,"href":"https:\/\/qcvn.com.vn\/en\/wp-json\/wp\/v2\/comments?post=837"}],"version-history":[{"count":0,"href":"https:\/\/qcvn.com.vn\/en\/wp-json\/wp\/v2\/pages\/837\/revisions"}],"up":[{"embeddable":true,"href":"https:\/\/qcvn.com.vn\/en\/wp-json\/wp\/v2\/pages\/2279"}],"wp:featuredmedia":[{"embeddable":true,"href":"https:\/\/qcvn.com.vn\/en\/wp-json\/wp\/v2\/media\/1091"}],"wp:attachment":[{"href":"https:\/\/qcvn.com.vn\/en\/wp-json\/wp\/v2\/media?parent=837"}],"curies":[{"name":"wp","href":"https:\/\/api.w.org\/{rel}","templated":true}]}}