{"id":834,"date":"2018-11-08T16:08:59","date_gmt":"2018-11-08T09:08:59","guid":{"rendered":"http:\/\/21314.lamdx.vinawebsite.vn\/?page_id=834"},"modified":"2019-03-04T14:52:44","modified_gmt":"2019-03-04T07:52:44","slug":"agricultural-production","status":"publish","type":"page","link":"https:\/\/qcvn.com.vn\/en\/service\/electrical-electronics-it-trashed\/agricultural-production\/","title":{"rendered":"Agricultural production"},"content":{"rendered":"<p>V\u1edbi n\u0103ng l\u1ef1c \u0111\u1ed9i ng\u0169 g\u1ed3m nhi\u1ec1u c\u00e1n b\u1ed9 k\u1ef9 thu\u1eadt v\u00e0 chuy\u00ean vi\u00ean t\u01b0 v\u1ea5n v\u1edbi h\u1ec7\u00a0th\u1ed1ng ph\u00f2ng th\u00ed nghi\u1ec7m hi\u1ec7n \u0111\u1ea1i, \u0111\u01b0\u1ee3c ch\u1ee9ng nh\u1eadn ph\u00f9 h\u1ee3p c\u00e1c ti\u00eau chu\u1ea9n ho\u1ea1t\u00a0\u0111\u1ed9ng qu\u1ed1c t\u1ebf nh\u01b0 ISO 9001; ISO\/IEC 17020; ISO\/IEC 17021, ISO\/IEC 17025,\u00a0ISO\/IEC 17065\u00a0\u00a0v\u00e0\u00a0\u00a0ISO\/IEC 17043, QUATEST 3 mang \u0111\u1ebfn nh\u1eefng d\u1ecbch v\u1ee5 h\u1ed7 tr\u1ee3 doanh nghi\u1ec7p ph\u00e1t tri\u1ec3n ho\u1ea1t \u0111\u1ed9ng trong l\u0129nh v\u1ef1c s\u1ea3n xu\u1ea5t n\u00f4ng nghi\u1ec7p.<\/p>\n<section class=\"serv_content\"><img decoding=\"async\" src=\"https:\/\/qcvn.com.vn\/wp-content\/uploads\/2018\/11\/san-xuat-nong-nghiep-703.jpg\" alt=\"\" \/>C\u00e1c B\u1ed9, Ban, Ng\u00e0nh v\u00e0 c\u00e1c c\u01a1 quan qu\u1ea3n l\u00fd nh\u00e0 n\u01b0\u1edbc \u0111\u00e3 ch\u1ec9 \u0111\u1ecbnh QUATEST 3 l\u00e0 t\u1ed5 ch\u1ee9c k\u1ef9 thu\u1eadt th\u1ef1c hi\u1ec7n ki\u1ec3m tra ch\u1ea5t l\u01b0\u1ee3ng, an to\u00e0n\u00a0s\u1ea3n\u00a0thu\u1ed9c ng\u00e0nh s\u1ea3n xu\u1ea5t n\u00f4ng nghi\u1ec7p.\u00a0M\u1ed9t s\u1ed1 d\u1ecbch v\u1ee5 ti\u00eau bi\u1ec3u nh\u01b0:<\/p>\n<div class=\"row clearfix padding-body\">\n<ul class=\"col-lg-12 serv_ov_list_content\">\n<li><a href=\"\/dgcnsph-san-pham-thuc-pham-nong-san-thuy-san-hoa-chat\">\u0110GCNSPH S\u1ea2N PH\u1ea8M TH\u1ef0C PH\u1ea8M, N\u00d4NG S\u1ea2N, TH\u1ee6Y S\u1ea2N V\u00c0 H\u00d3A CH\u1ea4T<\/a><\/li>\n<li><a href=\"\/thu-nghiem-vi-sinh-gmo\">TH\u1eec NGHI\u1ec6M VI SINH &#8211; SINH V\u1eacT BI\u1ebeN \u0110\u1ed4I GEN (GMO)<\/a><\/li>\n<li><a href=\"\/kdat-sp-thuc-pham-nong-san-thuy-san-hoa-chat\">K\u0110AT S\u1ea2N PH\u1ea8M TH\u1ef0C PH\u1ea8M, N\u00d4NG S\u1ea2N, TH\u1ee6Y S\u1ea2N V\u00c0 H\u00d3A CH\u1ea4T<\/a><\/li>\n<li><a href=\"\/ktnn-san-pham-thuc-pham-nong-san-thuy-san-hoa-chat\">KTNN S\u1ea2N PH\u1ea8M TH\u1ef0C PH\u1ea8M, N\u00d4NG S\u1ea2N, THU\u1ef6 S\u1ea2N V\u00c0 HO\u00c1 CH\u1ea4T<\/a><\/li>\n<\/ul>\n<\/div>\n<\/section>\n","protected":false},"excerpt":{"rendered":"<p>V\u1edbi n\u0103ng l\u1ef1c \u0111\u1ed9i ng\u0169 g\u1ed3m nhi\u1ec1u c\u00e1n b\u1ed9 k\u1ef9 thu\u1eadt v\u00e0 chuy\u00ean vi\u00ean t\u01b0 v\u1ea5n v\u1edbi h\u1ec7\u00a0th\u1ed1ng ph\u00f2ng th\u00ed nghi\u1ec7m hi\u1ec7n \u0111\u1ea1i, \u0111\u01b0\u1ee3c ch\u1ee9ng nh\u1eadn ph\u00f9 h\u1ee3p c\u00e1c ti\u00eau chu\u1ea9n ho\u1ea1t\u00a0\u0111\u1ed9ng qu\u1ed1c t\u1ebf nh\u01b0 ISO 9001; ISO\/IEC 17020; ISO\/IEC 17021, ISO\/IEC 17025,\u00a0ISO\/IEC 17065\u00a0\u00a0v\u00e0\u00a0\u00a0ISO\/IEC 17043, QUATEST 3 mang \u0111\u1ebfn nh\u1eefng d\u1ecbch v\u1ee5 h\u1ed7 tr\u1ee3 doanh&#8230;<\/p>\n","protected":false},"author":1,"featured_media":1850,"parent":826,"menu_order":0,"comment_status":"closed","ping_status":"closed","template":"page-dichvu.php","meta":{"_acf_changed":false,"footnotes":""},"class_list":["post-834","page","type-page","status-publish","has-post-thumbnail","hentry"],"acf":[],"yoast_head":"<!-- This site is optimized with the Yoast SEO plugin v25.8 - https:\/\/yoast.com\/wordpress\/plugins\/seo\/ -->\n<title>Agricultural production QCVN Viet Nam<\/title>\n<meta name=\"description\" content=\"With the capacity of a team of many technical staff and consultants with a modern laboratory system, it is certified to meet international operating\" \/>\n<meta name=\"robots\" content=\"index, follow, max-snippet:-1, max-image-preview:large, max-video-preview:-1\" \/>\n<link rel=\"canonical\" href=\"https:\/\/qcvn.com.vn\/en\/service\/electrical-electronics-it-trashed\/agricultural-production\/\" \/>\n<meta property=\"og:locale\" content=\"en_US\" \/>\n<meta property=\"og:type\" content=\"article\" \/>\n<meta property=\"og:title\" content=\"Agricultural production QCVN Viet Nam\" \/>\n<meta property=\"og:description\" content=\"With the capacity of a team of many technical staff and consultants with a modern laboratory system, it is certified to meet international operating\" \/>\n<meta property=\"og:url\" content=\"https:\/\/qcvn.com.vn\/en\/service\/electrical-electronics-it-trashed\/agricultural-production\/\" \/>\n<meta property=\"og:site_name\" content=\"C\u00d4NG TY CP K\u1ef8 THU\u1eacT TI\u00caU CHU\u1ea8N QCVN VI\u1ec6T NAM\" \/>\n<meta property=\"article:publisher\" content=\"https:\/\/www.facebook.com\/kythuatieuchuanQCVN\/?ref=br_rs\" \/>\n<meta property=\"article:modified_time\" content=\"2019-03-04T07:52:44+00:00\" \/>\n<meta property=\"og:image\" content=\"https:\/\/qcvn.com.vn\/wp-content\/uploads\/2019\/01\/QCVNquantrachientruongdinhky-1-1067x800.jpg\" \/>\n\t<meta property=\"og:image:width\" content=\"1067\" \/>\n\t<meta property=\"og:image:height\" content=\"800\" \/>\n\t<meta property=\"og:image:type\" content=\"image\/jpeg\" \/>\n<meta name=\"twitter:card\" content=\"summary_large_image\" \/>\n<meta name=\"twitter:label1\" content=\"Est. reading time\" \/>\n\t<meta name=\"twitter:data1\" content=\"1 minute\" \/>\n<script type=\"application\/ld+json\" class=\"yoast-schema-graph\">{\"@context\":\"https:\/\/schema.org\",\"@graph\":[{\"@type\":\"WebPage\",\"@id\":\"https:\/\/qcvn.com.vn\/en\/service\/electrical-electronics-it-trashed\/agricultural-production\/\",\"url\":\"https:\/\/qcvn.com.vn\/en\/service\/electrical-electronics-it-trashed\/agricultural-production\/\",\"name\":\"Agricultural production QCVN Viet Nam\",\"isPartOf\":{\"@id\":\"https:\/\/qcvn.com.vn\/en\/#website\"},\"primaryImageOfPage\":{\"@id\":\"https:\/\/qcvn.com.vn\/en\/service\/electrical-electronics-it-trashed\/agricultural-production\/#primaryimage\"},\"image\":{\"@id\":\"https:\/\/qcvn.com.vn\/en\/service\/electrical-electronics-it-trashed\/agricultural-production\/#primaryimage\"},\"thumbnailUrl\":\"https:\/\/qcvn.com.vn\/wp-content\/uploads\/2019\/01\/QCVNquantrachientruongdinhky-1-scaled.jpg\",\"datePublished\":\"2018-11-08T09:08:59+00:00\",\"dateModified\":\"2019-03-04T07:52:44+00:00\",\"description\":\"With the capacity of a team of many technical staff and consultants with a modern laboratory system, it is certified to meet international operating\",\"breadcrumb\":{\"@id\":\"https:\/\/qcvn.com.vn\/en\/service\/electrical-electronics-it-trashed\/agricultural-production\/#breadcrumb\"},\"inLanguage\":\"en-US\",\"potentialAction\":[{\"@type\":\"ReadAction\",\"target\":[\"https:\/\/qcvn.com.vn\/en\/service\/electrical-electronics-it-trashed\/agricultural-production\/\"]}]},{\"@type\":\"ImageObject\",\"inLanguage\":\"en-US\",\"@id\":\"https:\/\/qcvn.com.vn\/en\/service\/electrical-electronics-it-trashed\/agricultural-production\/#primaryimage\",\"url\":\"https:\/\/qcvn.com.vn\/wp-content\/uploads\/2019\/01\/QCVNquantrachientruongdinhky-1-scaled.jpg\",\"contentUrl\":\"https:\/\/qcvn.com.vn\/wp-content\/uploads\/2019\/01\/QCVNquantrachientruongdinhky-1-scaled.jpg\",\"width\":2560,\"height\":1920,\"caption\":\"B\u00e1o c\u00e1o quan tr\u1eafc \u0111\u1ecbnh k\u1ef3\"},{\"@type\":\"BreadcrumbList\",\"@id\":\"https:\/\/qcvn.com.vn\/en\/service\/electrical-electronics-it-trashed\/agricultural-production\/#breadcrumb\",\"itemListElement\":[{\"@type\":\"ListItem\",\"position\":1,\"name\":\"Home\",\"item\":\"https:\/\/qcvn.com.vn\/en\/\"},{\"@type\":\"ListItem\",\"position\":2,\"name\":\"Service\",\"item\":\"https:\/\/qcvn.com.vn\/en\/service\/\"},{\"@type\":\"ListItem\",\"position\":3,\"name\":\"Labor environment monitoring\",\"item\":\"https:\/\/qcvn.com.vn\/en\/labor-environment-monitoring\/\"},{\"@type\":\"ListItem\",\"position\":4,\"name\":\"Agricultural production\"}]},{\"@type\":\"WebSite\",\"@id\":\"https:\/\/qcvn.com.vn\/en\/#website\",\"url\":\"https:\/\/qcvn.com.vn\/en\/\",\"name\":\"C\u00d4NG TY CP K\u1ef8 THU\u1eacT TI\u00caU CHU\u1ea8N QCVN VI\u1ec6T NAM\",\"description\":\"Ph\u00e2n t\u00edch n\u01b0\u1edbc\",\"publisher\":{\"@id\":\"https:\/\/qcvn.com.vn\/en\/#organization\"},\"potentialAction\":[{\"@type\":\"SearchAction\",\"target\":{\"@type\":\"EntryPoint\",\"urlTemplate\":\"https:\/\/qcvn.com.vn\/en\/?s={search_term_string}\"},\"query-input\":{\"@type\":\"PropertyValueSpecification\",\"valueRequired\":true,\"valueName\":\"search_term_string\"}}],\"inLanguage\":\"en-US\"},{\"@type\":\"Organization\",\"@id\":\"https:\/\/qcvn.com.vn\/en\/#organization\",\"name\":\"C\u00d4NG TY C\u1ed4 PH\u1ea6N K\u1ef8 THU\u1eacT TI\u00caU CHU\u1ea8N QCVN VI\u1ec6T NAM\",\"url\":\"https:\/\/qcvn.com.vn\/en\/\",\"logo\":{\"@type\":\"ImageObject\",\"inLanguage\":\"en-US\",\"@id\":\"https:\/\/qcvn.com.vn\/en\/#\/schema\/logo\/image\/\",\"url\":\"https:\/\/qcvn.com.vn\/wp-content\/uploads\/2019\/01\/logo-QCVN.jpg\",\"contentUrl\":\"https:\/\/qcvn.com.vn\/wp-content\/uploads\/2019\/01\/logo-QCVN.jpg\",\"width\":1200,\"height\":476,\"caption\":\"C\u00d4NG TY C\u1ed4 PH\u1ea6N K\u1ef8 THU\u1eacT TI\u00caU CHU\u1ea8N QCVN VI\u1ec6T NAM\"},\"image\":{\"@id\":\"https:\/\/qcvn.com.vn\/en\/#\/schema\/logo\/image\/\"},\"sameAs\":[\"https:\/\/www.facebook.com\/kythuatieuchuanQCVN\/?ref=br_rs\"]}]}<\/script>\n<!-- \/ Yoast SEO plugin. -->","yoast_head_json":{"title":"Agricultural production QCVN Viet Nam","description":"With the capacity of a team of many technical staff and consultants with a modern laboratory system, it is certified to meet international operating","robots":{"index":"index","follow":"follow","max-snippet":"max-snippet:-1","max-image-preview":"max-image-preview:large","max-video-preview":"max-video-preview:-1"},"canonical":"https:\/\/qcvn.com.vn\/en\/service\/electrical-electronics-it-trashed\/agricultural-production\/","og_locale":"en_US","og_type":"article","og_title":"Agricultural production QCVN Viet Nam","og_description":"With the capacity of a team of many technical staff and consultants with a modern laboratory system, it is certified to meet international operating","og_url":"https:\/\/qcvn.com.vn\/en\/service\/electrical-electronics-it-trashed\/agricultural-production\/","og_site_name":"C\u00d4NG TY CP K\u1ef8 THU\u1eacT TI\u00caU CHU\u1ea8N QCVN VI\u1ec6T NAM","article_publisher":"https:\/\/www.facebook.com\/kythuatieuchuanQCVN\/?ref=br_rs","article_modified_time":"2019-03-04T07:52:44+00:00","og_image":[{"width":1067,"height":800,"url":"https:\/\/qcvn.com.vn\/wp-content\/uploads\/2019\/01\/QCVNquantrachientruongdinhky-1-1067x800.jpg","type":"image\/jpeg"}],"twitter_card":"summary_large_image","twitter_misc":{"Est. reading time":"1 minute"},"schema":{"@context":"https:\/\/schema.org","@graph":[{"@type":"WebPage","@id":"https:\/\/qcvn.com.vn\/en\/service\/electrical-electronics-it-trashed\/agricultural-production\/","url":"https:\/\/qcvn.com.vn\/en\/service\/electrical-electronics-it-trashed\/agricultural-production\/","name":"Agricultural production QCVN Viet Nam","isPartOf":{"@id":"https:\/\/qcvn.com.vn\/en\/#website"},"primaryImageOfPage":{"@id":"https:\/\/qcvn.com.vn\/en\/service\/electrical-electronics-it-trashed\/agricultural-production\/#primaryimage"},"image":{"@id":"https:\/\/qcvn.com.vn\/en\/service\/electrical-electronics-it-trashed\/agricultural-production\/#primaryimage"},"thumbnailUrl":"https:\/\/qcvn.com.vn\/wp-content\/uploads\/2019\/01\/QCVNquantrachientruongdinhky-1-scaled.jpg","datePublished":"2018-11-08T09:08:59+00:00","dateModified":"2019-03-04T07:52:44+00:00","description":"With the capacity of a team of many technical staff and consultants with a modern laboratory system, it is certified to meet international operating","breadcrumb":{"@id":"https:\/\/qcvn.com.vn\/en\/service\/electrical-electronics-it-trashed\/agricultural-production\/#breadcrumb"},"inLanguage":"en-US","potentialAction":[{"@type":"ReadAction","target":["https:\/\/qcvn.com.vn\/en\/service\/electrical-electronics-it-trashed\/agricultural-production\/"]}]},{"@type":"ImageObject","inLanguage":"en-US","@id":"https:\/\/qcvn.com.vn\/en\/service\/electrical-electronics-it-trashed\/agricultural-production\/#primaryimage","url":"https:\/\/qcvn.com.vn\/wp-content\/uploads\/2019\/01\/QCVNquantrachientruongdinhky-1-scaled.jpg","contentUrl":"https:\/\/qcvn.com.vn\/wp-content\/uploads\/2019\/01\/QCVNquantrachientruongdinhky-1-scaled.jpg","width":2560,"height":1920,"caption":"B\u00e1o c\u00e1o quan tr\u1eafc \u0111\u1ecbnh k\u1ef3"},{"@type":"BreadcrumbList","@id":"https:\/\/qcvn.com.vn\/en\/service\/electrical-electronics-it-trashed\/agricultural-production\/#breadcrumb","itemListElement":[{"@type":"ListItem","position":1,"name":"Home","item":"https:\/\/qcvn.com.vn\/en\/"},{"@type":"ListItem","position":2,"name":"Service","item":"https:\/\/qcvn.com.vn\/en\/service\/"},{"@type":"ListItem","position":3,"name":"Labor environment monitoring","item":"https:\/\/qcvn.com.vn\/en\/labor-environment-monitoring\/"},{"@type":"ListItem","position":4,"name":"Agricultural production"}]},{"@type":"WebSite","@id":"https:\/\/qcvn.com.vn\/en\/#website","url":"https:\/\/qcvn.com.vn\/en\/","name":"C\u00d4NG TY CP K\u1ef8 THU\u1eacT TI\u00caU CHU\u1ea8N QCVN VI\u1ec6T NAM","description":"Ph\u00e2n t\u00edch n\u01b0\u1edbc","publisher":{"@id":"https:\/\/qcvn.com.vn\/en\/#organization"},"potentialAction":[{"@type":"SearchAction","target":{"@type":"EntryPoint","urlTemplate":"https:\/\/qcvn.com.vn\/en\/?s={search_term_string}"},"query-input":{"@type":"PropertyValueSpecification","valueRequired":true,"valueName":"search_term_string"}}],"inLanguage":"en-US"},{"@type":"Organization","@id":"https:\/\/qcvn.com.vn\/en\/#organization","name":"C\u00d4NG TY C\u1ed4 PH\u1ea6N K\u1ef8 THU\u1eacT TI\u00caU CHU\u1ea8N QCVN VI\u1ec6T NAM","url":"https:\/\/qcvn.com.vn\/en\/","logo":{"@type":"ImageObject","inLanguage":"en-US","@id":"https:\/\/qcvn.com.vn\/en\/#\/schema\/logo\/image\/","url":"https:\/\/qcvn.com.vn\/wp-content\/uploads\/2019\/01\/logo-QCVN.jpg","contentUrl":"https:\/\/qcvn.com.vn\/wp-content\/uploads\/2019\/01\/logo-QCVN.jpg","width":1200,"height":476,"caption":"C\u00d4NG TY C\u1ed4 PH\u1ea6N K\u1ef8 THU\u1eacT TI\u00caU CHU\u1ea8N QCVN VI\u1ec6T NAM"},"image":{"@id":"https:\/\/qcvn.com.vn\/en\/#\/schema\/logo\/image\/"},"sameAs":["https:\/\/www.facebook.com\/kythuatieuchuanQCVN\/?ref=br_rs"]}]}},"_links":{"self":[{"href":"https:\/\/qcvn.com.vn\/en\/wp-json\/wp\/v2\/pages\/834","targetHints":{"allow":["GET"]}}],"collection":[{"href":"https:\/\/qcvn.com.vn\/en\/wp-json\/wp\/v2\/pages"}],"about":[{"href":"https:\/\/qcvn.com.vn\/en\/wp-json\/wp\/v2\/types\/page"}],"author":[{"embeddable":true,"href":"https:\/\/qcvn.com.vn\/en\/wp-json\/wp\/v2\/users\/1"}],"replies":[{"embeddable":true,"href":"https:\/\/qcvn.com.vn\/en\/wp-json\/wp\/v2\/comments?post=834"}],"version-history":[{"count":0,"href":"https:\/\/qcvn.com.vn\/en\/wp-json\/wp\/v2\/pages\/834\/revisions"}],"up":[{"embeddable":true,"href":"https:\/\/qcvn.com.vn\/en\/wp-json\/wp\/v2\/pages\/826"}],"wp:featuredmedia":[{"embeddable":true,"href":"https:\/\/qcvn.com.vn\/en\/wp-json\/wp\/v2\/media\/1850"}],"wp:attachment":[{"href":"https:\/\/qcvn.com.vn\/en\/wp-json\/wp\/v2\/media?parent=834"}],"curies":[{"name":"wp","href":"https:\/\/api.w.org\/{rel}","templated":true}]}}