{"id":833,"date":"2018-11-08T08:31:56","date_gmt":"2018-11-08T01:31:56","guid":{"rendered":"http:\/\/21314.lamdx.vinawebsite.vn\/?page_id=833"},"modified":"2019-03-05T14:01:10","modified_gmt":"2019-03-05T07:01:10","slug":"monitoring-indicators-of-toxic-gases","status":"publish","type":"page","link":"https:\/\/qcvn.com.vn\/en\/monitoring-indicators-of-toxic-gases\/","title":{"rendered":"Monitoring indicators of toxic gases in the working environment"},"content":{"rendered":"<section class=\"serv_content\">\n<div class=\"row clearfix padding-body\">\n<h3><span style=\"color: #282828;\">Monitoring indicators of toxic gases in the working environment<\/span><\/h3>\n<ul class=\"col-lg-12 serv_ov_list_content\">\n<li><span style=\"color: #282828;\">Monitoring labor environment according to Decree 44\/2016 \/ ND-CP QCVN Technical Joint Stock Company, would like to introduce the company environmental monitoring services as follows:<\/span><br \/>\n<table style=\"width: 789px; height: 1112px;\" border=\"1\" width=\"633\">\n<tbody>\n<tr style=\"height: 519px;\">\n<td style=\"height: 519px; width: 218.264px;\"><span style=\"color: #282828;\"><strong>1. Microclimate factor:<\/strong><\/span><\/p>\n<ul style=\"list-style-type: circle;\">\n<li><span style=\"color: #282828;\">Temperature;<\/span><\/li>\n<li><span style=\"color: #282828;\">Humidity;<\/span><\/li>\n<li><span style=\"color: #282828;\">Wind speed;<\/span><\/li>\n<li><span style=\"color: #282828;\">Heat radiation.<\/span><\/li>\n<\/ul>\n<p>&nbsp;<\/p>\n<p>&nbsp;<\/p>\n<p>&nbsp;<\/p>\n<p>&nbsp;<\/p>\n<p>&nbsp;<\/td>\n<td style=\"height: 519px; width: 277.153px;\"><span style=\"color: #282828;\"><strong>2. Physical factors:<\/strong><\/span><\/p>\n<ul style=\"list-style-type: circle;\">\n<li><span style=\"color: #282828;\">The light;<\/span><\/li>\n<li><span style=\"color: #282828;\">Noise, Frequency band noise;<\/span><\/li>\n<li><span style=\"color: #282828;\">Vertical or horizontal vibration velocity \/ acceleration;<\/span><\/li>\n<li><span style=\"color: #282828;\">Radiation;<\/span><\/li>\n<li><span style=\"color: #282828;\">Industrial frequency electromagnetic field;<\/span><\/li>\n<li><span style=\"color: #282828;\">High frequency electromagnetic fields;<\/span><\/li>\n<li><span style=\"color: #282828;\">Ultraviolet radiation.<\/span><\/li>\n<\/ul>\n<p>&nbsp;<\/p>\n<p>&nbsp;<\/p>\n<p>&nbsp;<\/p>\n<p>&nbsp;<\/td>\n<td style=\"height: 519px; width: 277.153px;\"><span style=\"color: #282828;\"><strong>3. Factors dust types:<\/strong><\/span><\/p>\n<ul style=\"list-style-type: circle;\">\n<li><span style=\"color: #282828;\">Full dust;<\/span><\/li>\n<li><span style=\"color: #282828;\">Respiratory dust;<\/span><\/li>\n<li><span style=\"color: #282828;\">PM10 Dust<\/span><\/li>\n<li><span style=\"color: #282828;\">PM7 Dust<\/span><\/li>\n<li><span style=\"color: #282828;\">PM 4 Dust<\/span><\/li>\n<li><span style=\"color: #282828;\">PM 2.5 Dust<\/span><\/li>\n<li><span style=\"color: #282828;\">Ordinary dust;<\/span><\/li>\n<li><span style=\"color: #282828;\">Silicon dust: analysis of free silicon content;<\/span><\/li>\n<li><span style=\"color: #282828;\">Asbestos dust;<\/span><\/li>\n<li><span style=\"color: #282828;\">Metal dust: (lead, manganese, cadmium, copper).<\/span><\/li>\n<li><span style=\"color: #282828;\">Coal dust;<\/span><\/li>\n<li><span style=\"color: #282828;\">Talc dust;<\/span><\/li>\n<li><span style=\"color: #282828;\">Cotton dust.<\/span><\/li>\n<\/ul>\n<\/td>\n<\/tr>\n<tr style=\"height: 593px;\">\n<td style=\"height: 593px; width: 218.264px;\"><span style=\"color: #282828;\"><strong>4. Toxic gas element:<\/strong><\/span><\/p>\n<ul style=\"list-style-type: disc;\">\n<li><span style=\"color: #282828;\">Metal and ionic metal vapor (Hg, As, Pb, Cr, Cd, Ni &#8230;);<\/span><\/li>\n<li><span style=\"color: #282828;\">CO2<\/span><\/li>\n<li><span style=\"color: #282828;\">CO;<\/span><\/li>\n<li><span style=\"color: #282828;\">NO2<\/span><\/li>\n<li><span style=\"color: #282828;\">SO2<\/span><\/li>\n<li><span style=\"color: #282828;\">H2S<\/span><\/li>\n<li><span style=\"color: #282828;\">NH3<\/span><\/li>\n<li><span style=\"color: #282828;\">Inorganic acids (H2SO4, HNO3, HCl, HF)<\/span><\/li>\n<li><span style=\"color: #282828;\">And all substances according to Decision 3733 \/ QD-BTY<\/span><\/li>\n<\/ul>\n<\/td>\n<td style=\"height: 593px; width: 277.153px;\"><span style=\"color: #282828;\"><strong>5. Physiological and mental factors Ergonomi<\/strong><\/span><\/p>\n<p><span style=\"color: #282828;\">&#8211; Evaluate the burden of physical labor;<\/span><\/p>\n<p><span style=\"color: #282828;\">&#8211; Evaluate the burden of intellectual labor;<\/span><\/p>\n<p><span style=\"color: #282828;\">&#8211; Evaluate Ecgonomi working conditions;<\/span><\/p>\n<p><span style=\"color: #282828;\">&#8211; Evaluate working posture.<\/span><\/p>\n<p>&nbsp;<\/p>\n<p>&nbsp;<\/p>\n<p><span style=\"color: #282828;\">.<\/span><\/td>\n<td style=\"height: 593px; width: 277.153px;\"><span style=\"color: #282828;\"><strong>6. Evaluate occupational exposure factors<\/strong><\/span><\/p>\n<p><span style=\"color: #282828;\">&#8211; Microbiological factors;<\/span><\/p>\n<p><span style=\"color: #282828;\">&#8211; Allergic factors, sensitive;<\/span><\/p>\n<p><span style=\"color: #282828;\">&#8211; Solvent;<\/span><\/p>\n<p><span style=\"color: #282828;\">&#8211; Carcinogenic factor:<\/span><\/p>\n<p>&nbsp;<\/p>\n<p>&nbsp;<\/p>\n<p>&nbsp;<\/p>\n<p>&nbsp;<\/td>\n<\/tr>\n<\/tbody>\n<\/table>\n<p><span style=\"color: #282828;\"><strong>\u00a0<\/strong><\/span><\/p>\n<ul>\n<li><span style=\"color: #282828;\">National technical regulation QCVN 25: 2016 \/ BYT on industrial frequency electromagnetic field &#8211; Exposure level allows industrial frequency electromagnetic field at work place<\/span><\/li>\n<li><span style=\"color: #282828;\">National technical regulation QCVN 21: 2016 \/ BYT on high frequency electromagnetic fields &#8211; Exposure level allows high frequency electromagnetic fields at work<\/span><\/li>\n<li><span style=\"color: #282828;\">National Technical Regulation QCVN 23: 2016 \/ BYT on Ultraviolet Radiation &#8211; Exposure level allows ultraviolet radiation at work<\/span><\/li>\n<li><span style=\"color: #282828;\">National technical regulation QCVN 26: 2016 \/ BYT on Microclimate &#8211; Value for microclimate at workplace<\/span><\/li>\n<li><span style=\"color: #282828;\">National technical regulation QCVN 27: 2016 \/ BYT on Vibration &#8211; Allowable value at the workplace<\/span><\/li>\n<li><span style=\"color: #282828;\">National technical regulation QCVN 29: 2016 \/ BYT on ionizing radiation &#8211; Limiting dose of ionizing radiation exposure at work<\/span><\/li>\n<li><span style=\"color: #282828;\">National technical regulation QCVN 30: 2016 \/ BYT on X-ray radiation &#8211; Limiting dose of exposure to x-radiation at work<\/span><\/li>\n<li><span style=\"color: #282828;\">National standard TCVN 8092: 2009 (ISO 7010: 2003) on Graphic Symbols &#8211; Safe colors and safety signs &#8211; Safety signs used at work and public places<\/span><\/li>\n<\/ul>\n<p><span style=\"color: #282828;\">Customers need to perform labor environment testing, make a record of labor environment monitoring, labor safety and hygiene records please contact QCVN (028) 7308 6678 for advice and guidance quickly and accurately comply with current regulations.<\/span><\/li>\n<\/ul>\n<\/div>\n<\/section>\n","protected":false},"excerpt":{"rendered":"<p>Monitoring indicators of toxic gases in the working environment Monitoring labor environment according to Decree 44\/2016 \/ ND-CP QCVN Technical Joint Stock Company, would like to introduce the company environmental monitoring services as follows: 1. Microclimate factor: Temperature; Humidity; Wind speed; Heat radiation. &nbsp; &nbsp; &nbsp; &nbsp; &nbsp; 2. Physical factors: The light; Noise, Frequency&#8230;<\/p>\n","protected":false},"author":1,"featured_media":4477,"parent":826,"menu_order":0,"comment_status":"closed","ping_status":"closed","template":"page-dichvu.php","meta":{"_acf_changed":false,"footnotes":""},"class_list":["post-833","page","type-page","status-publish","has-post-thumbnail","hentry"],"acf":[],"yoast_head":"<!-- This site is optimized with the Yoast SEO plugin v25.8 - https:\/\/yoast.com\/wordpress\/plugins\/seo\/ -->\n<title>Monitoring indicators of toxic gases in the working environment<\/title>\n<meta name=\"description\" content=\"Monitoring indicators of toxic gases (028) 7308 6678 for advice and guidance quickly and accurately comply with current regulations.\" \/>\n<meta name=\"robots\" content=\"index, follow, max-snippet:-1, max-image-preview:large, max-video-preview:-1\" \/>\n<link rel=\"canonical\" href=\"https:\/\/qcvn.com.vn\/en\/monitoring-indicators-of-toxic-gases\/\" \/>\n<meta property=\"og:locale\" content=\"en_US\" \/>\n<meta property=\"og:type\" content=\"article\" \/>\n<meta property=\"og:title\" content=\"Monitoring indicators of toxic gases in the working environment\" \/>\n<meta property=\"og:description\" content=\"Monitoring indicators of toxic gases (028) 7308 6678 for advice and guidance quickly and accurately comply with current regulations.\" \/>\n<meta property=\"og:url\" content=\"https:\/\/qcvn.com.vn\/en\/monitoring-indicators-of-toxic-gases\/\" \/>\n<meta property=\"og:site_name\" content=\"C\u00d4NG TY CP K\u1ef8 THU\u1eacT TI\u00caU CHU\u1ea8N QCVN VI\u1ec6T NAM\" \/>\n<meta property=\"article:publisher\" content=\"https:\/\/www.facebook.com\/kythuatieuchuanQCVN\/?ref=br_rs\" \/>\n<meta property=\"article:modified_time\" content=\"2019-03-05T07:01:10+00:00\" \/>\n<meta property=\"og:image\" content=\"https:\/\/qcvn.com.vn\/wp-content\/uploads\/2020\/08\/\u0111o-kh\u00ed-\u0111\u1ed9c.jpg\" \/>\n\t<meta property=\"og:image:width\" content=\"1280\" \/>\n\t<meta property=\"og:image:height\" content=\"960\" \/>\n\t<meta property=\"og:image:type\" content=\"image\/jpeg\" \/>\n<meta name=\"twitter:card\" content=\"summary_large_image\" \/>\n<meta name=\"twitter:label1\" content=\"Est. reading time\" \/>\n\t<meta name=\"twitter:data1\" content=\"2 minutes\" \/>\n<script type=\"application\/ld+json\" class=\"yoast-schema-graph\">{\"@context\":\"https:\/\/schema.org\",\"@graph\":[{\"@type\":\"WebPage\",\"@id\":\"https:\/\/qcvn.com.vn\/en\/monitoring-indicators-of-toxic-gases\/\",\"url\":\"https:\/\/qcvn.com.vn\/en\/monitoring-indicators-of-toxic-gases\/\",\"name\":\"Monitoring indicators of toxic gases in the working environment\",\"isPartOf\":{\"@id\":\"https:\/\/qcvn.com.vn\/en\/#website\"},\"primaryImageOfPage\":{\"@id\":\"https:\/\/qcvn.com.vn\/en\/monitoring-indicators-of-toxic-gases\/#primaryimage\"},\"image\":{\"@id\":\"https:\/\/qcvn.com.vn\/en\/monitoring-indicators-of-toxic-gases\/#primaryimage\"},\"thumbnailUrl\":\"https:\/\/qcvn.com.vn\/wp-content\/uploads\/2020\/08\/\u0111o-kh\u00ed-\u0111\u1ed9c.jpg\",\"datePublished\":\"2018-11-08T01:31:56+00:00\",\"dateModified\":\"2019-03-05T07:01:10+00:00\",\"description\":\"Monitoring indicators of toxic gases (028) 7308 6678 for advice and guidance quickly and accurately comply with current regulations.\",\"breadcrumb\":{\"@id\":\"https:\/\/qcvn.com.vn\/en\/monitoring-indicators-of-toxic-gases\/#breadcrumb\"},\"inLanguage\":\"en-US\",\"potentialAction\":[{\"@type\":\"ReadAction\",\"target\":[\"https:\/\/qcvn.com.vn\/en\/monitoring-indicators-of-toxic-gases\/\"]}]},{\"@type\":\"ImageObject\",\"inLanguage\":\"en-US\",\"@id\":\"https:\/\/qcvn.com.vn\/en\/monitoring-indicators-of-toxic-gases\/#primaryimage\",\"url\":\"https:\/\/qcvn.com.vn\/wp-content\/uploads\/2020\/08\/\u0111o-kh\u00ed-\u0111\u1ed9c.jpg\",\"contentUrl\":\"https:\/\/qcvn.com.vn\/wp-content\/uploads\/2020\/08\/\u0111o-kh\u00ed-\u0111\u1ed9c.jpg\",\"width\":1280,\"height\":960,\"caption\":\"\u0111o kh\u00ed \u0111\u1ed9c\"},{\"@type\":\"BreadcrumbList\",\"@id\":\"https:\/\/qcvn.com.vn\/en\/monitoring-indicators-of-toxic-gases\/#breadcrumb\",\"itemListElement\":[{\"@type\":\"ListItem\",\"position\":1,\"name\":\"Home\",\"item\":\"https:\/\/qcvn.com.vn\/en\/\"},{\"@type\":\"ListItem\",\"position\":2,\"name\":\"Service\",\"item\":\"https:\/\/qcvn.com.vn\/en\/service\/\"},{\"@type\":\"ListItem\",\"position\":3,\"name\":\"Labor environment monitoring\",\"item\":\"https:\/\/qcvn.com.vn\/en\/labor-environment-monitoring\/\"},{\"@type\":\"ListItem\",\"position\":4,\"name\":\"Monitoring indicators of toxic gases in the working environment\"}]},{\"@type\":\"WebSite\",\"@id\":\"https:\/\/qcvn.com.vn\/en\/#website\",\"url\":\"https:\/\/qcvn.com.vn\/en\/\",\"name\":\"C\u00d4NG TY CP K\u1ef8 THU\u1eacT TI\u00caU CHU\u1ea8N QCVN VI\u1ec6T NAM\",\"description\":\"Ph\u00e2n t\u00edch n\u01b0\u1edbc\",\"publisher\":{\"@id\":\"https:\/\/qcvn.com.vn\/en\/#organization\"},\"potentialAction\":[{\"@type\":\"SearchAction\",\"target\":{\"@type\":\"EntryPoint\",\"urlTemplate\":\"https:\/\/qcvn.com.vn\/en\/?s={search_term_string}\"},\"query-input\":{\"@type\":\"PropertyValueSpecification\",\"valueRequired\":true,\"valueName\":\"search_term_string\"}}],\"inLanguage\":\"en-US\"},{\"@type\":\"Organization\",\"@id\":\"https:\/\/qcvn.com.vn\/en\/#organization\",\"name\":\"C\u00d4NG TY C\u1ed4 PH\u1ea6N K\u1ef8 THU\u1eacT TI\u00caU CHU\u1ea8N QCVN VI\u1ec6T NAM\",\"url\":\"https:\/\/qcvn.com.vn\/en\/\",\"logo\":{\"@type\":\"ImageObject\",\"inLanguage\":\"en-US\",\"@id\":\"https:\/\/qcvn.com.vn\/en\/#\/schema\/logo\/image\/\",\"url\":\"https:\/\/qcvn.com.vn\/wp-content\/uploads\/2019\/01\/logo-QCVN.jpg\",\"contentUrl\":\"https:\/\/qcvn.com.vn\/wp-content\/uploads\/2019\/01\/logo-QCVN.jpg\",\"width\":1200,\"height\":476,\"caption\":\"C\u00d4NG TY C\u1ed4 PH\u1ea6N K\u1ef8 THU\u1eacT TI\u00caU CHU\u1ea8N QCVN VI\u1ec6T NAM\"},\"image\":{\"@id\":\"https:\/\/qcvn.com.vn\/en\/#\/schema\/logo\/image\/\"},\"sameAs\":[\"https:\/\/www.facebook.com\/kythuatieuchuanQCVN\/?ref=br_rs\"]}]}<\/script>\n<!-- \/ Yoast SEO plugin. -->","yoast_head_json":{"title":"Monitoring indicators of toxic gases in the working environment","description":"Monitoring indicators of toxic gases (028) 7308 6678 for advice and guidance quickly and accurately comply with current regulations.","robots":{"index":"index","follow":"follow","max-snippet":"max-snippet:-1","max-image-preview":"max-image-preview:large","max-video-preview":"max-video-preview:-1"},"canonical":"https:\/\/qcvn.com.vn\/en\/monitoring-indicators-of-toxic-gases\/","og_locale":"en_US","og_type":"article","og_title":"Monitoring indicators of toxic gases in the working environment","og_description":"Monitoring indicators of toxic gases (028) 7308 6678 for advice and guidance quickly and accurately comply with current regulations.","og_url":"https:\/\/qcvn.com.vn\/en\/monitoring-indicators-of-toxic-gases\/","og_site_name":"C\u00d4NG TY CP K\u1ef8 THU\u1eacT TI\u00caU CHU\u1ea8N QCVN VI\u1ec6T NAM","article_publisher":"https:\/\/www.facebook.com\/kythuatieuchuanQCVN\/?ref=br_rs","article_modified_time":"2019-03-05T07:01:10+00:00","og_image":[{"width":1280,"height":960,"url":"https:\/\/qcvn.com.vn\/wp-content\/uploads\/2020\/08\/\u0111o-kh\u00ed-\u0111\u1ed9c.jpg","type":"image\/jpeg"}],"twitter_card":"summary_large_image","twitter_misc":{"Est. reading time":"2 minutes"},"schema":{"@context":"https:\/\/schema.org","@graph":[{"@type":"WebPage","@id":"https:\/\/qcvn.com.vn\/en\/monitoring-indicators-of-toxic-gases\/","url":"https:\/\/qcvn.com.vn\/en\/monitoring-indicators-of-toxic-gases\/","name":"Monitoring indicators of toxic gases in the working environment","isPartOf":{"@id":"https:\/\/qcvn.com.vn\/en\/#website"},"primaryImageOfPage":{"@id":"https:\/\/qcvn.com.vn\/en\/monitoring-indicators-of-toxic-gases\/#primaryimage"},"image":{"@id":"https:\/\/qcvn.com.vn\/en\/monitoring-indicators-of-toxic-gases\/#primaryimage"},"thumbnailUrl":"https:\/\/qcvn.com.vn\/wp-content\/uploads\/2020\/08\/\u0111o-kh\u00ed-\u0111\u1ed9c.jpg","datePublished":"2018-11-08T01:31:56+00:00","dateModified":"2019-03-05T07:01:10+00:00","description":"Monitoring indicators of toxic gases (028) 7308 6678 for advice and guidance quickly and accurately comply with current regulations.","breadcrumb":{"@id":"https:\/\/qcvn.com.vn\/en\/monitoring-indicators-of-toxic-gases\/#breadcrumb"},"inLanguage":"en-US","potentialAction":[{"@type":"ReadAction","target":["https:\/\/qcvn.com.vn\/en\/monitoring-indicators-of-toxic-gases\/"]}]},{"@type":"ImageObject","inLanguage":"en-US","@id":"https:\/\/qcvn.com.vn\/en\/monitoring-indicators-of-toxic-gases\/#primaryimage","url":"https:\/\/qcvn.com.vn\/wp-content\/uploads\/2020\/08\/\u0111o-kh\u00ed-\u0111\u1ed9c.jpg","contentUrl":"https:\/\/qcvn.com.vn\/wp-content\/uploads\/2020\/08\/\u0111o-kh\u00ed-\u0111\u1ed9c.jpg","width":1280,"height":960,"caption":"\u0111o kh\u00ed \u0111\u1ed9c"},{"@type":"BreadcrumbList","@id":"https:\/\/qcvn.com.vn\/en\/monitoring-indicators-of-toxic-gases\/#breadcrumb","itemListElement":[{"@type":"ListItem","position":1,"name":"Home","item":"https:\/\/qcvn.com.vn\/en\/"},{"@type":"ListItem","position":2,"name":"Service","item":"https:\/\/qcvn.com.vn\/en\/service\/"},{"@type":"ListItem","position":3,"name":"Labor environment monitoring","item":"https:\/\/qcvn.com.vn\/en\/labor-environment-monitoring\/"},{"@type":"ListItem","position":4,"name":"Monitoring indicators of toxic gases in the working environment"}]},{"@type":"WebSite","@id":"https:\/\/qcvn.com.vn\/en\/#website","url":"https:\/\/qcvn.com.vn\/en\/","name":"C\u00d4NG TY CP K\u1ef8 THU\u1eacT TI\u00caU CHU\u1ea8N QCVN VI\u1ec6T NAM","description":"Ph\u00e2n t\u00edch n\u01b0\u1edbc","publisher":{"@id":"https:\/\/qcvn.com.vn\/en\/#organization"},"potentialAction":[{"@type":"SearchAction","target":{"@type":"EntryPoint","urlTemplate":"https:\/\/qcvn.com.vn\/en\/?s={search_term_string}"},"query-input":{"@type":"PropertyValueSpecification","valueRequired":true,"valueName":"search_term_string"}}],"inLanguage":"en-US"},{"@type":"Organization","@id":"https:\/\/qcvn.com.vn\/en\/#organization","name":"C\u00d4NG TY C\u1ed4 PH\u1ea6N K\u1ef8 THU\u1eacT TI\u00caU CHU\u1ea8N QCVN VI\u1ec6T NAM","url":"https:\/\/qcvn.com.vn\/en\/","logo":{"@type":"ImageObject","inLanguage":"en-US","@id":"https:\/\/qcvn.com.vn\/en\/#\/schema\/logo\/image\/","url":"https:\/\/qcvn.com.vn\/wp-content\/uploads\/2019\/01\/logo-QCVN.jpg","contentUrl":"https:\/\/qcvn.com.vn\/wp-content\/uploads\/2019\/01\/logo-QCVN.jpg","width":1200,"height":476,"caption":"C\u00d4NG TY C\u1ed4 PH\u1ea6N K\u1ef8 THU\u1eacT TI\u00caU CHU\u1ea8N QCVN VI\u1ec6T NAM"},"image":{"@id":"https:\/\/qcvn.com.vn\/en\/#\/schema\/logo\/image\/"},"sameAs":["https:\/\/www.facebook.com\/kythuatieuchuanQCVN\/?ref=br_rs"]}]}},"_links":{"self":[{"href":"https:\/\/qcvn.com.vn\/en\/wp-json\/wp\/v2\/pages\/833","targetHints":{"allow":["GET"]}}],"collection":[{"href":"https:\/\/qcvn.com.vn\/en\/wp-json\/wp\/v2\/pages"}],"about":[{"href":"https:\/\/qcvn.com.vn\/en\/wp-json\/wp\/v2\/types\/page"}],"author":[{"embeddable":true,"href":"https:\/\/qcvn.com.vn\/en\/wp-json\/wp\/v2\/users\/1"}],"replies":[{"embeddable":true,"href":"https:\/\/qcvn.com.vn\/en\/wp-json\/wp\/v2\/comments?post=833"}],"version-history":[{"count":0,"href":"https:\/\/qcvn.com.vn\/en\/wp-json\/wp\/v2\/pages\/833\/revisions"}],"up":[{"embeddable":true,"href":"https:\/\/qcvn.com.vn\/en\/wp-json\/wp\/v2\/pages\/826"}],"wp:featuredmedia":[{"embeddable":true,"href":"https:\/\/qcvn.com.vn\/en\/wp-json\/wp\/v2\/media\/4477"}],"wp:attachment":[{"href":"https:\/\/qcvn.com.vn\/en\/wp-json\/wp\/v2\/media?parent=833"}],"curies":[{"name":"wp","href":"https:\/\/api.w.org\/{rel}","templated":true}]}}