{"id":824,"date":"2018-11-06T09:45:01","date_gmt":"2018-11-06T02:45:01","guid":{"rendered":"http:\/\/21314.lamdx.vinawebsite.vn\/?page_id=824"},"modified":"2021-06-30T17:11:12","modified_gmt":"2021-06-30T10:11:12","slug":"monitoring-analysis-services","status":"publish","type":"page","link":"https:\/\/qcvn.com.vn\/en\/service\/","title":{"rendered":"Service"},"content":{"rendered":"<p style=\"text-align: justify;\"><em><strong><span style=\"color: #282828; font-size: 120%;\">Dear valued customer !<\/span><\/strong><\/em><\/p>\n<p style=\"text-align: justify;\"><span style=\"color: #282828; font-size: 120%;\">QCVN would like to send respectful greetings, health and prosperity to your agencies and businesses. <\/span><\/p>\n<p style=\"text-align: justify;\"><span style=\"color: #282828; font-size: 120%;\">Vietnam Center for Environmental Analysis and Monitoring belongs to Vietnam QCVN Standard Technology Joint Stock Company, which is certified by the Ministry of Natural Resources and Environment to be eligible to operate environmental monitoring services in two areas: <\/span><\/p>\n<ul>\n<li style=\"text-align: justify;\"><span style=\"color: #282828; font-size: 120%;\">Field observation<\/span><\/li>\n<li style=\"text-align: justify;\"><span style=\"color: #282828; font-size: 120%;\">Analysis of environmental indicators of the country, air, soil, mud&#8230;<\/span><\/li>\n<\/ul>\n<ul style=\"list-style-type: circle;\">\n<li><span style=\"font-size: 120%;\"><span style=\"color: #282828;\">VIMCERTS 197 and 1316\/ Q\u0110-BTNMT;<\/span><\/span><\/li>\n<li><span style=\"font-size: 120%;\"><span style=\"color: #282828;\">Accreditation of appropriate assessment ISO\/IEC 17025:2017, VIAS number 5295.2018\/Q\u0110-VPCNCL;<\/span><\/span><\/li>\n<li><span style=\"font-size: 120%;\"><span style=\"color: #282828;\">Eligible to test the labor environment by the Department of Health of Ho Chi Minh City number 6229\/SYT-NVY.<\/span><\/span><\/li>\n<\/ul>\n<figure id=\"attachment_5562\" aria-describedby=\"caption-attachment-5562\" style=\"width: 1280px\" class=\"wp-caption aligncenter\"><a href=\"https:\/\/qcvn.com.vn\/wp-content\/uploads\/2021\/06\/phan-tich-nuoc.jpg\"><img loading=\"lazy\" decoding=\"async\" class=\"size-full wp-image-5562\" src=\"https:\/\/qcvn.com.vn\/wp-content\/uploads\/2021\/06\/phan-tich-nuoc.jpg\" alt=\"T\u1ea1i sao ch\u1ecdn QCVN l\u00e0 \u0111\u01a1n v\u1ecb th\u1ef1c hi\u1ec7n ph\u00e2n t\u00edch n\u01b0\u1edbc \u2022QCVN l\u00e0 \u0111\u01a1n v\u1ecb c\u00f3 n\u0103ng l\u1ef1c ph\u00e1p l\u00fd th\u1ef1c hi\u1ec7n theo \u0111\u00fang th\u00f4ng t\u01b0 24\/2017\/TT-BTNMT c\u1ee7a B\u1ed9 T\u00e0i Nguy\u00ean v\u00e0 m\u00f4i tr\u01b0\u1eddng; Ngh\u1ecb \u0111\u1ecbnh 107\/2016\/N\u0110-CP v\u1ec1 \u0111i\u1ec1u ki\u1ec7n kinh doanh d\u1ecbch v\u1ee5 \u0111\u00e1nh gi\u00e1 s\u1ef1 ph\u00f9 h\u1ee3p c\u1ee7a B\u1ed9 tr\u01b0\u1edfng B\u1ed9 Khoa h\u1ecdc v\u00e0 C\u00f4ng ngh\u1ec7; \u2022 QCVN c\u00f3 ch\u1ee9ng nh\u1eadn VIMCERTS 197 do B\u1ed9 t\u00e0i Nguy\u00ean v\u00e0 M\u00f4i Tr\u01b0\u1eddng c\u1ea5p l\u1ea7n 2 theo Quy\u1ebft \u0111\u1ecbnh s\u1ed1 2080\/Q\u0110-BTNMT \u2022 QCVN th\u1ef1c hi\u1ec7n v\u00e0 lu\u00f4n tu\u00e2n th\u1ee7 theo quy \u0111\u1ecbnh ISO 17025:2017 \u2022 Ch\u00fang t\u00f4i c\u00f3 \u0111\u1ea7y \u0111\u1ee7 n\u0103ng l\u1ef1c v\u1ec1 nh\u00e2n s\u1ef1 v\u00e0 m\u00e1y m\u00f3c thi\u1ebft b\u1ecb \u0111\u1ec3 th\u1ef1c hi\u1ec7n c\u00e1c ch\u1ec9 ti\u00eau trong n\u1ec1n m\u1eabu m\u00f4i tr\u01b0\u1eddng, n\u01b0\u1edbc \u2022 QCVN cam k\u1ebft \u0111\u01b0a ra chi ph\u00ed h\u1ee3p l\u00fd nh\u1ea5t v\u1edbi th\u1eddi gian tr\u1ea3 k\u1ebft qu\u1ea3 nhanh ch\u00f3ng \u0111\u1ebfn qu\u00fd kh\u00e1ch h\u00e0ng\" width=\"1280\" height=\"960\" srcset=\"https:\/\/qcvn.com.vn\/wp-content\/uploads\/2021\/06\/phan-tich-nuoc.jpg 1280w, https:\/\/qcvn.com.vn\/wp-content\/uploads\/2021\/06\/phan-tich-nuoc-600x450.jpg 600w, https:\/\/qcvn.com.vn\/wp-content\/uploads\/2021\/06\/phan-tich-nuoc-533x400.jpg 533w, https:\/\/qcvn.com.vn\/wp-content\/uploads\/2021\/06\/phan-tich-nuoc-1067x800.jpg 1067w, https:\/\/qcvn.com.vn\/wp-content\/uploads\/2021\/06\/phan-tich-nuoc-768x576.jpg 768w\" sizes=\"auto, (max-width: 1280px) 100vw, 1280px\" \/><\/a><figcaption id=\"caption-attachment-5562\" class=\"wp-caption-text\">ph\u00e2n t\u00edch n\u01b0\u1edbc<\/figcaption><\/figure>\n<figure id=\"attachment_3517\" aria-describedby=\"caption-attachment-3517\" style=\"width: 1200px\" class=\"wp-caption aligncenter\"><a href=\"https:\/\/qcvn.com.vn\/wp-content\/uploads\/2019\/09\/h\u00ecnh-\u1ea3nh-l\u1ea5y-m\u1eabu-hi\u1ec7n-tr\u01b0\u1eddng-QCVN.jpg\"><img loading=\"lazy\" decoding=\"async\" class=\"size-full wp-image-3518\" src=\"https:\/\/qcvn.com.vn\/wp-content\/uploads\/2019\/09\/h\u00ecnh-\u1ea3nh-l\u1ea5y-m\u1eabu-hi\u1ec7n-tr\u01b0\u1eddng-QCVN.jpg\" alt=\"Trung t\u00e2m ph\u00e2n t\u00edch QCVN\" width=\"1200\" height=\"450\" srcset=\"https:\/\/qcvn.com.vn\/wp-content\/uploads\/2019\/09\/h\u00ecnh-\u1ea3nh-l\u1ea5y-m\u1eabu-hi\u1ec7n-tr\u01b0\u1eddng-QCVN.jpg 1200w, https:\/\/qcvn.com.vn\/wp-content\/uploads\/2019\/09\/h\u00ecnh-\u1ea3nh-l\u1ea5y-m\u1eabu-hi\u1ec7n-tr\u01b0\u1eddng-QCVN-600x225.jpg 600w, https:\/\/qcvn.com.vn\/wp-content\/uploads\/2019\/09\/h\u00ecnh-\u1ea3nh-l\u1ea5y-m\u1eabu-hi\u1ec7n-tr\u01b0\u1eddng-QCVN-800x300.jpg 800w, https:\/\/qcvn.com.vn\/wp-content\/uploads\/2019\/09\/h\u00ecnh-\u1ea3nh-l\u1ea5y-m\u1eabu-hi\u1ec7n-tr\u01b0\u1eddng-QCVN-768x288.jpg 768w\" sizes=\"auto, (max-width: 1200px) 100vw, 1200px\" \/><\/a><figcaption id=\"caption-attachment-3517\" class=\"wp-caption-text\">Trung t\u00e2m ph\u00e2n t\u00edch QCVN<\/figcaption><\/figure>\n<h3><span style=\"color: #282828; font-size: 120%;\">Scope of activities of QCVN includes:<\/span><\/h3>\n<p style=\"text-align: justify;\"><span style=\"color: #282828; font-size: 120%;\"><img loading=\"lazy\" decoding=\"async\" class=\"wp-image-1496 size-large aligncenter\" src=\"https:\/\/qcvn.com.vn\/wp-content\/uploads\/2018\/12\/nang-luc-phong-thi-nghiem-1-1320x800.png\" alt=\"\" width=\"1020\" height=\"618\" srcset=\"https:\/\/qcvn.com.vn\/wp-content\/uploads\/2018\/12\/nang-luc-phong-thi-nghiem-1-1320x800.png 1320w, https:\/\/qcvn.com.vn\/wp-content\/uploads\/2018\/12\/nang-luc-phong-thi-nghiem-1-600x364.png 600w, https:\/\/qcvn.com.vn\/wp-content\/uploads\/2018\/12\/nang-luc-phong-thi-nghiem-1-660x400.png 660w, https:\/\/qcvn.com.vn\/wp-content\/uploads\/2018\/12\/nang-luc-phong-thi-nghiem-1-768x465.png 768w\" sizes=\"auto, (max-width: 1020px) 100vw, 1020px\" \/><\/span><\/p>\n<ul style=\"list-style-type: square; text-align: justify;\">\n<li style=\"text-align: justify;\">\n<blockquote><p><em><span style=\"color: #282828; font-size: 120%;\">Analysis of indicators in water (drinking water, ice, sewage, surface water &#8230;);<\/span><\/em><\/p><\/blockquote>\n<\/li>\n<li style=\"text-align: justify;\">\n<blockquote><p><em><span style=\"color: #282828; font-size: 120%;\">Environmental monitoring labor;<\/span><\/em><\/p><\/blockquote>\n<\/li>\n<li style=\"text-align: justify;\">\n<blockquote><p><em><span style=\"color: #282828; font-size: 120%;\">Food testing.<\/span><\/em><\/p><\/blockquote>\n<\/li>\n<li style=\"text-align: justify;\">\n<blockquote><p><em><span style=\"color: #282828; font-size: 120%;\">Training center for testing water, food and microbiological analysis Strengths of Vietnam Center for Environmental Analysis and Monitoring.<\/span><\/em><\/p><\/blockquote>\n<\/li>\n<li style=\"text-align: justify;\">\n<blockquote><p><span style=\"font-size: 120%; color: #282828;\"><em>Shareholders are masters, engineers with high professional qualifications, with more than 30 years of experience in water, food, microbiology analysis, combined with a team of young, enthusiastic and good technical staff. specialized training courses;<\/em><\/span><\/p><\/blockquote>\n<\/li>\n<li style=\"text-align: justify;\">\n<blockquote><p><span style=\"color: #282828; font-size: 120%;\"><em>QCVN is always a reliable companion of customers. We provide reliable test results, fast response time, cost of testing, compliance and compliance with regulatory and statutory requirements.<\/em><\/span><\/p><\/blockquote>\n<\/li>\n<li style=\"text-align: justify;\">\n<blockquote><p><span style=\"color: #282828; font-size: 120%;\"><em>Besides, we always improve the quality management system with modern information technology systems, ensuring absolute security for customers.<\/em><\/span><\/p><\/blockquote>\n<\/li>\n<\/ul>\n<p>&nbsp;<\/p>\n<figure id=\"attachment_3495\" aria-describedby=\"caption-attachment-3495\" style=\"width: 1200px\" class=\"wp-caption aligncenter\"><a href=\"https:\/\/qcvn.com.vn\/wp-content\/uploads\/2019\/09\/quantracmoitruong.jpg\"><img loading=\"lazy\" decoding=\"async\" class=\"size-full wp-image-3496\" src=\"https:\/\/qcvn.com.vn\/wp-content\/uploads\/2019\/09\/quantracmoitruong.jpg\" alt=\"d\u1ecbch v\u1ee5 quan tr\u1eafc ph\u00e2n t\u00edch m\u00f4i tr\u01b0\u1eddng\" width=\"1200\" height=\"450\" srcset=\"https:\/\/qcvn.com.vn\/wp-content\/uploads\/2019\/09\/quantracmoitruong.jpg 1200w, https:\/\/qcvn.com.vn\/wp-content\/uploads\/2019\/09\/quantracmoitruong-600x225.jpg 600w, https:\/\/qcvn.com.vn\/wp-content\/uploads\/2019\/09\/quantracmoitruong-800x300.jpg 800w, https:\/\/qcvn.com.vn\/wp-content\/uploads\/2019\/09\/quantracmoitruong-768x288.jpg 768w\" sizes=\"auto, (max-width: 1200px) 100vw, 1200px\" \/><\/a><figcaption id=\"caption-attachment-3495\" class=\"wp-caption-text\">(Scope of activities of QCVN)<\/figcaption><\/figure>\n<p style=\"text-align: justify;\">Sustainable development orientation of QCVN believes will bring satisfaction to our customers with the services we provide.<\/p>\n<p style=\"text-align: justify;\">We are looking forward to cooperating with customers in the future.<\/p>\n","protected":false},"excerpt":{"rendered":"<p>Dear valued customer ! QCVN would like to send respectful greetings, health and prosperity to your agencies and businesses. Vietnam Center for Environmental Analysis and Monitoring belongs to Vietnam QCVN Standard Technology Joint Stock Company, which is certified by the Ministry of Natural Resources and Environment to be eligible to operate environmental monitoring services in&#8230;<\/p>\n","protected":false},"author":1,"featured_media":5552,"parent":0,"menu_order":0,"comment_status":"closed","ping_status":"closed","template":"page-dichvu.php","meta":{"_acf_changed":false,"footnotes":""},"class_list":["post-824","page","type-page","status-publish","has-post-thumbnail","hentry"],"acf":[],"yoast_head":"<!-- This site is optimized with the Yoast SEO plugin v25.8 - https:\/\/yoast.com\/wordpress\/plugins\/seo\/ -->\n<title>monitoring analysis services | QCVN Vietnam Technical JSC<\/title>\n<meta name=\"description\" content=\"monitoring analysis services includes:environmental monitoring, testing of working environment, compiling environmental records, analyzing experiments ...\" \/>\n<meta name=\"robots\" content=\"index, follow, max-snippet:-1, max-image-preview:large, max-video-preview:-1\" \/>\n<link rel=\"canonical\" href=\"https:\/\/qcvn.com.vn\/en\/service\/\" \/>\n<meta property=\"og:locale\" content=\"en_US\" \/>\n<meta property=\"og:type\" content=\"article\" \/>\n<meta property=\"og:title\" content=\"monitoring analysis services | QCVN Vietnam Technical JSC\" \/>\n<meta property=\"og:description\" content=\"monitoring analysis services includes:environmental monitoring, testing of working environment, compiling environmental records, analyzing experiments ...\" \/>\n<meta property=\"og:url\" content=\"https:\/\/qcvn.com.vn\/en\/service\/\" \/>\n<meta property=\"og:site_name\" content=\"C\u00d4NG TY CP K\u1ef8 THU\u1eacT TI\u00caU CHU\u1ea8N QCVN VI\u1ec6T NAM\" \/>\n<meta property=\"article:publisher\" content=\"https:\/\/www.facebook.com\/kythuatieuchuanQCVN\/?ref=br_rs\" \/>\n<meta property=\"article:modified_time\" content=\"2021-06-30T10:11:12+00:00\" \/>\n<meta property=\"og:image\" content=\"https:\/\/qcvn.com.vn\/wp-content\/uploads\/2020\/08\/phong-GC.jpg\" \/>\n\t<meta property=\"og:image:width\" content=\"1280\" \/>\n\t<meta property=\"og:image:height\" content=\"960\" \/>\n\t<meta property=\"og:image:type\" content=\"image\/jpeg\" \/>\n<meta name=\"twitter:card\" content=\"summary_large_image\" \/>\n<meta name=\"twitter:label1\" content=\"Est. reading time\" \/>\n\t<meta name=\"twitter:data1\" content=\"2 minutes\" \/>\n<script type=\"application\/ld+json\" class=\"yoast-schema-graph\">{\"@context\":\"https:\/\/schema.org\",\"@graph\":[{\"@type\":\"WebPage\",\"@id\":\"https:\/\/qcvn.com.vn\/en\/service\/\",\"url\":\"https:\/\/qcvn.com.vn\/en\/service\/\",\"name\":\"monitoring analysis services | QCVN Vietnam Technical JSC\",\"isPartOf\":{\"@id\":\"https:\/\/qcvn.com.vn\/en\/#website\"},\"primaryImageOfPage\":{\"@id\":\"https:\/\/qcvn.com.vn\/en\/service\/#primaryimage\"},\"image\":{\"@id\":\"https:\/\/qcvn.com.vn\/en\/service\/#primaryimage\"},\"thumbnailUrl\":\"https:\/\/qcvn.com.vn\/wp-content\/uploads\/2020\/08\/phong-GC.jpg\",\"datePublished\":\"2018-11-06T02:45:01+00:00\",\"dateModified\":\"2021-06-30T10:11:12+00:00\",\"description\":\"monitoring analysis services includes:environmental monitoring, testing of working environment, compiling environmental records, analyzing experiments ...\",\"breadcrumb\":{\"@id\":\"https:\/\/qcvn.com.vn\/en\/service\/#breadcrumb\"},\"inLanguage\":\"en-US\",\"potentialAction\":[{\"@type\":\"ReadAction\",\"target\":[\"https:\/\/qcvn.com.vn\/en\/service\/\"]}]},{\"@type\":\"ImageObject\",\"inLanguage\":\"en-US\",\"@id\":\"https:\/\/qcvn.com.vn\/en\/service\/#primaryimage\",\"url\":\"https:\/\/qcvn.com.vn\/wp-content\/uploads\/2020\/08\/phong-GC.jpg\",\"contentUrl\":\"https:\/\/qcvn.com.vn\/wp-content\/uploads\/2020\/08\/phong-GC.jpg\",\"width\":1280,\"height\":960},{\"@type\":\"BreadcrumbList\",\"@id\":\"https:\/\/qcvn.com.vn\/en\/service\/#breadcrumb\",\"itemListElement\":[{\"@type\":\"ListItem\",\"position\":1,\"name\":\"Home\",\"item\":\"https:\/\/qcvn.com.vn\/en\/\"},{\"@type\":\"ListItem\",\"position\":2,\"name\":\"Service\"}]},{\"@type\":\"WebSite\",\"@id\":\"https:\/\/qcvn.com.vn\/en\/#website\",\"url\":\"https:\/\/qcvn.com.vn\/en\/\",\"name\":\"C\u00d4NG TY CP K\u1ef8 THU\u1eacT TI\u00caU CHU\u1ea8N QCVN VI\u1ec6T NAM\",\"description\":\"Ph\u00e2n t\u00edch n\u01b0\u1edbc\",\"publisher\":{\"@id\":\"https:\/\/qcvn.com.vn\/en\/#organization\"},\"potentialAction\":[{\"@type\":\"SearchAction\",\"target\":{\"@type\":\"EntryPoint\",\"urlTemplate\":\"https:\/\/qcvn.com.vn\/en\/?s={search_term_string}\"},\"query-input\":{\"@type\":\"PropertyValueSpecification\",\"valueRequired\":true,\"valueName\":\"search_term_string\"}}],\"inLanguage\":\"en-US\"},{\"@type\":\"Organization\",\"@id\":\"https:\/\/qcvn.com.vn\/en\/#organization\",\"name\":\"C\u00d4NG TY C\u1ed4 PH\u1ea6N K\u1ef8 THU\u1eacT TI\u00caU CHU\u1ea8N QCVN VI\u1ec6T NAM\",\"url\":\"https:\/\/qcvn.com.vn\/en\/\",\"logo\":{\"@type\":\"ImageObject\",\"inLanguage\":\"en-US\",\"@id\":\"https:\/\/qcvn.com.vn\/en\/#\/schema\/logo\/image\/\",\"url\":\"https:\/\/qcvn.com.vn\/wp-content\/uploads\/2019\/01\/logo-QCVN.jpg\",\"contentUrl\":\"https:\/\/qcvn.com.vn\/wp-content\/uploads\/2019\/01\/logo-QCVN.jpg\",\"width\":1200,\"height\":476,\"caption\":\"C\u00d4NG TY C\u1ed4 PH\u1ea6N K\u1ef8 THU\u1eacT TI\u00caU CHU\u1ea8N QCVN VI\u1ec6T NAM\"},\"image\":{\"@id\":\"https:\/\/qcvn.com.vn\/en\/#\/schema\/logo\/image\/\"},\"sameAs\":[\"https:\/\/www.facebook.com\/kythuatieuchuanQCVN\/?ref=br_rs\"]}]}<\/script>\n<!-- \/ Yoast SEO plugin. -->","yoast_head_json":{"title":"monitoring analysis services | QCVN Vietnam Technical JSC","description":"monitoring analysis services includes:environmental monitoring, testing of working environment, compiling environmental records, analyzing experiments ...","robots":{"index":"index","follow":"follow","max-snippet":"max-snippet:-1","max-image-preview":"max-image-preview:large","max-video-preview":"max-video-preview:-1"},"canonical":"https:\/\/qcvn.com.vn\/en\/service\/","og_locale":"en_US","og_type":"article","og_title":"monitoring analysis services | QCVN Vietnam Technical JSC","og_description":"monitoring analysis services includes:environmental monitoring, testing of working environment, compiling environmental records, analyzing experiments ...","og_url":"https:\/\/qcvn.com.vn\/en\/service\/","og_site_name":"C\u00d4NG TY CP K\u1ef8 THU\u1eacT TI\u00caU CHU\u1ea8N QCVN VI\u1ec6T NAM","article_publisher":"https:\/\/www.facebook.com\/kythuatieuchuanQCVN\/?ref=br_rs","article_modified_time":"2021-06-30T10:11:12+00:00","og_image":[{"width":1280,"height":960,"url":"https:\/\/qcvn.com.vn\/wp-content\/uploads\/2020\/08\/phong-GC.jpg","type":"image\/jpeg"}],"twitter_card":"summary_large_image","twitter_misc":{"Est. reading time":"2 minutes"},"schema":{"@context":"https:\/\/schema.org","@graph":[{"@type":"WebPage","@id":"https:\/\/qcvn.com.vn\/en\/service\/","url":"https:\/\/qcvn.com.vn\/en\/service\/","name":"monitoring analysis services | QCVN Vietnam Technical JSC","isPartOf":{"@id":"https:\/\/qcvn.com.vn\/en\/#website"},"primaryImageOfPage":{"@id":"https:\/\/qcvn.com.vn\/en\/service\/#primaryimage"},"image":{"@id":"https:\/\/qcvn.com.vn\/en\/service\/#primaryimage"},"thumbnailUrl":"https:\/\/qcvn.com.vn\/wp-content\/uploads\/2020\/08\/phong-GC.jpg","datePublished":"2018-11-06T02:45:01+00:00","dateModified":"2021-06-30T10:11:12+00:00","description":"monitoring analysis services includes:environmental monitoring, testing of working environment, compiling environmental records, analyzing experiments ...","breadcrumb":{"@id":"https:\/\/qcvn.com.vn\/en\/service\/#breadcrumb"},"inLanguage":"en-US","potentialAction":[{"@type":"ReadAction","target":["https:\/\/qcvn.com.vn\/en\/service\/"]}]},{"@type":"ImageObject","inLanguage":"en-US","@id":"https:\/\/qcvn.com.vn\/en\/service\/#primaryimage","url":"https:\/\/qcvn.com.vn\/wp-content\/uploads\/2020\/08\/phong-GC.jpg","contentUrl":"https:\/\/qcvn.com.vn\/wp-content\/uploads\/2020\/08\/phong-GC.jpg","width":1280,"height":960},{"@type":"BreadcrumbList","@id":"https:\/\/qcvn.com.vn\/en\/service\/#breadcrumb","itemListElement":[{"@type":"ListItem","position":1,"name":"Home","item":"https:\/\/qcvn.com.vn\/en\/"},{"@type":"ListItem","position":2,"name":"Service"}]},{"@type":"WebSite","@id":"https:\/\/qcvn.com.vn\/en\/#website","url":"https:\/\/qcvn.com.vn\/en\/","name":"C\u00d4NG TY CP K\u1ef8 THU\u1eacT TI\u00caU CHU\u1ea8N QCVN VI\u1ec6T NAM","description":"Ph\u00e2n t\u00edch n\u01b0\u1edbc","publisher":{"@id":"https:\/\/qcvn.com.vn\/en\/#organization"},"potentialAction":[{"@type":"SearchAction","target":{"@type":"EntryPoint","urlTemplate":"https:\/\/qcvn.com.vn\/en\/?s={search_term_string}"},"query-input":{"@type":"PropertyValueSpecification","valueRequired":true,"valueName":"search_term_string"}}],"inLanguage":"en-US"},{"@type":"Organization","@id":"https:\/\/qcvn.com.vn\/en\/#organization","name":"C\u00d4NG TY C\u1ed4 PH\u1ea6N K\u1ef8 THU\u1eacT TI\u00caU CHU\u1ea8N QCVN VI\u1ec6T NAM","url":"https:\/\/qcvn.com.vn\/en\/","logo":{"@type":"ImageObject","inLanguage":"en-US","@id":"https:\/\/qcvn.com.vn\/en\/#\/schema\/logo\/image\/","url":"https:\/\/qcvn.com.vn\/wp-content\/uploads\/2019\/01\/logo-QCVN.jpg","contentUrl":"https:\/\/qcvn.com.vn\/wp-content\/uploads\/2019\/01\/logo-QCVN.jpg","width":1200,"height":476,"caption":"C\u00d4NG TY C\u1ed4 PH\u1ea6N K\u1ef8 THU\u1eacT TI\u00caU CHU\u1ea8N QCVN VI\u1ec6T NAM"},"image":{"@id":"https:\/\/qcvn.com.vn\/en\/#\/schema\/logo\/image\/"},"sameAs":["https:\/\/www.facebook.com\/kythuatieuchuanQCVN\/?ref=br_rs"]}]}},"_links":{"self":[{"href":"https:\/\/qcvn.com.vn\/en\/wp-json\/wp\/v2\/pages\/824","targetHints":{"allow":["GET"]}}],"collection":[{"href":"https:\/\/qcvn.com.vn\/en\/wp-json\/wp\/v2\/pages"}],"about":[{"href":"https:\/\/qcvn.com.vn\/en\/wp-json\/wp\/v2\/types\/page"}],"author":[{"embeddable":true,"href":"https:\/\/qcvn.com.vn\/en\/wp-json\/wp\/v2\/users\/1"}],"replies":[{"embeddable":true,"href":"https:\/\/qcvn.com.vn\/en\/wp-json\/wp\/v2\/comments?post=824"}],"version-history":[{"count":0,"href":"https:\/\/qcvn.com.vn\/en\/wp-json\/wp\/v2\/pages\/824\/revisions"}],"wp:featuredmedia":[{"embeddable":true,"href":"https:\/\/qcvn.com.vn\/en\/wp-json\/wp\/v2\/media\/5552"}],"wp:attachment":[{"href":"https:\/\/qcvn.com.vn\/en\/wp-json\/wp\/v2\/media?parent=824"}],"curies":[{"name":"wp","href":"https:\/\/api.w.org\/{rel}","templated":true}]}}