{"id":5763,"date":"2021-11-01T09:17:07","date_gmt":"2021-11-01T02:17:07","guid":{"rendered":"https:\/\/qcvn.com.vn\/?page_id=5763"},"modified":"2021-11-06T10:23:32","modified_gmt":"2021-11-06T03:23:32","slug":"bao-gia","status":"publish","type":"page","link":"https:\/\/qcvn.com.vn\/en\/quote\/","title":{"rendered":"Quote"},"content":{"rendered":"<p>Dear Customer!<\/p>\n<p>With the desire to be more satisfied in the experience of quick and accurate quotation with customer requirements<\/p>\n<p>QCVN deploys automatic quotation with templates<\/p>\n<ol>\n<li>Clean water<\/li>\n<li>Wastewater<\/li>\n<li>Face water<\/li>\n<li>Groundwater<\/li>\n<li>Seawater<\/li>\n<\/ol>\n<p>You proceed to send the sample directly or through a delivery service (Grab\/Gojek, Ahamove, post office &#8230;)<\/p>\n<p>at: Center at address: QCVN VIETNAM STANDARD TECHNICAL JOINT STOCK COMPANY 67\/2\/8 Street 5, Ward 17, Go Vap District, City. Ho Chi Minh<\/p>\n<p>Phone number to receive samples: 0287.308.6678\/ 0939.72.6969 Email: <a href=\"mailto:dvkh@qcvn.com.vn\">dvkh@qcvn.com.vn<\/a><\/p>\n<p>QCVN would like to sincerely thank you for your companionship, cooperation and support for QCVN&#8217;s technical services.<\/p>\n<p>Best regards.<\/p>\n","protected":false},"excerpt":{"rendered":"<p>Dear Customer! With the desire to be more satisfied in the experience of quick and accurate quotation with customer requirements QCVN deploys automatic quotation with templates Clean water Wastewater Face water Groundwater Seawater You proceed to send the sample directly or through a delivery service (Grab\/Gojek, Ahamove, post office &#8230;) at: Center at address: QCVN&#8230;<\/p>\n","protected":false},"author":1,"featured_media":0,"parent":0,"menu_order":0,"comment_status":"closed","ping_status":"closed","template":"page-baogia.php","meta":{"_acf_changed":false,"footnotes":""},"class_list":["post-5763","page","type-page","status-publish","hentry"],"acf":[],"yoast_head":"<!-- This site is optimized with the Yoast SEO plugin v25.8 - https:\/\/yoast.com\/wordpress\/plugins\/seo\/ -->\n<title>Quan tr\u1eafc m\u00f4i tr\u01b0\u1eddng - C\u00f4ng ty CP K\u1ef9 Thu\u1eadt Ti\u00eau Chu\u1ea9n QCVN Vi\u1ec7t Nam<\/title>\n<meta name=\"description\" content=\"Quan tr\u1eafc m\u00f4i tr\u01b0\u1eddng l\u00e0 m\u1ed9t trong nh\u1eefng l\u0129nh v\u1ef1c th\u1ebf m\u1ea1nh c\u1ee7a QCVN th\u1ef1c hi\u1ec7n, n\u0103ng l\u1ef1c \u0111\u01b0\u1ee3c c\u1ea5p ph\u00e9p c\u1ee7a B\u1ed9 T\u00e0i Nguy\u00ean v\u00e0 m\u00f4i tr\u01b0\u1eddng theo Vimcerts 197\" \/>\n<meta name=\"robots\" content=\"index, follow, max-snippet:-1, max-image-preview:large, max-video-preview:-1\" \/>\n<link rel=\"canonical\" href=\"https:\/\/qcvn.com.vn\/en\/quote\/\" \/>\n<meta property=\"og:locale\" content=\"en_US\" \/>\n<meta property=\"og:type\" content=\"article\" \/>\n<meta property=\"og:title\" content=\"Quan tr\u1eafc m\u00f4i tr\u01b0\u1eddng - C\u00f4ng ty CP K\u1ef9 Thu\u1eadt Ti\u00eau Chu\u1ea9n QCVN Vi\u1ec7t Nam\" \/>\n<meta property=\"og:description\" content=\"Quan tr\u1eafc m\u00f4i tr\u01b0\u1eddng l\u00e0 m\u1ed9t trong nh\u1eefng l\u0129nh v\u1ef1c th\u1ebf m\u1ea1nh c\u1ee7a QCVN th\u1ef1c hi\u1ec7n, n\u0103ng l\u1ef1c \u0111\u01b0\u1ee3c c\u1ea5p ph\u00e9p c\u1ee7a B\u1ed9 T\u00e0i Nguy\u00ean v\u00e0 m\u00f4i tr\u01b0\u1eddng theo Vimcerts 197\" \/>\n<meta property=\"og:url\" content=\"https:\/\/qcvn.com.vn\/en\/quote\/\" \/>\n<meta property=\"og:site_name\" content=\"C\u00d4NG TY CP K\u1ef8 THU\u1eacT TI\u00caU CHU\u1ea8N QCVN VI\u1ec6T NAM\" \/>\n<meta property=\"article:publisher\" content=\"https:\/\/www.facebook.com\/kythuatieuchuanQCVN\/?ref=br_rs\" \/>\n<meta property=\"article:modified_time\" content=\"2021-11-06T03:23:32+00:00\" \/>\n<meta name=\"twitter:card\" content=\"summary_large_image\" \/>\n<meta name=\"twitter:label1\" content=\"Est. reading time\" \/>\n\t<meta name=\"twitter:data1\" content=\"1 minute\" \/>\n<script type=\"application\/ld+json\" class=\"yoast-schema-graph\">{\"@context\":\"https:\/\/schema.org\",\"@graph\":[{\"@type\":\"WebPage\",\"@id\":\"https:\/\/qcvn.com.vn\/en\/quote\/\",\"url\":\"https:\/\/qcvn.com.vn\/en\/quote\/\",\"name\":\"Quan tr\u1eafc m\u00f4i tr\u01b0\u1eddng - C\u00f4ng ty CP K\u1ef9 Thu\u1eadt Ti\u00eau Chu\u1ea9n QCVN Vi\u1ec7t Nam\",\"isPartOf\":{\"@id\":\"https:\/\/qcvn.com.vn\/en\/#website\"},\"datePublished\":\"2021-11-01T02:17:07+00:00\",\"dateModified\":\"2021-11-06T03:23:32+00:00\",\"description\":\"Quan tr\u1eafc m\u00f4i tr\u01b0\u1eddng l\u00e0 m\u1ed9t trong nh\u1eefng l\u0129nh v\u1ef1c th\u1ebf m\u1ea1nh c\u1ee7a QCVN th\u1ef1c hi\u1ec7n, n\u0103ng l\u1ef1c \u0111\u01b0\u1ee3c c\u1ea5p ph\u00e9p c\u1ee7a B\u1ed9 T\u00e0i Nguy\u00ean v\u00e0 m\u00f4i tr\u01b0\u1eddng theo Vimcerts 197\",\"breadcrumb\":{\"@id\":\"https:\/\/qcvn.com.vn\/en\/quote\/#breadcrumb\"},\"inLanguage\":\"en-US\",\"potentialAction\":[{\"@type\":\"ReadAction\",\"target\":[\"https:\/\/qcvn.com.vn\/en\/quote\/\"]}]},{\"@type\":\"BreadcrumbList\",\"@id\":\"https:\/\/qcvn.com.vn\/en\/quote\/#breadcrumb\",\"itemListElement\":[{\"@type\":\"ListItem\",\"position\":1,\"name\":\"Home\",\"item\":\"https:\/\/qcvn.com.vn\/en\/\"},{\"@type\":\"ListItem\",\"position\":2,\"name\":\"Quote\"}]},{\"@type\":\"WebSite\",\"@id\":\"https:\/\/qcvn.com.vn\/en\/#website\",\"url\":\"https:\/\/qcvn.com.vn\/en\/\",\"name\":\"C\u00d4NG TY CP K\u1ef8 THU\u1eacT TI\u00caU CHU\u1ea8N QCVN VI\u1ec6T NAM\",\"description\":\"Ph\u00e2n t\u00edch n\u01b0\u1edbc\",\"publisher\":{\"@id\":\"https:\/\/qcvn.com.vn\/en\/#organization\"},\"potentialAction\":[{\"@type\":\"SearchAction\",\"target\":{\"@type\":\"EntryPoint\",\"urlTemplate\":\"https:\/\/qcvn.com.vn\/en\/?s={search_term_string}\"},\"query-input\":{\"@type\":\"PropertyValueSpecification\",\"valueRequired\":true,\"valueName\":\"search_term_string\"}}],\"inLanguage\":\"en-US\"},{\"@type\":\"Organization\",\"@id\":\"https:\/\/qcvn.com.vn\/en\/#organization\",\"name\":\"C\u00d4NG TY C\u1ed4 PH\u1ea6N K\u1ef8 THU\u1eacT TI\u00caU CHU\u1ea8N QCVN VI\u1ec6T NAM\",\"url\":\"https:\/\/qcvn.com.vn\/en\/\",\"logo\":{\"@type\":\"ImageObject\",\"inLanguage\":\"en-US\",\"@id\":\"https:\/\/qcvn.com.vn\/en\/#\/schema\/logo\/image\/\",\"url\":\"https:\/\/qcvn.com.vn\/wp-content\/uploads\/2019\/01\/logo-QCVN.jpg\",\"contentUrl\":\"https:\/\/qcvn.com.vn\/wp-content\/uploads\/2019\/01\/logo-QCVN.jpg\",\"width\":1200,\"height\":476,\"caption\":\"C\u00d4NG TY C\u1ed4 PH\u1ea6N K\u1ef8 THU\u1eacT TI\u00caU CHU\u1ea8N QCVN VI\u1ec6T NAM\"},\"image\":{\"@id\":\"https:\/\/qcvn.com.vn\/en\/#\/schema\/logo\/image\/\"},\"sameAs\":[\"https:\/\/www.facebook.com\/kythuatieuchuanQCVN\/?ref=br_rs\"]}]}<\/script>\n<!-- \/ Yoast SEO plugin. -->","yoast_head_json":{"title":"Quan tr\u1eafc m\u00f4i tr\u01b0\u1eddng - C\u00f4ng ty CP K\u1ef9 Thu\u1eadt Ti\u00eau Chu\u1ea9n QCVN Vi\u1ec7t Nam","description":"Quan tr\u1eafc m\u00f4i tr\u01b0\u1eddng l\u00e0 m\u1ed9t trong nh\u1eefng l\u0129nh v\u1ef1c th\u1ebf m\u1ea1nh c\u1ee7a QCVN th\u1ef1c hi\u1ec7n, n\u0103ng l\u1ef1c \u0111\u01b0\u1ee3c c\u1ea5p ph\u00e9p c\u1ee7a B\u1ed9 T\u00e0i Nguy\u00ean v\u00e0 m\u00f4i tr\u01b0\u1eddng theo Vimcerts 197","robots":{"index":"index","follow":"follow","max-snippet":"max-snippet:-1","max-image-preview":"max-image-preview:large","max-video-preview":"max-video-preview:-1"},"canonical":"https:\/\/qcvn.com.vn\/en\/quote\/","og_locale":"en_US","og_type":"article","og_title":"Quan tr\u1eafc m\u00f4i tr\u01b0\u1eddng - C\u00f4ng ty CP K\u1ef9 Thu\u1eadt Ti\u00eau Chu\u1ea9n QCVN Vi\u1ec7t Nam","og_description":"Quan tr\u1eafc m\u00f4i tr\u01b0\u1eddng l\u00e0 m\u1ed9t trong nh\u1eefng l\u0129nh v\u1ef1c th\u1ebf m\u1ea1nh c\u1ee7a QCVN th\u1ef1c hi\u1ec7n, n\u0103ng l\u1ef1c \u0111\u01b0\u1ee3c c\u1ea5p ph\u00e9p c\u1ee7a B\u1ed9 T\u00e0i Nguy\u00ean v\u00e0 m\u00f4i tr\u01b0\u1eddng theo Vimcerts 197","og_url":"https:\/\/qcvn.com.vn\/en\/quote\/","og_site_name":"C\u00d4NG TY CP K\u1ef8 THU\u1eacT TI\u00caU CHU\u1ea8N QCVN VI\u1ec6T NAM","article_publisher":"https:\/\/www.facebook.com\/kythuatieuchuanQCVN\/?ref=br_rs","article_modified_time":"2021-11-06T03:23:32+00:00","twitter_card":"summary_large_image","twitter_misc":{"Est. reading time":"1 minute"},"schema":{"@context":"https:\/\/schema.org","@graph":[{"@type":"WebPage","@id":"https:\/\/qcvn.com.vn\/en\/quote\/","url":"https:\/\/qcvn.com.vn\/en\/quote\/","name":"Quan tr\u1eafc m\u00f4i tr\u01b0\u1eddng - C\u00f4ng ty CP K\u1ef9 Thu\u1eadt Ti\u00eau Chu\u1ea9n QCVN Vi\u1ec7t Nam","isPartOf":{"@id":"https:\/\/qcvn.com.vn\/en\/#website"},"datePublished":"2021-11-01T02:17:07+00:00","dateModified":"2021-11-06T03:23:32+00:00","description":"Quan tr\u1eafc m\u00f4i tr\u01b0\u1eddng l\u00e0 m\u1ed9t trong nh\u1eefng l\u0129nh v\u1ef1c th\u1ebf m\u1ea1nh c\u1ee7a QCVN th\u1ef1c hi\u1ec7n, n\u0103ng l\u1ef1c \u0111\u01b0\u1ee3c c\u1ea5p ph\u00e9p c\u1ee7a B\u1ed9 T\u00e0i Nguy\u00ean v\u00e0 m\u00f4i tr\u01b0\u1eddng theo Vimcerts 197","breadcrumb":{"@id":"https:\/\/qcvn.com.vn\/en\/quote\/#breadcrumb"},"inLanguage":"en-US","potentialAction":[{"@type":"ReadAction","target":["https:\/\/qcvn.com.vn\/en\/quote\/"]}]},{"@type":"BreadcrumbList","@id":"https:\/\/qcvn.com.vn\/en\/quote\/#breadcrumb","itemListElement":[{"@type":"ListItem","position":1,"name":"Home","item":"https:\/\/qcvn.com.vn\/en\/"},{"@type":"ListItem","position":2,"name":"Quote"}]},{"@type":"WebSite","@id":"https:\/\/qcvn.com.vn\/en\/#website","url":"https:\/\/qcvn.com.vn\/en\/","name":"C\u00d4NG TY CP K\u1ef8 THU\u1eacT TI\u00caU CHU\u1ea8N QCVN VI\u1ec6T NAM","description":"Ph\u00e2n t\u00edch n\u01b0\u1edbc","publisher":{"@id":"https:\/\/qcvn.com.vn\/en\/#organization"},"potentialAction":[{"@type":"SearchAction","target":{"@type":"EntryPoint","urlTemplate":"https:\/\/qcvn.com.vn\/en\/?s={search_term_string}"},"query-input":{"@type":"PropertyValueSpecification","valueRequired":true,"valueName":"search_term_string"}}],"inLanguage":"en-US"},{"@type":"Organization","@id":"https:\/\/qcvn.com.vn\/en\/#organization","name":"C\u00d4NG TY C\u1ed4 PH\u1ea6N K\u1ef8 THU\u1eacT TI\u00caU CHU\u1ea8N QCVN VI\u1ec6T NAM","url":"https:\/\/qcvn.com.vn\/en\/","logo":{"@type":"ImageObject","inLanguage":"en-US","@id":"https:\/\/qcvn.com.vn\/en\/#\/schema\/logo\/image\/","url":"https:\/\/qcvn.com.vn\/wp-content\/uploads\/2019\/01\/logo-QCVN.jpg","contentUrl":"https:\/\/qcvn.com.vn\/wp-content\/uploads\/2019\/01\/logo-QCVN.jpg","width":1200,"height":476,"caption":"C\u00d4NG TY C\u1ed4 PH\u1ea6N K\u1ef8 THU\u1eacT TI\u00caU CHU\u1ea8N QCVN VI\u1ec6T NAM"},"image":{"@id":"https:\/\/qcvn.com.vn\/en\/#\/schema\/logo\/image\/"},"sameAs":["https:\/\/www.facebook.com\/kythuatieuchuanQCVN\/?ref=br_rs"]}]}},"_links":{"self":[{"href":"https:\/\/qcvn.com.vn\/en\/wp-json\/wp\/v2\/pages\/5763","targetHints":{"allow":["GET"]}}],"collection":[{"href":"https:\/\/qcvn.com.vn\/en\/wp-json\/wp\/v2\/pages"}],"about":[{"href":"https:\/\/qcvn.com.vn\/en\/wp-json\/wp\/v2\/types\/page"}],"author":[{"embeddable":true,"href":"https:\/\/qcvn.com.vn\/en\/wp-json\/wp\/v2\/users\/1"}],"replies":[{"embeddable":true,"href":"https:\/\/qcvn.com.vn\/en\/wp-json\/wp\/v2\/comments?post=5763"}],"version-history":[{"count":0,"href":"https:\/\/qcvn.com.vn\/en\/wp-json\/wp\/v2\/pages\/5763\/revisions"}],"wp:attachment":[{"href":"https:\/\/qcvn.com.vn\/en\/wp-json\/wp\/v2\/media?parent=5763"}],"curies":[{"name":"wp","href":"https:\/\/api.w.org\/{rel}","templated":true}]}}