{"id":2347,"date":"2019-03-05T10:04:36","date_gmt":"2019-03-05T03:04:36","guid":{"rendered":"https:\/\/qcvn.com.vn\/?page_id=2347"},"modified":"2019-03-05T10:13:49","modified_gmt":"2019-03-05T03:13:49","slug":"environmental-monitoring-report","status":"publish","type":"page","link":"https:\/\/qcvn.com.vn\/en\/environmental-monitoring-report\/","title":{"rendered":"Environmental Monitoring Report"},"content":{"rendered":"<h3 class=\"LC20lb\"><span style=\"color: #282828;\">Environmental Monitoring Report\u00a0<\/span><\/h3>\n<p><img loading=\"lazy\" decoding=\"async\" class=\"size-medium wp-image-1901\" src=\"https:\/\/qcvn.com.vn\/wp-content\/uploads\/2019\/01\/bannerfb-800x296.jpg\" alt=\"ph\u00e2n t\u00edch n\u01b0\u1edbc\" width=\"800\" height=\"296\" srcset=\"https:\/\/qcvn.com.vn\/wp-content\/uploads\/2019\/01\/bannerfb-800x296.jpg 800w, https:\/\/qcvn.com.vn\/wp-content\/uploads\/2019\/01\/bannerfb-600x222.jpg 600w, https:\/\/qcvn.com.vn\/wp-content\/uploads\/2019\/01\/bannerfb-768x284.jpg 768w, https:\/\/qcvn.com.vn\/wp-content\/uploads\/2019\/01\/bannerfb-1400x518.jpg 1400w\" sizes=\"auto, (max-width: 800px) 100vw, 800px\" \/><\/p>\n<ol>\n<li style=\"text-align: justify;\">\n<h4><span style=\"color: #282828;\"><strong><span style=\"font-family: arial, helvetica, sans-serif;\"><span style=\"font-family: arial, helvetica, sans-serif;\">What is\u00a0<\/span><\/span>Environmental Monitoring Report\u00a0<\/strong><\/span><\/h4>\n<\/li>\n<\/ol>\n<p style=\"text-align: justify;\"><span style=\"color: #282828;\">Environmental Monitoring Report\u00a0to assess the quality of the environment, at production, business and service establishments to assess the impact of production and business activities affecting the surrounding environment and There are appropriate remedies or protections.<\/span><\/p>\n<p style=\"padding-left: 30px; text-align: justify;\"><span style=\"font-family: arial, helvetica, sans-serif; color: #282828;\"><strong>2. The execution time monitoring report<\/strong><\/span><\/p>\n<p style=\"text-align: justify;\"><span style=\"color: #282828;\">Within only 7 working days, QCVN will complete the service of preparing environmental monitoring report for your business, the application will be done quickly, private information will be closely monitored to the actual situation, brought to you Customer satisfaction in each service is honored for QCVN.<\/span><\/p>\n<p><span style=\"color: #282828;\"><a style=\"color: #282828;\" href=\"https:\/\/qcvn.com.vn\/lap-bao-cao-quan-trac-moi-truong-dinh-ky\/\"><img loading=\"lazy\" decoding=\"async\" class=\"size-medium wp-image-1850 aligncenter\" src=\"https:\/\/qcvn.com.vn\/wp-content\/uploads\/2019\/01\/QCVNquantrachientruongdinhky-1-533x400.jpg\" alt=\"B\u00e1o c\u00e1o quan tr\u1eafc \u0111\u1ecbnh k\u1ef3 \" width=\"533\" height=\"400\" srcset=\"https:\/\/qcvn.com.vn\/wp-content\/uploads\/2019\/01\/QCVNquantrachientruongdinhky-1-533x400.jpg 533w, https:\/\/qcvn.com.vn\/wp-content\/uploads\/2019\/01\/QCVNquantrachientruongdinhky-1-600x450.jpg 600w, https:\/\/qcvn.com.vn\/wp-content\/uploads\/2019\/01\/QCVNquantrachientruongdinhky-1-768x576.jpg 768w, https:\/\/qcvn.com.vn\/wp-content\/uploads\/2019\/01\/QCVNquantrachientruongdinhky-1-1067x800.jpg 1067w\" sizes=\"auto, (max-width: 533px) 100vw, 533px\" \/><\/a><\/span><\/p>\n<p style=\"padding-left: 30px; text-align: justify;\"><span style=\"font-family: arial, helvetica, sans-serif; color: #282828;\"><strong>3. How to implement monitoring report<\/strong><\/span><\/p>\n<p style=\"padding-left: 30px; text-align: justify;\"><span style=\"color: #282828;\">Process of implementing environmental monitoring report periodically in 2019<\/span><\/p>\n<p style=\"padding-left: 30px; text-align: justify;\"><span style=\"color: #282828;\"><a style=\"color: #282828;\" href=\"https:\/\/qcvn.com.vn\/lap-bao-cao-quan-trac-moi-truong-dinh-ky\/\"><img loading=\"lazy\" decoding=\"async\" class=\"size-medium wp-image-1839 aligncenter\" src=\"https:\/\/qcvn.com.vn\/wp-content\/uploads\/2019\/01\/quytrinhbaocaoquantrac-555x400.jpg\" alt=\"b\u00e1o c\u00e1o quan tr\u1eafc m\u00f4i tr\u01b0\u1eddng \u0111\u1ecbnh k\u1ef3\" width=\"555\" height=\"400\" srcset=\"https:\/\/qcvn.com.vn\/wp-content\/uploads\/2019\/01\/quytrinhbaocaoquantrac-555x400.jpg 555w, https:\/\/qcvn.com.vn\/wp-content\/uploads\/2019\/01\/quytrinhbaocaoquantrac-600x432.jpg 600w, https:\/\/qcvn.com.vn\/wp-content\/uploads\/2019\/01\/quytrinhbaocaoquantrac.jpg 697w\" sizes=\"auto, (max-width: 555px) 100vw, 555px\" \/><\/a><\/span><\/p>\n<p style=\"text-align: justify;\"><span style=\"color: #282828;\"><strong><em><span style=\"font-family: arial, helvetica, sans-serif;\"><span style=\"text-decoration: underline;\">Step 1<\/span>: <\/span>Customer surveys and consulting:\u00a0<\/em><\/strong><\/span><\/p>\n<ul style=\"list-style-type: circle;\">\n<li style=\"text-align: justify;\"><span style=\"color: #282828;\">Direct survey at the facility, based on the initial environmental profile \/ business type, consultants need monitoring indicators for Enterprise.<\/span><\/li>\n<li><span style=\"color: #282828;\">Frequency of detailed monitoring is as follows:<\/span><\/li>\n<\/ul>\n<table class=\"aligncenter\" style=\"border-color: #000000; width: 666px; height: 359px;\" border=\"1\" width=\"623\">\n<tbody>\n<tr style=\"height: 27px;\">\n<td style=\"text-align: center; width: 48px; height: 27px;\"><span style=\"font-family: arial, helvetica, sans-serif; color: #282828;\"><strong>No.<\/strong><\/span><\/td>\n<td style=\"text-align: center; width: 428px; height: 27px;\"><span style=\"color: #282828;\"><strong>Object<\/strong><\/span><\/td>\n<td style=\"text-align: center; width: 162px; height: 27px;\"><span style=\"color: #282828;\"><strong>Frequency of monitoring<\/strong><\/span><\/td>\n<\/tr>\n<tr style=\"height: 54px;\">\n<td style=\"width: 48px; height: 54px;\"><span style=\"font-family: arial, helvetica, sans-serif; color: #282828;\">\u00a0 \u00a01<\/span><\/td>\n<td style=\"width: 428px; height: 54px;\"><span style=\"color: #282828;\">The establishment has the same size as the object specified in Appendix II of Decree No. 18\/2015 \/ ND-CP.<\/span><\/td>\n<td style=\"width: 162px; text-align: center; height: 54px;\"><span style=\"color: #282828;\">01 time \/ 03 months<\/span><\/td>\n<\/tr>\n<tr style=\"height: 113px;\">\n<td style=\"width: 48px; height: 113px;\"><span style=\"font-family: arial, helvetica, sans-serif; color: #282828;\">\u00a0 \u00a02<\/span><\/td>\n<td style=\"width: 428px; height: 113px;\"><span style=\"color: #282828;\">The facility has the same size as the object specified in Appendix 5.1 of Circular No. 27\/2015 \/ TT-BTNMT.<\/span><\/td>\n<td style=\"width: 162px; text-align: center; height: 113px;\"><span style=\"color: #282828;\">01 time \/ 06 months<\/span><\/td>\n<\/tr>\n<tr style=\"height: 81px;\">\n<td style=\"width: 48px; height: 81px;\"><span style=\"font-family: arial, helvetica, sans-serif; color: #282828;\">\u00a0 \u00a03<\/span><\/td>\n<td style=\"width: 428px; height: 81px;\"><span style=\"color: #282828;\">The establishment has the same size as the object specified in Clause 2 Article 32 of Circular No. 27\/2015 \/ TT-BTNMT.<\/span><\/td>\n<td style=\"width: 162px; text-align: center; height: 81px;\"><span style=\"font-family: arial, helvetica, sans-serif; color: #282828;\">1 time per year<\/span><\/td>\n<\/tr>\n<\/tbody>\n<\/table>\n<p style=\"text-align: center;\"><span style=\"color: #282828;\">(Extracted from Appendix 10 of Circular 31\/2016 \/ TT-BTNMT)<\/span><\/p>\n<ul style=\"list-style-type: circle;\">\n<li><span style=\"color: #282828;\">Quotations for customers based on aggregated information.<\/span><\/li>\n<\/ul>\n<p><span style=\"color: #282828;\"><span style=\"text-decoration: underline;\"><em><strong>Step 2<\/strong><\/em><\/span>:\u00a0 Schedule a sample appointment at the Enterprise according to the appointment.<\/span><\/p>\n<p><span style=\"color: #282828;\">QCVN is the unit approved by the Ministry of Natural Resources and Environment as a qualified environmental monitoring unit under Vimcerts No. 197.<\/span><\/p>\n<p><span style=\"color: #282828;\"><a style=\"color: #282828;\" href=\"https:\/\/qcvn.com.vn\/lap-bao-cao-quan-trac-moi-truong-dinh-ky\/\"><img loading=\"lazy\" decoding=\"async\" class=\"size-medium wp-image-1846 aligncenter\" src=\"https:\/\/qcvn.com.vn\/wp-content\/uploads\/2019\/01\/QCVNquantrachientruong-533x400.jpg\" alt=\"B\u00e1o c\u00e1o quan tr\u1eafc \u0111\u1ecbnh k\u1ef3\" width=\"533\" height=\"400\" srcset=\"https:\/\/qcvn.com.vn\/wp-content\/uploads\/2019\/01\/QCVNquantrachientruong-533x400.jpg 533w, https:\/\/qcvn.com.vn\/wp-content\/uploads\/2019\/01\/QCVNquantrachientruong-600x450.jpg 600w, https:\/\/qcvn.com.vn\/wp-content\/uploads\/2019\/01\/QCVNquantrachientruong-768x576.jpg 768w, https:\/\/qcvn.com.vn\/wp-content\/uploads\/2019\/01\/QCVNquantrachientruong-1067x800.jpg 1067w\" sizes=\"auto, (max-width: 533px) 100vw, 533px\" \/><\/a><\/span><\/p>\n<p style=\"text-align: justify;\"><span style=\"color: #282828;\"><span style=\"text-decoration: underline;\"><em><strong>Step 3<\/strong><\/em><\/span>: Within 07-10 days of returning monitoring results to Enterprises, at the same time QCVN collects customer information (in accordance with Appendix 4). QCVN synthesizes monitoring reports for 3 days and sends customers to review information.<\/span><\/p>\n<p><span style=\"color: #282828;\"><em><strong><span style=\"text-decoration: underline;\">Step 4<\/span><\/strong><\/em>: QCVN proceeds to submit documents to authorities (Section 5 &#8211; the agency receiving reports)<\/span><\/p>\n<p><span style=\"color: #282828;\">After receiving approval \/ confirmation from the authorities, QCVN will hand over to you the set of periodic environmental monitoring reports.<\/span><\/p>\n<p style=\"padding-left: 30px; text-align: justify;\"><span style=\"font-family: arial, helvetica, sans-serif; color: #282828;\"><strong>4. Information appendix for making periodic environmental monitoring reports:<\/strong><\/span><\/p>\n<ul style=\"list-style-type: square;\">\n<li><span style=\"color: #282828;\">Certificate of environmental protection commitment or environmental impact assessment report or environmental protection scheme;<\/span><\/li>\n<li><span style=\"color: #282828;\">Business license ;<\/span><\/li>\n<li><span style=\"color: #282828;\">Hazardous waste collection contract;<\/span><\/li>\n<li><span style=\"color: #282828;\">Solid waste collection contract;<\/span><\/li>\n<li><span style=\"color: #282828;\">Documents of hazardous waste collection;<\/span><\/li>\n<li><span style=\"color: #282828;\">Permit for wastewater treatment connection (if any);<\/span><\/li>\n<li><span style=\"color: #282828;\">Diagram of the overall plan;<\/span><\/li>\n<li><span style=\"color: #282828;\">Land use right lease contract;<\/span><\/li>\n<li><span style=\"color: #282828;\">Electricity and water bills for the month.<\/span><\/li>\n<\/ul>\n<p style=\"text-align: justify;\"><span style=\"color: #282828;\">Depending on the business characteristics of the business, a number of other legal documents may be added.<\/span><\/p>\n<p style=\"padding-left: 30px; text-align: justify;\"><span style=\"font-family: arial, helvetica, sans-serif; color: #282828;\"><strong>5. The agency receives periodic environmental monitoring reports:<\/strong><\/span><\/p>\n<p><span style=\"color: #282828;\">Depending on the size and location of the project, the receiving and evaluating agency is one of the following agencies:<\/span><\/p>\n<ul style=\"list-style-type: circle;\">\n<li><span style=\"color: #282828;\">Resource base and environment<\/span><\/li>\n<li><span style=\"color: #282828;\">Industrial management<\/span><\/li>\n<li><span style=\"color: #282828;\">Management of economic zones<\/span><\/li>\n<li><span style=\"color: #282828;\">Resources and Environmental office<\/span><\/li>\n<li><span style=\"color: #282828;\">Ministry of Natural Resources and Environment<\/span><\/li>\n<\/ul>\n<p><span style=\"color: #282828;\">QCVN is very pleased to serve customers, all information and advice of customers please contact Hotline: 0919 98 48 39.<\/span><\/p>\n","protected":false},"excerpt":{"rendered":"<p>Environmental Monitoring Report\u00a0 What is\u00a0Environmental Monitoring Report\u00a0 Environmental Monitoring Report\u00a0to assess the quality of the environment, at production, business and service establishments to assess the impact of production and business activities affecting the surrounding environment and There are appropriate remedies or protections. 2. The execution time monitoring report Within only 7 working days, QCVN will&#8230;<\/p>\n","protected":false},"author":3,"featured_media":6066,"parent":1202,"menu_order":0,"comment_status":"closed","ping_status":"closed","template":"page-dichvu.php","meta":{"_acf_changed":false,"footnotes":""},"class_list":["post-2347","page","type-page","status-publish","has-post-thumbnail","hentry"],"acf":[],"yoast_head":"<!-- This site is optimized with the Yoast SEO plugin v25.8 - https:\/\/yoast.com\/wordpress\/plugins\/seo\/ -->\n<title>Environmental Monitoring Report\u00a0|<\/title>\n<meta name=\"description\" content=\"Environmental Monitoring Report\u00a0for applicable facilities are assessed on a regular basis to ensure the operation maintains high levels of environmental\" \/>\n<meta name=\"robots\" content=\"index, follow, max-snippet:-1, max-image-preview:large, max-video-preview:-1\" \/>\n<link rel=\"canonical\" href=\"https:\/\/qcvn.com.vn\/en\/environmental-monitoring-report\/\" \/>\n<meta property=\"og:locale\" content=\"en_US\" \/>\n<meta property=\"og:type\" content=\"article\" \/>\n<meta property=\"og:title\" content=\"Environmental Monitoring Report\u00a0|\" \/>\n<meta property=\"og:description\" content=\"Environmental Monitoring Report\u00a0for applicable facilities are assessed on a regular basis to ensure the operation maintains high levels of environmental\" \/>\n<meta property=\"og:url\" content=\"https:\/\/qcvn.com.vn\/en\/environmental-monitoring-report\/\" \/>\n<meta property=\"og:site_name\" content=\"C\u00d4NG TY CP K\u1ef8 THU\u1eacT TI\u00caU CHU\u1ea8N QCVN VI\u1ec6T NAM\" \/>\n<meta property=\"article:publisher\" content=\"https:\/\/www.facebook.com\/kythuatieuchuanQCVN\/?ref=br_rs\" \/>\n<meta property=\"article:modified_time\" content=\"2019-03-05T03:13:49+00:00\" \/>\n<meta property=\"og:image\" content=\"https:\/\/qcvn.com.vn\/wp-content\/uploads\/2019\/03\/lap-bao-cao-quan-trac-moi-truong-dinh-ky-qcvn.jpg\" \/>\n\t<meta property=\"og:image:width\" content=\"500\" \/>\n\t<meta property=\"og:image:height\" content=\"340\" \/>\n\t<meta property=\"og:image:type\" content=\"image\/jpeg\" \/>\n<meta name=\"twitter:card\" content=\"summary_large_image\" \/>\n<meta name=\"twitter:label1\" content=\"Est. reading time\" \/>\n\t<meta name=\"twitter:data1\" content=\"2 minutes\" \/>\n<script type=\"application\/ld+json\" class=\"yoast-schema-graph\">{\"@context\":\"https:\/\/schema.org\",\"@graph\":[{\"@type\":\"WebPage\",\"@id\":\"https:\/\/qcvn.com.vn\/en\/environmental-monitoring-report\/\",\"url\":\"https:\/\/qcvn.com.vn\/en\/environmental-monitoring-report\/\",\"name\":\"Environmental Monitoring Report\u00a0|\",\"isPartOf\":{\"@id\":\"https:\/\/qcvn.com.vn\/en\/#website\"},\"primaryImageOfPage\":{\"@id\":\"https:\/\/qcvn.com.vn\/en\/environmental-monitoring-report\/#primaryimage\"},\"image\":{\"@id\":\"https:\/\/qcvn.com.vn\/en\/environmental-monitoring-report\/#primaryimage\"},\"thumbnailUrl\":\"https:\/\/qcvn.com.vn\/wp-content\/uploads\/2020\/08\/bao-cao-cong-tac-bao-ve-moi-truong.jpg\",\"datePublished\":\"2019-03-05T03:04:36+00:00\",\"dateModified\":\"2019-03-05T03:13:49+00:00\",\"description\":\"Environmental Monitoring Report\u00a0for applicable facilities are assessed on a regular basis to ensure the operation maintains high levels of environmental\",\"breadcrumb\":{\"@id\":\"https:\/\/qcvn.com.vn\/en\/environmental-monitoring-report\/#breadcrumb\"},\"inLanguage\":\"en-US\",\"potentialAction\":[{\"@type\":\"ReadAction\",\"target\":[\"https:\/\/qcvn.com.vn\/en\/environmental-monitoring-report\/\"]}]},{\"@type\":\"ImageObject\",\"inLanguage\":\"en-US\",\"@id\":\"https:\/\/qcvn.com.vn\/en\/environmental-monitoring-report\/#primaryimage\",\"url\":\"https:\/\/qcvn.com.vn\/wp-content\/uploads\/2020\/08\/bao-cao-cong-tac-bao-ve-moi-truong.jpg\",\"contentUrl\":\"https:\/\/qcvn.com.vn\/wp-content\/uploads\/2020\/08\/bao-cao-cong-tac-bao-ve-moi-truong.jpg\",\"width\":900,\"height\":600,\"caption\":\"B\u00e1o c\u00e1o c\u00f4ng t\u00e1c b\u1ea3o v\u1ec7 m\u00f4i tr\u01b0\u1eddng\"},{\"@type\":\"BreadcrumbList\",\"@id\":\"https:\/\/qcvn.com.vn\/en\/environmental-monitoring-report\/#breadcrumb\",\"itemListElement\":[{\"@type\":\"ListItem\",\"position\":1,\"name\":\"Home\",\"item\":\"https:\/\/qcvn.com.vn\/en\/\"},{\"@type\":\"ListItem\",\"position\":2,\"name\":\"Service\",\"item\":\"https:\/\/qcvn.com.vn\/en\/service\/\"},{\"@type\":\"ListItem\",\"position\":3,\"name\":\"Consulting environmental reports\",\"item\":\"https:\/\/qcvn.com.vn\/en\/consulting-environmental-reports\/\"},{\"@type\":\"ListItem\",\"position\":4,\"name\":\"Environmental Monitoring Report\"}]},{\"@type\":\"WebSite\",\"@id\":\"https:\/\/qcvn.com.vn\/en\/#website\",\"url\":\"https:\/\/qcvn.com.vn\/en\/\",\"name\":\"C\u00d4NG TY CP K\u1ef8 THU\u1eacT TI\u00caU CHU\u1ea8N QCVN VI\u1ec6T NAM\",\"description\":\"Ph\u00e2n t\u00edch n\u01b0\u1edbc\",\"publisher\":{\"@id\":\"https:\/\/qcvn.com.vn\/en\/#organization\"},\"potentialAction\":[{\"@type\":\"SearchAction\",\"target\":{\"@type\":\"EntryPoint\",\"urlTemplate\":\"https:\/\/qcvn.com.vn\/en\/?s={search_term_string}\"},\"query-input\":{\"@type\":\"PropertyValueSpecification\",\"valueRequired\":true,\"valueName\":\"search_term_string\"}}],\"inLanguage\":\"en-US\"},{\"@type\":\"Organization\",\"@id\":\"https:\/\/qcvn.com.vn\/en\/#organization\",\"name\":\"C\u00d4NG TY C\u1ed4 PH\u1ea6N K\u1ef8 THU\u1eacT TI\u00caU CHU\u1ea8N QCVN VI\u1ec6T NAM\",\"url\":\"https:\/\/qcvn.com.vn\/en\/\",\"logo\":{\"@type\":\"ImageObject\",\"inLanguage\":\"en-US\",\"@id\":\"https:\/\/qcvn.com.vn\/en\/#\/schema\/logo\/image\/\",\"url\":\"https:\/\/qcvn.com.vn\/wp-content\/uploads\/2019\/01\/logo-QCVN.jpg\",\"contentUrl\":\"https:\/\/qcvn.com.vn\/wp-content\/uploads\/2019\/01\/logo-QCVN.jpg\",\"width\":1200,\"height\":476,\"caption\":\"C\u00d4NG TY C\u1ed4 PH\u1ea6N K\u1ef8 THU\u1eacT TI\u00caU CHU\u1ea8N QCVN VI\u1ec6T NAM\"},\"image\":{\"@id\":\"https:\/\/qcvn.com.vn\/en\/#\/schema\/logo\/image\/\"},\"sameAs\":[\"https:\/\/www.facebook.com\/kythuatieuchuanQCVN\/?ref=br_rs\"]}]}<\/script>\n<!-- \/ Yoast SEO plugin. -->","yoast_head_json":{"title":"Environmental Monitoring Report\u00a0|","description":"Environmental Monitoring Report\u00a0for applicable facilities are assessed on a regular basis to ensure the operation maintains high levels of environmental","robots":{"index":"index","follow":"follow","max-snippet":"max-snippet:-1","max-image-preview":"max-image-preview:large","max-video-preview":"max-video-preview:-1"},"canonical":"https:\/\/qcvn.com.vn\/en\/environmental-monitoring-report\/","og_locale":"en_US","og_type":"article","og_title":"Environmental Monitoring Report\u00a0|","og_description":"Environmental Monitoring Report\u00a0for applicable facilities are assessed on a regular basis to ensure the operation maintains high levels of environmental","og_url":"https:\/\/qcvn.com.vn\/en\/environmental-monitoring-report\/","og_site_name":"C\u00d4NG TY CP K\u1ef8 THU\u1eacT TI\u00caU CHU\u1ea8N QCVN VI\u1ec6T NAM","article_publisher":"https:\/\/www.facebook.com\/kythuatieuchuanQCVN\/?ref=br_rs","article_modified_time":"2019-03-05T03:13:49+00:00","og_image":[{"width":500,"height":340,"url":"https:\/\/qcvn.com.vn\/wp-content\/uploads\/2019\/03\/lap-bao-cao-quan-trac-moi-truong-dinh-ky-qcvn.jpg","type":"image\/jpeg"}],"twitter_card":"summary_large_image","twitter_misc":{"Est. reading time":"2 minutes"},"schema":{"@context":"https:\/\/schema.org","@graph":[{"@type":"WebPage","@id":"https:\/\/qcvn.com.vn\/en\/environmental-monitoring-report\/","url":"https:\/\/qcvn.com.vn\/en\/environmental-monitoring-report\/","name":"Environmental Monitoring Report\u00a0|","isPartOf":{"@id":"https:\/\/qcvn.com.vn\/en\/#website"},"primaryImageOfPage":{"@id":"https:\/\/qcvn.com.vn\/en\/environmental-monitoring-report\/#primaryimage"},"image":{"@id":"https:\/\/qcvn.com.vn\/en\/environmental-monitoring-report\/#primaryimage"},"thumbnailUrl":"https:\/\/qcvn.com.vn\/wp-content\/uploads\/2020\/08\/bao-cao-cong-tac-bao-ve-moi-truong.jpg","datePublished":"2019-03-05T03:04:36+00:00","dateModified":"2019-03-05T03:13:49+00:00","description":"Environmental Monitoring Report\u00a0for applicable facilities are assessed on a regular basis to ensure the operation maintains high levels of environmental","breadcrumb":{"@id":"https:\/\/qcvn.com.vn\/en\/environmental-monitoring-report\/#breadcrumb"},"inLanguage":"en-US","potentialAction":[{"@type":"ReadAction","target":["https:\/\/qcvn.com.vn\/en\/environmental-monitoring-report\/"]}]},{"@type":"ImageObject","inLanguage":"en-US","@id":"https:\/\/qcvn.com.vn\/en\/environmental-monitoring-report\/#primaryimage","url":"https:\/\/qcvn.com.vn\/wp-content\/uploads\/2020\/08\/bao-cao-cong-tac-bao-ve-moi-truong.jpg","contentUrl":"https:\/\/qcvn.com.vn\/wp-content\/uploads\/2020\/08\/bao-cao-cong-tac-bao-ve-moi-truong.jpg","width":900,"height":600,"caption":"B\u00e1o c\u00e1o c\u00f4ng t\u00e1c b\u1ea3o v\u1ec7 m\u00f4i tr\u01b0\u1eddng"},{"@type":"BreadcrumbList","@id":"https:\/\/qcvn.com.vn\/en\/environmental-monitoring-report\/#breadcrumb","itemListElement":[{"@type":"ListItem","position":1,"name":"Home","item":"https:\/\/qcvn.com.vn\/en\/"},{"@type":"ListItem","position":2,"name":"Service","item":"https:\/\/qcvn.com.vn\/en\/service\/"},{"@type":"ListItem","position":3,"name":"Consulting environmental reports","item":"https:\/\/qcvn.com.vn\/en\/consulting-environmental-reports\/"},{"@type":"ListItem","position":4,"name":"Environmental Monitoring Report"}]},{"@type":"WebSite","@id":"https:\/\/qcvn.com.vn\/en\/#website","url":"https:\/\/qcvn.com.vn\/en\/","name":"C\u00d4NG TY CP K\u1ef8 THU\u1eacT TI\u00caU CHU\u1ea8N QCVN VI\u1ec6T NAM","description":"Ph\u00e2n t\u00edch n\u01b0\u1edbc","publisher":{"@id":"https:\/\/qcvn.com.vn\/en\/#organization"},"potentialAction":[{"@type":"SearchAction","target":{"@type":"EntryPoint","urlTemplate":"https:\/\/qcvn.com.vn\/en\/?s={search_term_string}"},"query-input":{"@type":"PropertyValueSpecification","valueRequired":true,"valueName":"search_term_string"}}],"inLanguage":"en-US"},{"@type":"Organization","@id":"https:\/\/qcvn.com.vn\/en\/#organization","name":"C\u00d4NG TY C\u1ed4 PH\u1ea6N K\u1ef8 THU\u1eacT TI\u00caU CHU\u1ea8N QCVN VI\u1ec6T NAM","url":"https:\/\/qcvn.com.vn\/en\/","logo":{"@type":"ImageObject","inLanguage":"en-US","@id":"https:\/\/qcvn.com.vn\/en\/#\/schema\/logo\/image\/","url":"https:\/\/qcvn.com.vn\/wp-content\/uploads\/2019\/01\/logo-QCVN.jpg","contentUrl":"https:\/\/qcvn.com.vn\/wp-content\/uploads\/2019\/01\/logo-QCVN.jpg","width":1200,"height":476,"caption":"C\u00d4NG TY C\u1ed4 PH\u1ea6N K\u1ef8 THU\u1eacT TI\u00caU CHU\u1ea8N QCVN VI\u1ec6T NAM"},"image":{"@id":"https:\/\/qcvn.com.vn\/en\/#\/schema\/logo\/image\/"},"sameAs":["https:\/\/www.facebook.com\/kythuatieuchuanQCVN\/?ref=br_rs"]}]}},"_links":{"self":[{"href":"https:\/\/qcvn.com.vn\/en\/wp-json\/wp\/v2\/pages\/2347","targetHints":{"allow":["GET"]}}],"collection":[{"href":"https:\/\/qcvn.com.vn\/en\/wp-json\/wp\/v2\/pages"}],"about":[{"href":"https:\/\/qcvn.com.vn\/en\/wp-json\/wp\/v2\/types\/page"}],"author":[{"embeddable":true,"href":"https:\/\/qcvn.com.vn\/en\/wp-json\/wp\/v2\/users\/3"}],"replies":[{"embeddable":true,"href":"https:\/\/qcvn.com.vn\/en\/wp-json\/wp\/v2\/comments?post=2347"}],"version-history":[{"count":0,"href":"https:\/\/qcvn.com.vn\/en\/wp-json\/wp\/v2\/pages\/2347\/revisions"}],"up":[{"embeddable":true,"href":"https:\/\/qcvn.com.vn\/en\/wp-json\/wp\/v2\/pages\/1202"}],"wp:featuredmedia":[{"embeddable":true,"href":"https:\/\/qcvn.com.vn\/en\/wp-json\/wp\/v2\/media\/6066"}],"wp:attachment":[{"href":"https:\/\/qcvn.com.vn\/en\/wp-json\/wp\/v2\/media?parent=2347"}],"curies":[{"name":"wp","href":"https:\/\/api.w.org\/{rel}","templated":true}]}}