{"id":2328,"date":"2019-03-04T17:48:52","date_gmt":"2019-03-04T10:48:52","guid":{"rendered":"https:\/\/qcvn.com.vn\/?page_id=2328"},"modified":"2019-03-04T17:53:59","modified_gmt":"2019-03-04T10:53:59","slug":"environmental-impact-assessment-records","status":"publish","type":"page","link":"https:\/\/qcvn.com.vn\/en\/environmental-impact-assessment-records\/","title":{"rendered":"Environmental impact assessment records"},"content":{"rendered":"<h3 style=\"padding-left: 30px; text-align: justify;\"><span style=\"color: #282828;\">Environmental impact assessment records<\/span><\/h3>\n<h4 style=\"padding-left: 30px; text-align: justify;\"><span style=\"color: #282828;\"><strong>1.\u00a0Why must prepare environmental impact assessment<\/strong><\/span><\/h4>\n<p style=\"padding-left: 30px; text-align: justify;\"><span style=\"color: #282828;\"><b>Environmental assessment<\/b> is a very important useful, meaningful reality for socio-economic activities of a country, a region. Working environmental impact assessment is a process of synthesis has already been analyzed by studying very complex with many fields of science and economics and different technologies, so that can predict the environmental impacts It is possible to happen by an investment project for socio-economic development, on that basis, propose solutions and measures to enhance positive impacts, minimize negative impacts, and contribute to making for investment projects that are sustainable in actual implementation.<\/span><\/p>\n<h4 style=\"padding-left: 30px; text-align: justify;\"><span style=\"color: #282828;\"><strong>2. The main purpose of <b>Environmental\u00a0 assessment<\/b> (EIA)<\/strong><\/span><\/h4>\n<p style=\"padding-left: 30px; text-align: justify;\"><span style=\"color: #282828;\">\u2013 Environmental impact assessment is a tool for management agencies to consider and analyze forecasts of environmental impacts of specific investment projects to introduce measures to protect the environment.<\/span><\/p>\n<p style=\"padding-left: 30px; text-align: justify;\"><span style=\"color: #282828;\">\u2013 Proposing a plan to prevent, reduce negative impacts, strengthen beneficial aspects and still achieve the development objectives and requirements<\/span><\/p>\n<p style=\"padding-left: 30px; text-align: justify;\"><span style=\"color: #282828;\">\u2013 Environmental impact assessment is not only a scientific report but also a legal basis for deciding important issues on socio-economic development, related to the material and spiritual life of the people in the whole country or a local area.<\/span><\/p>\n<p style=\"padding-left: 30px; text-align: justify;\"><span style=\"color: #282828;\">Refer to Appendix II of Decree No. 18\/2015 \/ ND-CP dated February 14, 2015 of the Government stipulating projects that must carry out environmental impact assessment.<\/span><\/p>\n<h4 style=\"padding-left: 30px; text-align: justify;\"><span style=\"color: #282828;\"><strong>3. Regulations for making <b>Environmental assessment<\/b> reports:<\/strong><\/span><\/h4>\n<p style=\"padding-left: 30px; text-align: justify;\"><span style=\"color: #282828;\">* Environmental Protection Law No. 55\/2014 \/ QH13 dated 23\/06\/2014;<\/span><\/p>\n<p style=\"padding-left: 30px; text-align: justify;\"><span style=\"color: #282828;\">* Decree No. 18\/2015 \/ ND-CP dated February 14, 2015 of the Government on Regulations on environmental protection planning, strategic environmental assessment, environmental impact assessment and environmental protection plan school;<\/span><\/p>\n<p style=\"padding-left: 30px; text-align: justify;\"><span style=\"color: #282828;\">* Decree No. 19\/2015 \/ ND-CP dated February 14, 2015 of the Government detailing and guiding the implementation of a number of articles of the Law on Environmental Protection;<\/span><\/p>\n<p style=\"padding-left: 30px; text-align: justify;\"><span style=\"color: #282828;\">* Circular No. 27\/2015 \/ TT-BTNMT 29.05.2015 Ministry of Natural Resources and Environment regulations on Strategic Environmental Assessment, Environmental Impact Assessment and Environmental Protection Plan;<\/span><\/p>\n<p style=\"padding-left: 30px; text-align: justify;\"><span style=\"color: #282828;\">*Decree No. 155\/2016 \/ ND-CP dated November 18, 2016 of the Government stipulating penalties for administrative violations in the field of environmental protection.<\/span><\/p>\n<h4 style=\"text-align: justify;\"><span style=\"color: #282828;\">4. Why QCVN for <b>Environmental assessment<\/b><\/span><\/h4>\n<p style=\"text-align: justify;\">In order to assess the environmental impact, it is necessary to sample the background environment analysis before the project is implemented, QCVN is the unit certified by the Ministry of Natural Resources and Environment to meet environmental monitoring conditions including 02 areas of environmental analysis school and environmental monitoring according to Vimcerts 197 and Decision 1316 \/ QD-BTNMT on May 29, 2016.<\/p>\n<p style=\"text-align: justify;\">QCVN has sufficient equipment to sample gas, emissions, water, wastewater, mud and soil. In addition to rapid measurement of field parameters, QCVN also conducted sampling on analytical laboratory in accordance with TCVN and QCVN standards.<\/p>\n<p style=\"text-align: justify;\">With 5 years in the field of environmental legal consultancy and more than 3000 environmental impact assessment dossiers approved from ministerial to provincial levels and industrial park management boards throughout the country have proved QCVN capacity in the field of environment.<\/p>\n<p><span style=\"color: #282828;\">Our Acctivities:<\/span><\/p>\n<p><span style=\"color: #282828;\"><img loading=\"lazy\" decoding=\"async\" class=\"size-medium wp-image-1930 aligncenter\" src=\"https:\/\/qcvn.com.vn\/wp-content\/uploads\/2019\/01\/quantracnuoc2019-533x400.jpg\" alt=\"\" width=\"533\" height=\"400\" srcset=\"https:\/\/qcvn.com.vn\/wp-content\/uploads\/2019\/01\/quantracnuoc2019-533x400.jpg 533w, https:\/\/qcvn.com.vn\/wp-content\/uploads\/2019\/01\/quantracnuoc2019-600x450.jpg 600w, https:\/\/qcvn.com.vn\/wp-content\/uploads\/2019\/01\/quantracnuoc2019-768x576.jpg 768w, https:\/\/qcvn.com.vn\/wp-content\/uploads\/2019\/01\/quantracnuoc2019-1067x800.jpg 1067w\" sizes=\"auto, (max-width: 533px) 100vw, 533px\" \/><\/span><\/p>\n<p><span style=\"color: #282828;\"><img loading=\"lazy\" decoding=\"async\" class=\"aligncenter size-medium wp-image-1887\" src=\"https:\/\/qcvn.com.vn\/wp-content\/uploads\/2019\/01\/quan-tr\u1eafc-m\u00f4i-tr\u01b0\u1eddng-l\u00e0m-vi\u1ec7c-533x400.jpg\" alt=\"\" width=\"533\" height=\"400\" srcset=\"https:\/\/qcvn.com.vn\/wp-content\/uploads\/2019\/01\/quan-tr\u1eafc-m\u00f4i-tr\u01b0\u1eddng-l\u00e0m-vi\u1ec7c-533x400.jpg 533w, https:\/\/qcvn.com.vn\/wp-content\/uploads\/2019\/01\/quan-tr\u1eafc-m\u00f4i-tr\u01b0\u1eddng-l\u00e0m-vi\u1ec7c-600x450.jpg 600w, https:\/\/qcvn.com.vn\/wp-content\/uploads\/2019\/01\/quan-tr\u1eafc-m\u00f4i-tr\u01b0\u1eddng-l\u00e0m-vi\u1ec7c-768x576.jpg 768w, https:\/\/qcvn.com.vn\/wp-content\/uploads\/2019\/01\/quan-tr\u1eafc-m\u00f4i-tr\u01b0\u1eddng-l\u00e0m-vi\u1ec7c-1067x800.jpg 1067w\" sizes=\"auto, (max-width: 533px) 100vw, 533px\" \/> <img loading=\"lazy\" decoding=\"async\" class=\"aligncenter size-medium wp-image-1885\" src=\"https:\/\/qcvn.com.vn\/wp-content\/uploads\/2019\/01\/QCVNquantrachientruongdinhky2019-533x400.jpg\" alt=\"\" width=\"533\" height=\"400\" srcset=\"https:\/\/qcvn.com.vn\/wp-content\/uploads\/2019\/01\/QCVNquantrachientruongdinhky2019-533x400.jpg 533w, https:\/\/qcvn.com.vn\/wp-content\/uploads\/2019\/01\/QCVNquantrachientruongdinhky2019-600x450.jpg 600w, https:\/\/qcvn.com.vn\/wp-content\/uploads\/2019\/01\/QCVNquantrachientruongdinhky2019-768x576.jpg 768w, https:\/\/qcvn.com.vn\/wp-content\/uploads\/2019\/01\/QCVNquantrachientruongdinhky2019-1067x800.jpg 1067w\" sizes=\"auto, (max-width: 533px) 100vw, 533px\" \/> <img loading=\"lazy\" decoding=\"async\" class=\"aligncenter size-medium wp-image-1881\" src=\"https:\/\/qcvn.com.vn\/wp-content\/uploads\/2019\/01\/QCVNquantrachientruong-1-533x400.jpg\" alt=\"\" width=\"533\" height=\"400\" srcset=\"https:\/\/qcvn.com.vn\/wp-content\/uploads\/2019\/01\/QCVNquantrachientruong-1-533x400.jpg 533w, https:\/\/qcvn.com.vn\/wp-content\/uploads\/2019\/01\/QCVNquantrachientruong-1-600x450.jpg 600w, https:\/\/qcvn.com.vn\/wp-content\/uploads\/2019\/01\/QCVNquantrachientruong-1-768x576.jpg 768w, https:\/\/qcvn.com.vn\/wp-content\/uploads\/2019\/01\/QCVNquantrachientruong-1-1067x800.jpg 1067w\" sizes=\"auto, (max-width: 533px) 100vw, 533px\" \/><\/span><\/p>\n<p><span style=\"color: #282828;\"><img loading=\"lazy\" decoding=\"async\" class=\"size-medium wp-image-1877 aligncenter\" src=\"https:\/\/qcvn.com.vn\/wp-content\/uploads\/2019\/01\/laymaukhithai-533x400.jpg\" alt=\"laymaukhithai\" width=\"533\" height=\"400\" srcset=\"https:\/\/qcvn.com.vn\/wp-content\/uploads\/2019\/01\/laymaukhithai-533x400.jpg 533w, https:\/\/qcvn.com.vn\/wp-content\/uploads\/2019\/01\/laymaukhithai-600x450.jpg 600w, https:\/\/qcvn.com.vn\/wp-content\/uploads\/2019\/01\/laymaukhithai-768x576.jpg 768w, https:\/\/qcvn.com.vn\/wp-content\/uploads\/2019\/01\/laymaukhithai-1067x800.jpg 1067w\" sizes=\"auto, (max-width: 533px) 100vw, 533px\" \/><\/span><\/p>\n","protected":false},"excerpt":{"rendered":"<p>Environmental impact assessment records 1.\u00a0Why must prepare environmental impact assessment Environmental assessment is a very important useful, meaningful reality for socio-economic activities of a country, a region. Working environmental impact assessment is a process of synthesis has already been analyzed by studying very complex with many fields of science and economics and different technologies, so&#8230;<\/p>\n","protected":false},"author":3,"featured_media":6034,"parent":1202,"menu_order":0,"comment_status":"closed","ping_status":"closed","template":"page-dichvu.php","meta":{"_acf_changed":false,"footnotes":""},"class_list":["post-2328","page","type-page","status-publish","has-post-thumbnail","hentry"],"acf":[],"yoast_head":"<!-- This site is optimized with the Yoast SEO plugin v25.8 - https:\/\/yoast.com\/wordpress\/plugins\/seo\/ -->\n<title>Environmental impact assessment records<\/title>\n<meta name=\"description\" content=\"Environmental assessment (EA) is the assessment of the environmental consequences of a plan, policy, program, or actual projects prior to the decision\" \/>\n<meta name=\"robots\" content=\"index, follow, max-snippet:-1, max-image-preview:large, max-video-preview:-1\" \/>\n<link rel=\"canonical\" href=\"https:\/\/qcvn.com.vn\/en\/environmental-impact-assessment-records\/\" \/>\n<meta property=\"og:locale\" content=\"en_US\" \/>\n<meta property=\"og:type\" content=\"article\" \/>\n<meta property=\"og:title\" content=\"Environmental impact assessment records\" \/>\n<meta property=\"og:description\" content=\"Environmental assessment (EA) is the assessment of the environmental consequences of a plan, policy, program, or actual projects prior to the decision\" \/>\n<meta property=\"og:url\" content=\"https:\/\/qcvn.com.vn\/en\/environmental-impact-assessment-records\/\" \/>\n<meta property=\"og:site_name\" content=\"C\u00d4NG TY CP K\u1ef8 THU\u1eacT TI\u00caU CHU\u1ea8N QCVN VI\u1ec6T NAM\" \/>\n<meta property=\"article:publisher\" content=\"https:\/\/www.facebook.com\/kythuatieuchuanQCVN\/?ref=br_rs\" \/>\n<meta property=\"article:modified_time\" content=\"2019-03-04T10:53:59+00:00\" \/>\n<meta property=\"og:image\" content=\"https:\/\/qcvn.com.vn\/wp-content\/uploads\/2019\/01\/quantracnuoc2019.jpg\" \/>\n\t<meta property=\"og:image:width\" content=\"4032\" \/>\n\t<meta property=\"og:image:height\" content=\"3024\" \/>\n\t<meta property=\"og:image:type\" content=\"image\/jpeg\" \/>\n<meta name=\"twitter:card\" content=\"summary_large_image\" \/>\n<meta name=\"twitter:label1\" content=\"Est. reading time\" \/>\n\t<meta name=\"twitter:data1\" content=\"2 minutes\" \/>\n<script type=\"application\/ld+json\" class=\"yoast-schema-graph\">{\"@context\":\"https:\/\/schema.org\",\"@graph\":[{\"@type\":\"WebPage\",\"@id\":\"https:\/\/qcvn.com.vn\/en\/environmental-impact-assessment-records\/\",\"url\":\"https:\/\/qcvn.com.vn\/en\/environmental-impact-assessment-records\/\",\"name\":\"Environmental impact assessment records\",\"isPartOf\":{\"@id\":\"https:\/\/qcvn.com.vn\/en\/#website\"},\"primaryImageOfPage\":{\"@id\":\"https:\/\/qcvn.com.vn\/en\/environmental-impact-assessment-records\/#primaryimage\"},\"image\":{\"@id\":\"https:\/\/qcvn.com.vn\/en\/environmental-impact-assessment-records\/#primaryimage\"},\"thumbnailUrl\":\"https:\/\/qcvn.com.vn\/wp-content\/uploads\/2022\/02\/danh-gia-tac-dong-moi-truong.jpg\",\"datePublished\":\"2019-03-04T10:48:52+00:00\",\"dateModified\":\"2019-03-04T10:53:59+00:00\",\"description\":\"Environmental assessment (EA) is the assessment of the environmental consequences of a plan, policy, program, or actual projects prior to the decision\",\"breadcrumb\":{\"@id\":\"https:\/\/qcvn.com.vn\/en\/environmental-impact-assessment-records\/#breadcrumb\"},\"inLanguage\":\"en-US\",\"potentialAction\":[{\"@type\":\"ReadAction\",\"target\":[\"https:\/\/qcvn.com.vn\/en\/environmental-impact-assessment-records\/\"]}]},{\"@type\":\"ImageObject\",\"inLanguage\":\"en-US\",\"@id\":\"https:\/\/qcvn.com.vn\/en\/environmental-impact-assessment-records\/#primaryimage\",\"url\":\"https:\/\/qcvn.com.vn\/wp-content\/uploads\/2022\/02\/danh-gia-tac-dong-moi-truong.jpg\",\"contentUrl\":\"https:\/\/qcvn.com.vn\/wp-content\/uploads\/2022\/02\/danh-gia-tac-dong-moi-truong.jpg\",\"width\":900,\"height\":900,\"caption\":\"\u0110\u00e1nh gi\u00e1 t\u00e1c \u0111\u1ed9ng m\u00f4i tr\u01b0\u1eddng 2022\"},{\"@type\":\"BreadcrumbList\",\"@id\":\"https:\/\/qcvn.com.vn\/en\/environmental-impact-assessment-records\/#breadcrumb\",\"itemListElement\":[{\"@type\":\"ListItem\",\"position\":1,\"name\":\"Home\",\"item\":\"https:\/\/qcvn.com.vn\/en\/\"},{\"@type\":\"ListItem\",\"position\":2,\"name\":\"Service\",\"item\":\"https:\/\/qcvn.com.vn\/en\/service\/\"},{\"@type\":\"ListItem\",\"position\":3,\"name\":\"Consulting environmental reports\",\"item\":\"https:\/\/qcvn.com.vn\/en\/consulting-environmental-reports\/\"},{\"@type\":\"ListItem\",\"position\":4,\"name\":\"Environmental impact assessment records\"}]},{\"@type\":\"WebSite\",\"@id\":\"https:\/\/qcvn.com.vn\/en\/#website\",\"url\":\"https:\/\/qcvn.com.vn\/en\/\",\"name\":\"C\u00d4NG TY CP K\u1ef8 THU\u1eacT TI\u00caU CHU\u1ea8N QCVN VI\u1ec6T NAM\",\"description\":\"Ph\u00e2n t\u00edch n\u01b0\u1edbc\",\"publisher\":{\"@id\":\"https:\/\/qcvn.com.vn\/en\/#organization\"},\"potentialAction\":[{\"@type\":\"SearchAction\",\"target\":{\"@type\":\"EntryPoint\",\"urlTemplate\":\"https:\/\/qcvn.com.vn\/en\/?s={search_term_string}\"},\"query-input\":{\"@type\":\"PropertyValueSpecification\",\"valueRequired\":true,\"valueName\":\"search_term_string\"}}],\"inLanguage\":\"en-US\"},{\"@type\":\"Organization\",\"@id\":\"https:\/\/qcvn.com.vn\/en\/#organization\",\"name\":\"C\u00d4NG TY C\u1ed4 PH\u1ea6N K\u1ef8 THU\u1eacT TI\u00caU CHU\u1ea8N QCVN VI\u1ec6T NAM\",\"url\":\"https:\/\/qcvn.com.vn\/en\/\",\"logo\":{\"@type\":\"ImageObject\",\"inLanguage\":\"en-US\",\"@id\":\"https:\/\/qcvn.com.vn\/en\/#\/schema\/logo\/image\/\",\"url\":\"https:\/\/qcvn.com.vn\/wp-content\/uploads\/2019\/01\/logo-QCVN.jpg\",\"contentUrl\":\"https:\/\/qcvn.com.vn\/wp-content\/uploads\/2019\/01\/logo-QCVN.jpg\",\"width\":1200,\"height\":476,\"caption\":\"C\u00d4NG TY C\u1ed4 PH\u1ea6N K\u1ef8 THU\u1eacT TI\u00caU CHU\u1ea8N QCVN VI\u1ec6T NAM\"},\"image\":{\"@id\":\"https:\/\/qcvn.com.vn\/en\/#\/schema\/logo\/image\/\"},\"sameAs\":[\"https:\/\/www.facebook.com\/kythuatieuchuanQCVN\/?ref=br_rs\"]}]}<\/script>\n<!-- \/ Yoast SEO plugin. -->","yoast_head_json":{"title":"Environmental impact assessment records","description":"Environmental assessment (EA) is the assessment of the environmental consequences of a plan, policy, program, or actual projects prior to the decision","robots":{"index":"index","follow":"follow","max-snippet":"max-snippet:-1","max-image-preview":"max-image-preview:large","max-video-preview":"max-video-preview:-1"},"canonical":"https:\/\/qcvn.com.vn\/en\/environmental-impact-assessment-records\/","og_locale":"en_US","og_type":"article","og_title":"Environmental impact assessment records","og_description":"Environmental assessment (EA) is the assessment of the environmental consequences of a plan, policy, program, or actual projects prior to the decision","og_url":"https:\/\/qcvn.com.vn\/en\/environmental-impact-assessment-records\/","og_site_name":"C\u00d4NG TY CP K\u1ef8 THU\u1eacT TI\u00caU CHU\u1ea8N QCVN VI\u1ec6T NAM","article_publisher":"https:\/\/www.facebook.com\/kythuatieuchuanQCVN\/?ref=br_rs","article_modified_time":"2019-03-04T10:53:59+00:00","og_image":[{"width":4032,"height":3024,"url":"https:\/\/qcvn.com.vn\/wp-content\/uploads\/2019\/01\/quantracnuoc2019.jpg","type":"image\/jpeg"}],"twitter_card":"summary_large_image","twitter_misc":{"Est. reading time":"2 minutes"},"schema":{"@context":"https:\/\/schema.org","@graph":[{"@type":"WebPage","@id":"https:\/\/qcvn.com.vn\/en\/environmental-impact-assessment-records\/","url":"https:\/\/qcvn.com.vn\/en\/environmental-impact-assessment-records\/","name":"Environmental impact assessment records","isPartOf":{"@id":"https:\/\/qcvn.com.vn\/en\/#website"},"primaryImageOfPage":{"@id":"https:\/\/qcvn.com.vn\/en\/environmental-impact-assessment-records\/#primaryimage"},"image":{"@id":"https:\/\/qcvn.com.vn\/en\/environmental-impact-assessment-records\/#primaryimage"},"thumbnailUrl":"https:\/\/qcvn.com.vn\/wp-content\/uploads\/2022\/02\/danh-gia-tac-dong-moi-truong.jpg","datePublished":"2019-03-04T10:48:52+00:00","dateModified":"2019-03-04T10:53:59+00:00","description":"Environmental assessment (EA) is the assessment of the environmental consequences of a plan, policy, program, or actual projects prior to the decision","breadcrumb":{"@id":"https:\/\/qcvn.com.vn\/en\/environmental-impact-assessment-records\/#breadcrumb"},"inLanguage":"en-US","potentialAction":[{"@type":"ReadAction","target":["https:\/\/qcvn.com.vn\/en\/environmental-impact-assessment-records\/"]}]},{"@type":"ImageObject","inLanguage":"en-US","@id":"https:\/\/qcvn.com.vn\/en\/environmental-impact-assessment-records\/#primaryimage","url":"https:\/\/qcvn.com.vn\/wp-content\/uploads\/2022\/02\/danh-gia-tac-dong-moi-truong.jpg","contentUrl":"https:\/\/qcvn.com.vn\/wp-content\/uploads\/2022\/02\/danh-gia-tac-dong-moi-truong.jpg","width":900,"height":900,"caption":"\u0110\u00e1nh gi\u00e1 t\u00e1c \u0111\u1ed9ng m\u00f4i tr\u01b0\u1eddng 2022"},{"@type":"BreadcrumbList","@id":"https:\/\/qcvn.com.vn\/en\/environmental-impact-assessment-records\/#breadcrumb","itemListElement":[{"@type":"ListItem","position":1,"name":"Home","item":"https:\/\/qcvn.com.vn\/en\/"},{"@type":"ListItem","position":2,"name":"Service","item":"https:\/\/qcvn.com.vn\/en\/service\/"},{"@type":"ListItem","position":3,"name":"Consulting environmental reports","item":"https:\/\/qcvn.com.vn\/en\/consulting-environmental-reports\/"},{"@type":"ListItem","position":4,"name":"Environmental impact assessment records"}]},{"@type":"WebSite","@id":"https:\/\/qcvn.com.vn\/en\/#website","url":"https:\/\/qcvn.com.vn\/en\/","name":"C\u00d4NG TY CP K\u1ef8 THU\u1eacT TI\u00caU CHU\u1ea8N QCVN VI\u1ec6T NAM","description":"Ph\u00e2n t\u00edch n\u01b0\u1edbc","publisher":{"@id":"https:\/\/qcvn.com.vn\/en\/#organization"},"potentialAction":[{"@type":"SearchAction","target":{"@type":"EntryPoint","urlTemplate":"https:\/\/qcvn.com.vn\/en\/?s={search_term_string}"},"query-input":{"@type":"PropertyValueSpecification","valueRequired":true,"valueName":"search_term_string"}}],"inLanguage":"en-US"},{"@type":"Organization","@id":"https:\/\/qcvn.com.vn\/en\/#organization","name":"C\u00d4NG TY C\u1ed4 PH\u1ea6N K\u1ef8 THU\u1eacT TI\u00caU CHU\u1ea8N QCVN VI\u1ec6T NAM","url":"https:\/\/qcvn.com.vn\/en\/","logo":{"@type":"ImageObject","inLanguage":"en-US","@id":"https:\/\/qcvn.com.vn\/en\/#\/schema\/logo\/image\/","url":"https:\/\/qcvn.com.vn\/wp-content\/uploads\/2019\/01\/logo-QCVN.jpg","contentUrl":"https:\/\/qcvn.com.vn\/wp-content\/uploads\/2019\/01\/logo-QCVN.jpg","width":1200,"height":476,"caption":"C\u00d4NG TY C\u1ed4 PH\u1ea6N K\u1ef8 THU\u1eacT TI\u00caU CHU\u1ea8N QCVN VI\u1ec6T NAM"},"image":{"@id":"https:\/\/qcvn.com.vn\/en\/#\/schema\/logo\/image\/"},"sameAs":["https:\/\/www.facebook.com\/kythuatieuchuanQCVN\/?ref=br_rs"]}]}},"_links":{"self":[{"href":"https:\/\/qcvn.com.vn\/en\/wp-json\/wp\/v2\/pages\/2328","targetHints":{"allow":["GET"]}}],"collection":[{"href":"https:\/\/qcvn.com.vn\/en\/wp-json\/wp\/v2\/pages"}],"about":[{"href":"https:\/\/qcvn.com.vn\/en\/wp-json\/wp\/v2\/types\/page"}],"author":[{"embeddable":true,"href":"https:\/\/qcvn.com.vn\/en\/wp-json\/wp\/v2\/users\/3"}],"replies":[{"embeddable":true,"href":"https:\/\/qcvn.com.vn\/en\/wp-json\/wp\/v2\/comments?post=2328"}],"version-history":[{"count":0,"href":"https:\/\/qcvn.com.vn\/en\/wp-json\/wp\/v2\/pages\/2328\/revisions"}],"up":[{"embeddable":true,"href":"https:\/\/qcvn.com.vn\/en\/wp-json\/wp\/v2\/pages\/1202"}],"wp:featuredmedia":[{"embeddable":true,"href":"https:\/\/qcvn.com.vn\/en\/wp-json\/wp\/v2\/media\/6034"}],"wp:attachment":[{"href":"https:\/\/qcvn.com.vn\/en\/wp-json\/wp\/v2\/media?parent=2328"}],"curies":[{"name":"wp","href":"https:\/\/api.w.org\/{rel}","templated":true}]}}