{"id":2326,"date":"2019-03-04T17:37:00","date_gmt":"2019-03-04T10:37:00","guid":{"rendered":"https:\/\/qcvn.com.vn\/?page_id=2326"},"modified":"2019-03-04T17:38:14","modified_gmt":"2019-03-04T10:38:14","slug":"environmental-protection-plan-report","status":"publish","type":"page","link":"https:\/\/qcvn.com.vn\/en\/environmental-protection-plan-report\/","title":{"rendered":"Environmental protection plan report"},"content":{"rendered":"<h3 style=\"text-align: justify;\">Environmental protection plan report<\/h3>\n<ol>\n<li style=\"text-align: justify;\">\n<h4><span style=\"color: #282828;\"><strong>What is the environmental protection plan?<\/strong><\/span><\/h4>\n<\/li>\n<\/ol>\n<p style=\"padding-left: 30px; text-align: justify;\">The Plan of Environmental Protection as a binding responsibilities between project owners and communities, businesses and authorities to ensure the future sustainable development, living environment is always guaranteed.<\/p>\n<h4 style=\"padding-left: 30px; text-align: justify;\"><span style=\"color: #282828;\"><strong>2. Subjects performed\u00a0<\/strong><\/span><span style=\"color: #282828;\"><strong>environmental protection plan<\/strong><\/span><span style=\"color: #282828;\"><strong>:<\/strong><\/span><\/h4>\n<p style=\"padding-left: 30px; text-align: justify;\">New investment projects, investment in scaling up, raising the capacity of production, business and service establishments not subject to the provisions in Appendix II of Decree No. 18\/2015 \/ ND-CP.<\/p>\n<p style=\"padding-left: 30px; text-align: justify;\">Investment plans for production, business, services, investment plans to scale up and increase the capacity of production, business and service establishments not subject to the provisions of Clause 4 of this Article and at the same time not included in Appendix II of this Decree.<\/p>\n<p style=\"padding-left: 30px; text-align: justify;\"><span style=\"color: #282828;\"><strong>3. Legal documents on environmental protection planning:<\/strong><\/span><\/p>\n<p style=\"padding-left: 30px; text-align: justify;\">Environmental Protection Law No. 55\/2014 \/ QH13 June 23, 2014;<\/p>\n<p style=\"padding-left: 30px; text-align: justify;\">Decree No. 18\/2015 \/ ND-CP dated February 14, 2015 Regulations on environmental protection planning, strategic environmental assessment, environmental impact assessment and environmental protection plans;<\/p>\n<p style=\"padding-left: 30px; text-align: justify;\">Circular No. 27\/2015 \/ TT-BTNMT dated May 29, 2015 guiding strategic environmental assessment, environmental impact assessment and environmental protection plans.<\/p>\n<p style=\"padding-left: 30px; text-align: justify;\"><span style=\"color: #282828;\"><strong>4. Receiving agencies, appraisal:<\/strong><\/span><\/p>\n<ul>\n<li style=\"text-align: justify;\">Provincial agencies<\/li>\n<li>People&#8217;s Committee<\/li>\n<li>Industrial park management boards<\/li>\n<\/ul>\n","protected":false},"excerpt":{"rendered":"<p>QCVN t\u01b0 v\u1ea5n th\u1ef1c hi\u1ec7n h\u1ed3 s\u01a1 ph\u00e1p l\u00fd m\u00f4i tr\u01b0\u1eddng, b\u00e1o c\u00e1o quan tr\u1eafc m\u00f4i tr\u01b0\u1eddng \u0111\u1ecbnh k\u1ef3, k\u1ebf ho\u1ea1ch b\u1ea3o v\u1ec7 m\u00f4i tr\u01b0\u1eddng cho doanh nghi\u1ec7p. <\/p>\n","protected":false},"author":3,"featured_media":6038,"parent":824,"menu_order":0,"comment_status":"closed","ping_status":"closed","template":"page-subdichvu.php","meta":{"_acf_changed":false,"footnotes":""},"class_list":["post-2326","page","type-page","status-publish","has-post-thumbnail","hentry"],"acf":[],"yoast_head":"<!-- This site is optimized with the Yoast SEO plugin v25.8 - https:\/\/yoast.com\/wordpress\/plugins\/seo\/ -->\n<title>Environmental protection plan report - QCVN centre<\/title>\n<meta name=\"description\" content=\"QCVN advises on implementing environmental legal documents, periodic environmental monitoring reports, environmental protection plans for enterprises.\" \/>\n<meta name=\"robots\" content=\"index, follow, max-snippet:-1, max-image-preview:large, max-video-preview:-1\" \/>\n<link rel=\"canonical\" href=\"https:\/\/qcvn.com.vn\/en\/environmental-protection-plan-report\/\" \/>\n<meta property=\"og:locale\" content=\"en_US\" \/>\n<meta property=\"og:type\" content=\"article\" \/>\n<meta property=\"og:title\" content=\"Environmental protection plan report - QCVN centre\" \/>\n<meta property=\"og:description\" content=\"QCVN advises on implementing environmental legal documents, periodic environmental monitoring reports, environmental protection plans for enterprises.\" \/>\n<meta property=\"og:url\" content=\"https:\/\/qcvn.com.vn\/en\/environmental-protection-plan-report\/\" \/>\n<meta property=\"og:site_name\" content=\"C\u00d4NG TY CP K\u1ef8 THU\u1eacT TI\u00caU CHU\u1ea8N QCVN VI\u1ec6T NAM\" \/>\n<meta property=\"article:publisher\" content=\"https:\/\/www.facebook.com\/kythuatieuchuanQCVN\/?ref=br_rs\" \/>\n<meta property=\"article:modified_time\" content=\"2019-03-04T10:38:14+00:00\" \/>\n<meta property=\"og:image\" content=\"https:\/\/qcvn.com.vn\/wp-content\/uploads\/2019\/01\/Can-bo-cong-nhan-vien-qcvn-04-1024x683.jpg\" \/>\n\t<meta property=\"og:image:width\" content=\"1024\" \/>\n\t<meta property=\"og:image:height\" content=\"683\" \/>\n\t<meta property=\"og:image:type\" content=\"image\/jpeg\" \/>\n<meta name=\"twitter:card\" content=\"summary_large_image\" \/>\n<meta name=\"twitter:label1\" content=\"Est. reading time\" \/>\n\t<meta name=\"twitter:data1\" content=\"1 minute\" \/>\n<script type=\"application\/ld+json\" class=\"yoast-schema-graph\">{\"@context\":\"https:\/\/schema.org\",\"@graph\":[{\"@type\":\"WebPage\",\"@id\":\"https:\/\/qcvn.com.vn\/en\/environmental-protection-plan-report\/\",\"url\":\"https:\/\/qcvn.com.vn\/en\/environmental-protection-plan-report\/\",\"name\":\"Environmental protection plan report - QCVN centre\",\"isPartOf\":{\"@id\":\"https:\/\/qcvn.com.vn\/en\/#website\"},\"primaryImageOfPage\":{\"@id\":\"https:\/\/qcvn.com.vn\/en\/environmental-protection-plan-report\/#primaryimage\"},\"image\":{\"@id\":\"https:\/\/qcvn.com.vn\/en\/environmental-protection-plan-report\/#primaryimage\"},\"thumbnailUrl\":\"https:\/\/qcvn.com.vn\/wp-content\/uploads\/2022\/02\/Giay-phep-moi-truong-1.jpg\",\"datePublished\":\"2019-03-04T10:37:00+00:00\",\"dateModified\":\"2019-03-04T10:38:14+00:00\",\"description\":\"QCVN advises on implementing environmental legal documents, periodic environmental monitoring reports, environmental protection plans for enterprises.\",\"breadcrumb\":{\"@id\":\"https:\/\/qcvn.com.vn\/en\/environmental-protection-plan-report\/#breadcrumb\"},\"inLanguage\":\"en-US\",\"potentialAction\":[{\"@type\":\"ReadAction\",\"target\":[\"https:\/\/qcvn.com.vn\/en\/environmental-protection-plan-report\/\"]}]},{\"@type\":\"ImageObject\",\"inLanguage\":\"en-US\",\"@id\":\"https:\/\/qcvn.com.vn\/en\/environmental-protection-plan-report\/#primaryimage\",\"url\":\"https:\/\/qcvn.com.vn\/wp-content\/uploads\/2022\/02\/Giay-phep-moi-truong-1.jpg\",\"contentUrl\":\"https:\/\/qcvn.com.vn\/wp-content\/uploads\/2022\/02\/Giay-phep-moi-truong-1.jpg\",\"width\":900,\"height\":900,\"caption\":\"gi\u1ea5y ph\u00e9p m\u00f4i tr\u01b0\u1eddng\"},{\"@type\":\"BreadcrumbList\",\"@id\":\"https:\/\/qcvn.com.vn\/en\/environmental-protection-plan-report\/#breadcrumb\",\"itemListElement\":[{\"@type\":\"ListItem\",\"position\":1,\"name\":\"Home\",\"item\":\"https:\/\/qcvn.com.vn\/en\/\"},{\"@type\":\"ListItem\",\"position\":2,\"name\":\"Service\",\"item\":\"https:\/\/qcvn.com.vn\/en\/service\/\"},{\"@type\":\"ListItem\",\"position\":3,\"name\":\"Consulting environmental reports\",\"item\":\"https:\/\/qcvn.com.vn\/en\/consulting-environmental-reports\/\"},{\"@type\":\"ListItem\",\"position\":4,\"name\":\"Environmental protection plan report\"}]},{\"@type\":\"WebSite\",\"@id\":\"https:\/\/qcvn.com.vn\/en\/#website\",\"url\":\"https:\/\/qcvn.com.vn\/en\/\",\"name\":\"C\u00d4NG TY CP K\u1ef8 THU\u1eacT TI\u00caU CHU\u1ea8N QCVN VI\u1ec6T NAM\",\"description\":\"Ph\u00e2n t\u00edch n\u01b0\u1edbc\",\"publisher\":{\"@id\":\"https:\/\/qcvn.com.vn\/en\/#organization\"},\"potentialAction\":[{\"@type\":\"SearchAction\",\"target\":{\"@type\":\"EntryPoint\",\"urlTemplate\":\"https:\/\/qcvn.com.vn\/en\/?s={search_term_string}\"},\"query-input\":{\"@type\":\"PropertyValueSpecification\",\"valueRequired\":true,\"valueName\":\"search_term_string\"}}],\"inLanguage\":\"en-US\"},{\"@type\":\"Organization\",\"@id\":\"https:\/\/qcvn.com.vn\/en\/#organization\",\"name\":\"C\u00d4NG TY C\u1ed4 PH\u1ea6N K\u1ef8 THU\u1eacT TI\u00caU CHU\u1ea8N QCVN VI\u1ec6T NAM\",\"url\":\"https:\/\/qcvn.com.vn\/en\/\",\"logo\":{\"@type\":\"ImageObject\",\"inLanguage\":\"en-US\",\"@id\":\"https:\/\/qcvn.com.vn\/en\/#\/schema\/logo\/image\/\",\"url\":\"https:\/\/qcvn.com.vn\/wp-content\/uploads\/2019\/01\/logo-QCVN.jpg\",\"contentUrl\":\"https:\/\/qcvn.com.vn\/wp-content\/uploads\/2019\/01\/logo-QCVN.jpg\",\"width\":1200,\"height\":476,\"caption\":\"C\u00d4NG TY C\u1ed4 PH\u1ea6N K\u1ef8 THU\u1eacT TI\u00caU CHU\u1ea8N QCVN VI\u1ec6T NAM\"},\"image\":{\"@id\":\"https:\/\/qcvn.com.vn\/en\/#\/schema\/logo\/image\/\"},\"sameAs\":[\"https:\/\/www.facebook.com\/kythuatieuchuanQCVN\/?ref=br_rs\"]}]}<\/script>\n<!-- \/ Yoast SEO plugin. -->","yoast_head_json":{"title":"Environmental protection plan report - QCVN centre","description":"QCVN advises on implementing environmental legal documents, periodic environmental monitoring reports, environmental protection plans for enterprises.","robots":{"index":"index","follow":"follow","max-snippet":"max-snippet:-1","max-image-preview":"max-image-preview:large","max-video-preview":"max-video-preview:-1"},"canonical":"https:\/\/qcvn.com.vn\/en\/environmental-protection-plan-report\/","og_locale":"en_US","og_type":"article","og_title":"Environmental protection plan report - QCVN centre","og_description":"QCVN advises on implementing environmental legal documents, periodic environmental monitoring reports, environmental protection plans for enterprises.","og_url":"https:\/\/qcvn.com.vn\/en\/environmental-protection-plan-report\/","og_site_name":"C\u00d4NG TY CP K\u1ef8 THU\u1eacT TI\u00caU CHU\u1ea8N QCVN VI\u1ec6T NAM","article_publisher":"https:\/\/www.facebook.com\/kythuatieuchuanQCVN\/?ref=br_rs","article_modified_time":"2019-03-04T10:38:14+00:00","og_image":[{"width":1024,"height":683,"url":"https:\/\/qcvn.com.vn\/wp-content\/uploads\/2019\/01\/Can-bo-cong-nhan-vien-qcvn-04-1024x683.jpg","type":"image\/jpeg"}],"twitter_card":"summary_large_image","twitter_misc":{"Est. reading time":"1 minute"},"schema":{"@context":"https:\/\/schema.org","@graph":[{"@type":"WebPage","@id":"https:\/\/qcvn.com.vn\/en\/environmental-protection-plan-report\/","url":"https:\/\/qcvn.com.vn\/en\/environmental-protection-plan-report\/","name":"Environmental protection plan report - QCVN centre","isPartOf":{"@id":"https:\/\/qcvn.com.vn\/en\/#website"},"primaryImageOfPage":{"@id":"https:\/\/qcvn.com.vn\/en\/environmental-protection-plan-report\/#primaryimage"},"image":{"@id":"https:\/\/qcvn.com.vn\/en\/environmental-protection-plan-report\/#primaryimage"},"thumbnailUrl":"https:\/\/qcvn.com.vn\/wp-content\/uploads\/2022\/02\/Giay-phep-moi-truong-1.jpg","datePublished":"2019-03-04T10:37:00+00:00","dateModified":"2019-03-04T10:38:14+00:00","description":"QCVN advises on implementing environmental legal documents, periodic environmental monitoring reports, environmental protection plans for enterprises.","breadcrumb":{"@id":"https:\/\/qcvn.com.vn\/en\/environmental-protection-plan-report\/#breadcrumb"},"inLanguage":"en-US","potentialAction":[{"@type":"ReadAction","target":["https:\/\/qcvn.com.vn\/en\/environmental-protection-plan-report\/"]}]},{"@type":"ImageObject","inLanguage":"en-US","@id":"https:\/\/qcvn.com.vn\/en\/environmental-protection-plan-report\/#primaryimage","url":"https:\/\/qcvn.com.vn\/wp-content\/uploads\/2022\/02\/Giay-phep-moi-truong-1.jpg","contentUrl":"https:\/\/qcvn.com.vn\/wp-content\/uploads\/2022\/02\/Giay-phep-moi-truong-1.jpg","width":900,"height":900,"caption":"gi\u1ea5y ph\u00e9p m\u00f4i tr\u01b0\u1eddng"},{"@type":"BreadcrumbList","@id":"https:\/\/qcvn.com.vn\/en\/environmental-protection-plan-report\/#breadcrumb","itemListElement":[{"@type":"ListItem","position":1,"name":"Home","item":"https:\/\/qcvn.com.vn\/en\/"},{"@type":"ListItem","position":2,"name":"Service","item":"https:\/\/qcvn.com.vn\/en\/service\/"},{"@type":"ListItem","position":3,"name":"Consulting environmental reports","item":"https:\/\/qcvn.com.vn\/en\/consulting-environmental-reports\/"},{"@type":"ListItem","position":4,"name":"Environmental protection plan report"}]},{"@type":"WebSite","@id":"https:\/\/qcvn.com.vn\/en\/#website","url":"https:\/\/qcvn.com.vn\/en\/","name":"C\u00d4NG TY CP K\u1ef8 THU\u1eacT TI\u00caU CHU\u1ea8N QCVN VI\u1ec6T NAM","description":"Ph\u00e2n t\u00edch n\u01b0\u1edbc","publisher":{"@id":"https:\/\/qcvn.com.vn\/en\/#organization"},"potentialAction":[{"@type":"SearchAction","target":{"@type":"EntryPoint","urlTemplate":"https:\/\/qcvn.com.vn\/en\/?s={search_term_string}"},"query-input":{"@type":"PropertyValueSpecification","valueRequired":true,"valueName":"search_term_string"}}],"inLanguage":"en-US"},{"@type":"Organization","@id":"https:\/\/qcvn.com.vn\/en\/#organization","name":"C\u00d4NG TY C\u1ed4 PH\u1ea6N K\u1ef8 THU\u1eacT TI\u00caU CHU\u1ea8N QCVN VI\u1ec6T NAM","url":"https:\/\/qcvn.com.vn\/en\/","logo":{"@type":"ImageObject","inLanguage":"en-US","@id":"https:\/\/qcvn.com.vn\/en\/#\/schema\/logo\/image\/","url":"https:\/\/qcvn.com.vn\/wp-content\/uploads\/2019\/01\/logo-QCVN.jpg","contentUrl":"https:\/\/qcvn.com.vn\/wp-content\/uploads\/2019\/01\/logo-QCVN.jpg","width":1200,"height":476,"caption":"C\u00d4NG TY C\u1ed4 PH\u1ea6N K\u1ef8 THU\u1eacT TI\u00caU CHU\u1ea8N QCVN VI\u1ec6T NAM"},"image":{"@id":"https:\/\/qcvn.com.vn\/en\/#\/schema\/logo\/image\/"},"sameAs":["https:\/\/www.facebook.com\/kythuatieuchuanQCVN\/?ref=br_rs"]}]}},"_links":{"self":[{"href":"https:\/\/qcvn.com.vn\/en\/wp-json\/wp\/v2\/pages\/2326","targetHints":{"allow":["GET"]}}],"collection":[{"href":"https:\/\/qcvn.com.vn\/en\/wp-json\/wp\/v2\/pages"}],"about":[{"href":"https:\/\/qcvn.com.vn\/en\/wp-json\/wp\/v2\/types\/page"}],"author":[{"embeddable":true,"href":"https:\/\/qcvn.com.vn\/en\/wp-json\/wp\/v2\/users\/3"}],"replies":[{"embeddable":true,"href":"https:\/\/qcvn.com.vn\/en\/wp-json\/wp\/v2\/comments?post=2326"}],"version-history":[{"count":0,"href":"https:\/\/qcvn.com.vn\/en\/wp-json\/wp\/v2\/pages\/2326\/revisions"}],"up":[{"embeddable":true,"href":"https:\/\/qcvn.com.vn\/en\/wp-json\/wp\/v2\/pages\/824"}],"wp:featuredmedia":[{"embeddable":true,"href":"https:\/\/qcvn.com.vn\/en\/wp-json\/wp\/v2\/media\/6038"}],"wp:attachment":[{"href":"https:\/\/qcvn.com.vn\/en\/wp-json\/wp\/v2\/media?parent=2326"}],"curies":[{"name":"wp","href":"https:\/\/api.w.org\/{rel}","templated":true}]}}