{"id":2324,"date":"2019-03-04T17:28:22","date_gmt":"2019-03-04T10:28:22","guid":{"rendered":"https:\/\/qcvn.com.vn\/?page_id=2324"},"modified":"2019-03-04T17:29:01","modified_gmt":"2019-03-04T10:29:01","slug":"environmental-legal-procedures-for-newly-established-businesses","status":"publish","type":"page","link":"https:\/\/qcvn.com.vn\/en\/environmental-legal-procedures-for-newly-established-businesses\/","title":{"rendered":"Environmental legal procedures for newly established businesses"},"content":{"rendered":"<h3 style=\"text-align: justify;\"><span style=\"color: #282828;\">Environmental legal procedures for newly established businesses<\/span><\/h3>\n<p style=\"text-align: justify;\"><span style=\"color: #282828;\">The environmental manual lists the most basic environmental procedures that Enterprises need to perform before and after they are put into operation.<\/span><\/p>\n<p style=\"text-align: justify;\"><span style=\"color: #282828;\"><strong>Environmental legal for Company not yet\u00a0operational.<\/strong><\/span><\/p>\n<p style=\"text-align: justify;\"><span style=\"color: #282828;\">Environmental legal procedures must include:\u00a0<\/span><\/p>\n<ul style=\"text-align: justify;\">\n<li><span style=\"color: #282828;\">Prepare environmental impact assessment report (EIA) (According to Article 12 of Decree 18\/2015 \/ ND-CP &#8211; those who have to set up EIA are defined in PL2 &#8211; Decree 18\/2015 \/ ND-CP)<\/span><\/li>\n<li><span style=\"color: #282828;\">Prepare strategic environmental impact assessment report (DCM)<\/span><\/li>\n<li><span style=\"color: #282828;\">Planning environmental protection<\/span><\/li>\n<\/ul>\n<p style=\"text-align: justify;\"><span style=\"color: #282828;\">The enterprise has completed the initial environmental profile depending on the actual conditions, the amount of hazardous waste generated, the amount of wastewater generated and the type of activity that continues the following documents:<\/span><\/p>\n<ul style=\"text-align: justify;\">\n<li><span style=\"color: #282828;\">06 periodically have documented environmental monitoring report periodically to report on the implementation of environmental protection at the facility.<\/span><\/li>\n<li><span style=\"color: #282828;\">Preparing application allows discharge (\u2265 5m3 \/ day, from 1m3 upwards with hospitals, clinics, tanning, lab, dye &#8230;)<\/span><\/li>\n<li><span style=\"color: #282828;\">Making waste source holder book (&gt; 600kg \/ year) (Basis for generating hazardous waste such as waste fluorescent light bulb, oil, grease, waste ink &#8230;<\/span><\/li>\n<li><span style=\"color: #282828;\">Making waste source holder book (&gt; 600kg \/ year) (Basis for generating hazardous waste such as waste fluorescent light bulb, oil, grease, waste ink &#8230;all waste must be stored in separate areas, and paste tailings management code registered in the book of waste generators of hazardous waste, the waste source register report, signing a collection contract with a collection unit with the function of collecting, transporting and treating hazardous waste (According to Decree 38\/2015 \/ ND &#8211; CP effective June 15, 2015)<\/span><\/li>\n<\/ul>\n<p style=\"text-align: justify;\"><span style=\"color: #282828;\">One year, a hazardous waste management report must be prepared and sent to the Department of Natural Resources and Environment before December 31, 2015 (According to Circular 36\/2015 \/ BTNMT, effective from September 1, 2015).<\/span><\/p>\n<ul style=\"text-align: justify;\">\n<li><span style=\"color: #282828;\">Establishments using water from drilled wells are required to apply for a permit to exploit groundwater (according to the Law on Water Resources No. 17\/2012 \/ QH13) and establishments with wastewater treatment systems must apply for discharge permits. waste before being discharged into the environment (Decree 201\/2013 \/ ND &#8211; CP and Circular 27\/2014 \/ BTNMT)<\/span><\/li>\n<\/ul>\n<p style=\"text-align: justify;\"><span style=\"color: #282828;\">Environmental records are necessary for enterprises to accompany environmental protection measures such as: having a unit for collecting garbage for daily life, signing a hazardous waste collection contract and a place for storing specific hazardous wastes bins with lids, each type of hazardous waste put in separate bins, label each type, where the bins are covered; The unit generating wastewater must have a waste water treatment system before discharging it into the general connection system &#8230;<\/span><\/p>\n","protected":false},"excerpt":{"rendered":"<p>Environmental legal procedures for newly established businesses The environmental manual lists the most basic environmental procedures that Enterprises need to perform before and after they are put into operation. Environmental legal for Company not yet\u00a0operational. Environmental legal procedures must include:\u00a0 Prepare environmental impact assessment report (EIA) (According to Article 12 of Decree 18\/2015 \/ ND-CP&#8230;<\/p>\n","protected":false},"author":3,"featured_media":6030,"parent":1202,"menu_order":0,"comment_status":"closed","ping_status":"closed","template":"page-dichvu.php","meta":{"_acf_changed":false,"footnotes":""},"class_list":["post-2324","page","type-page","status-publish","has-post-thumbnail","hentry"],"acf":[],"yoast_head":"<!-- This site is optimized with the Yoast SEO plugin v25.8 - https:\/\/yoast.com\/wordpress\/plugins\/seo\/ -->\n<title>Environmental legal procedures for newly established businesses<\/title>\n<meta name=\"description\" content=\"Environmental legal procedures for newly established businesses\" \/>\n<meta name=\"robots\" content=\"index, follow, max-snippet:-1, max-image-preview:large, max-video-preview:-1\" \/>\n<link rel=\"canonical\" href=\"https:\/\/qcvn.com.vn\/en\/environmental-legal-procedures-for-newly-established-businesses\/\" \/>\n<meta property=\"og:locale\" content=\"en_US\" \/>\n<meta property=\"og:type\" content=\"article\" \/>\n<meta property=\"og:title\" content=\"Environmental legal procedures for newly established businesses\" \/>\n<meta property=\"og:description\" content=\"Environmental legal procedures for newly established businesses\" \/>\n<meta property=\"og:url\" content=\"https:\/\/qcvn.com.vn\/en\/environmental-legal-procedures-for-newly-established-businesses\/\" \/>\n<meta property=\"og:site_name\" content=\"C\u00d4NG TY CP K\u1ef8 THU\u1eacT TI\u00caU CHU\u1ea8N QCVN VI\u1ec6T NAM\" \/>\n<meta property=\"article:publisher\" content=\"https:\/\/www.facebook.com\/kythuatieuchuanQCVN\/?ref=br_rs\" \/>\n<meta property=\"article:modified_time\" content=\"2019-03-04T10:29:01+00:00\" \/>\n<meta property=\"og:image\" content=\"https:\/\/qcvn.com.vn\/wp-content\/uploads\/2020\/05\/qcvn.jpg\" \/>\n\t<meta property=\"og:image:width\" content=\"600\" \/>\n\t<meta property=\"og:image:height\" content=\"600\" \/>\n\t<meta property=\"og:image:type\" content=\"image\/jpeg\" \/>\n<meta name=\"twitter:card\" content=\"summary_large_image\" \/>\n<meta name=\"twitter:label1\" content=\"Est. reading time\" \/>\n\t<meta name=\"twitter:data1\" content=\"2 minutes\" \/>\n<script type=\"application\/ld+json\" class=\"yoast-schema-graph\">{\"@context\":\"https:\/\/schema.org\",\"@graph\":[{\"@type\":\"WebPage\",\"@id\":\"https:\/\/qcvn.com.vn\/en\/environmental-legal-procedures-for-newly-established-businesses\/\",\"url\":\"https:\/\/qcvn.com.vn\/en\/environmental-legal-procedures-for-newly-established-businesses\/\",\"name\":\"Environmental legal procedures for newly established businesses\",\"isPartOf\":{\"@id\":\"https:\/\/qcvn.com.vn\/en\/#website\"},\"primaryImageOfPage\":{\"@id\":\"https:\/\/qcvn.com.vn\/en\/environmental-legal-procedures-for-newly-established-businesses\/#primaryimage\"},\"image\":{\"@id\":\"https:\/\/qcvn.com.vn\/en\/environmental-legal-procedures-for-newly-established-businesses\/#primaryimage\"},\"thumbnailUrl\":\"https:\/\/qcvn.com.vn\/wp-content\/uploads\/2022\/02\/bao-cao-cong-tac-bao-ve-moi-truong.jpg\",\"datePublished\":\"2019-03-04T10:28:22+00:00\",\"dateModified\":\"2019-03-04T10:29:01+00:00\",\"description\":\"Environmental legal procedures for newly established businesses\",\"breadcrumb\":{\"@id\":\"https:\/\/qcvn.com.vn\/en\/environmental-legal-procedures-for-newly-established-businesses\/#breadcrumb\"},\"inLanguage\":\"en-US\",\"potentialAction\":[{\"@type\":\"ReadAction\",\"target\":[\"https:\/\/qcvn.com.vn\/en\/environmental-legal-procedures-for-newly-established-businesses\/\"]}]},{\"@type\":\"ImageObject\",\"inLanguage\":\"en-US\",\"@id\":\"https:\/\/qcvn.com.vn\/en\/environmental-legal-procedures-for-newly-established-businesses\/#primaryimage\",\"url\":\"https:\/\/qcvn.com.vn\/wp-content\/uploads\/2022\/02\/bao-cao-cong-tac-bao-ve-moi-truong.jpg\",\"contentUrl\":\"https:\/\/qcvn.com.vn\/wp-content\/uploads\/2022\/02\/bao-cao-cong-tac-bao-ve-moi-truong.jpg\",\"width\":900,\"height\":900,\"caption\":\"b\u00e1o c\u00e1o c\u00f4ng t\u00e1c b\u1ea3o v\u1ec7 m\u00f4i tr\u01b0\u1eddng 2022\"},{\"@type\":\"BreadcrumbList\",\"@id\":\"https:\/\/qcvn.com.vn\/en\/environmental-legal-procedures-for-newly-established-businesses\/#breadcrumb\",\"itemListElement\":[{\"@type\":\"ListItem\",\"position\":1,\"name\":\"Home\",\"item\":\"https:\/\/qcvn.com.vn\/en\/\"},{\"@type\":\"ListItem\",\"position\":2,\"name\":\"Service\",\"item\":\"https:\/\/qcvn.com.vn\/en\/service\/\"},{\"@type\":\"ListItem\",\"position\":3,\"name\":\"Consulting environmental reports\",\"item\":\"https:\/\/qcvn.com.vn\/en\/consulting-environmental-reports\/\"},{\"@type\":\"ListItem\",\"position\":4,\"name\":\"Environmental legal procedures for newly established businesses\"}]},{\"@type\":\"WebSite\",\"@id\":\"https:\/\/qcvn.com.vn\/en\/#website\",\"url\":\"https:\/\/qcvn.com.vn\/en\/\",\"name\":\"C\u00d4NG TY CP K\u1ef8 THU\u1eacT TI\u00caU CHU\u1ea8N QCVN VI\u1ec6T NAM\",\"description\":\"Ph\u00e2n t\u00edch n\u01b0\u1edbc\",\"publisher\":{\"@id\":\"https:\/\/qcvn.com.vn\/en\/#organization\"},\"potentialAction\":[{\"@type\":\"SearchAction\",\"target\":{\"@type\":\"EntryPoint\",\"urlTemplate\":\"https:\/\/qcvn.com.vn\/en\/?s={search_term_string}\"},\"query-input\":{\"@type\":\"PropertyValueSpecification\",\"valueRequired\":true,\"valueName\":\"search_term_string\"}}],\"inLanguage\":\"en-US\"},{\"@type\":\"Organization\",\"@id\":\"https:\/\/qcvn.com.vn\/en\/#organization\",\"name\":\"C\u00d4NG TY C\u1ed4 PH\u1ea6N K\u1ef8 THU\u1eacT TI\u00caU CHU\u1ea8N QCVN VI\u1ec6T NAM\",\"url\":\"https:\/\/qcvn.com.vn\/en\/\",\"logo\":{\"@type\":\"ImageObject\",\"inLanguage\":\"en-US\",\"@id\":\"https:\/\/qcvn.com.vn\/en\/#\/schema\/logo\/image\/\",\"url\":\"https:\/\/qcvn.com.vn\/wp-content\/uploads\/2019\/01\/logo-QCVN.jpg\",\"contentUrl\":\"https:\/\/qcvn.com.vn\/wp-content\/uploads\/2019\/01\/logo-QCVN.jpg\",\"width\":1200,\"height\":476,\"caption\":\"C\u00d4NG TY C\u1ed4 PH\u1ea6N K\u1ef8 THU\u1eacT TI\u00caU CHU\u1ea8N QCVN VI\u1ec6T NAM\"},\"image\":{\"@id\":\"https:\/\/qcvn.com.vn\/en\/#\/schema\/logo\/image\/\"},\"sameAs\":[\"https:\/\/www.facebook.com\/kythuatieuchuanQCVN\/?ref=br_rs\"]}]}<\/script>\n<!-- \/ Yoast SEO plugin. -->","yoast_head_json":{"title":"Environmental legal procedures for newly established businesses","description":"Environmental legal procedures for newly established businesses","robots":{"index":"index","follow":"follow","max-snippet":"max-snippet:-1","max-image-preview":"max-image-preview:large","max-video-preview":"max-video-preview:-1"},"canonical":"https:\/\/qcvn.com.vn\/en\/environmental-legal-procedures-for-newly-established-businesses\/","og_locale":"en_US","og_type":"article","og_title":"Environmental legal procedures for newly established businesses","og_description":"Environmental legal procedures for newly established businesses","og_url":"https:\/\/qcvn.com.vn\/en\/environmental-legal-procedures-for-newly-established-businesses\/","og_site_name":"C\u00d4NG TY CP K\u1ef8 THU\u1eacT TI\u00caU CHU\u1ea8N QCVN VI\u1ec6T NAM","article_publisher":"https:\/\/www.facebook.com\/kythuatieuchuanQCVN\/?ref=br_rs","article_modified_time":"2019-03-04T10:29:01+00:00","og_image":[{"width":600,"height":600,"url":"https:\/\/qcvn.com.vn\/wp-content\/uploads\/2020\/05\/qcvn.jpg","type":"image\/jpeg"}],"twitter_card":"summary_large_image","twitter_misc":{"Est. reading time":"2 minutes"},"schema":{"@context":"https:\/\/schema.org","@graph":[{"@type":"WebPage","@id":"https:\/\/qcvn.com.vn\/en\/environmental-legal-procedures-for-newly-established-businesses\/","url":"https:\/\/qcvn.com.vn\/en\/environmental-legal-procedures-for-newly-established-businesses\/","name":"Environmental legal procedures for newly established businesses","isPartOf":{"@id":"https:\/\/qcvn.com.vn\/en\/#website"},"primaryImageOfPage":{"@id":"https:\/\/qcvn.com.vn\/en\/environmental-legal-procedures-for-newly-established-businesses\/#primaryimage"},"image":{"@id":"https:\/\/qcvn.com.vn\/en\/environmental-legal-procedures-for-newly-established-businesses\/#primaryimage"},"thumbnailUrl":"https:\/\/qcvn.com.vn\/wp-content\/uploads\/2022\/02\/bao-cao-cong-tac-bao-ve-moi-truong.jpg","datePublished":"2019-03-04T10:28:22+00:00","dateModified":"2019-03-04T10:29:01+00:00","description":"Environmental legal procedures for newly established businesses","breadcrumb":{"@id":"https:\/\/qcvn.com.vn\/en\/environmental-legal-procedures-for-newly-established-businesses\/#breadcrumb"},"inLanguage":"en-US","potentialAction":[{"@type":"ReadAction","target":["https:\/\/qcvn.com.vn\/en\/environmental-legal-procedures-for-newly-established-businesses\/"]}]},{"@type":"ImageObject","inLanguage":"en-US","@id":"https:\/\/qcvn.com.vn\/en\/environmental-legal-procedures-for-newly-established-businesses\/#primaryimage","url":"https:\/\/qcvn.com.vn\/wp-content\/uploads\/2022\/02\/bao-cao-cong-tac-bao-ve-moi-truong.jpg","contentUrl":"https:\/\/qcvn.com.vn\/wp-content\/uploads\/2022\/02\/bao-cao-cong-tac-bao-ve-moi-truong.jpg","width":900,"height":900,"caption":"b\u00e1o c\u00e1o c\u00f4ng t\u00e1c b\u1ea3o v\u1ec7 m\u00f4i tr\u01b0\u1eddng 2022"},{"@type":"BreadcrumbList","@id":"https:\/\/qcvn.com.vn\/en\/environmental-legal-procedures-for-newly-established-businesses\/#breadcrumb","itemListElement":[{"@type":"ListItem","position":1,"name":"Home","item":"https:\/\/qcvn.com.vn\/en\/"},{"@type":"ListItem","position":2,"name":"Service","item":"https:\/\/qcvn.com.vn\/en\/service\/"},{"@type":"ListItem","position":3,"name":"Consulting environmental reports","item":"https:\/\/qcvn.com.vn\/en\/consulting-environmental-reports\/"},{"@type":"ListItem","position":4,"name":"Environmental legal procedures for newly established businesses"}]},{"@type":"WebSite","@id":"https:\/\/qcvn.com.vn\/en\/#website","url":"https:\/\/qcvn.com.vn\/en\/","name":"C\u00d4NG TY CP K\u1ef8 THU\u1eacT TI\u00caU CHU\u1ea8N QCVN VI\u1ec6T NAM","description":"Ph\u00e2n t\u00edch n\u01b0\u1edbc","publisher":{"@id":"https:\/\/qcvn.com.vn\/en\/#organization"},"potentialAction":[{"@type":"SearchAction","target":{"@type":"EntryPoint","urlTemplate":"https:\/\/qcvn.com.vn\/en\/?s={search_term_string}"},"query-input":{"@type":"PropertyValueSpecification","valueRequired":true,"valueName":"search_term_string"}}],"inLanguage":"en-US"},{"@type":"Organization","@id":"https:\/\/qcvn.com.vn\/en\/#organization","name":"C\u00d4NG TY C\u1ed4 PH\u1ea6N K\u1ef8 THU\u1eacT TI\u00caU CHU\u1ea8N QCVN VI\u1ec6T NAM","url":"https:\/\/qcvn.com.vn\/en\/","logo":{"@type":"ImageObject","inLanguage":"en-US","@id":"https:\/\/qcvn.com.vn\/en\/#\/schema\/logo\/image\/","url":"https:\/\/qcvn.com.vn\/wp-content\/uploads\/2019\/01\/logo-QCVN.jpg","contentUrl":"https:\/\/qcvn.com.vn\/wp-content\/uploads\/2019\/01\/logo-QCVN.jpg","width":1200,"height":476,"caption":"C\u00d4NG TY C\u1ed4 PH\u1ea6N K\u1ef8 THU\u1eacT TI\u00caU CHU\u1ea8N QCVN VI\u1ec6T NAM"},"image":{"@id":"https:\/\/qcvn.com.vn\/en\/#\/schema\/logo\/image\/"},"sameAs":["https:\/\/www.facebook.com\/kythuatieuchuanQCVN\/?ref=br_rs"]}]}},"_links":{"self":[{"href":"https:\/\/qcvn.com.vn\/en\/wp-json\/wp\/v2\/pages\/2324","targetHints":{"allow":["GET"]}}],"collection":[{"href":"https:\/\/qcvn.com.vn\/en\/wp-json\/wp\/v2\/pages"}],"about":[{"href":"https:\/\/qcvn.com.vn\/en\/wp-json\/wp\/v2\/types\/page"}],"author":[{"embeddable":true,"href":"https:\/\/qcvn.com.vn\/en\/wp-json\/wp\/v2\/users\/3"}],"replies":[{"embeddable":true,"href":"https:\/\/qcvn.com.vn\/en\/wp-json\/wp\/v2\/comments?post=2324"}],"version-history":[{"count":0,"href":"https:\/\/qcvn.com.vn\/en\/wp-json\/wp\/v2\/pages\/2324\/revisions"}],"up":[{"embeddable":true,"href":"https:\/\/qcvn.com.vn\/en\/wp-json\/wp\/v2\/pages\/1202"}],"wp:featuredmedia":[{"embeddable":true,"href":"https:\/\/qcvn.com.vn\/en\/wp-json\/wp\/v2\/media\/6030"}],"wp:attachment":[{"href":"https:\/\/qcvn.com.vn\/en\/wp-json\/wp\/v2\/media?parent=2324"}],"curies":[{"name":"wp","href":"https:\/\/api.w.org\/{rel}","templated":true}]}}