{"id":2302,"date":"2019-03-04T15:38:35","date_gmt":"2019-03-04T08:38:35","guid":{"rendered":"https:\/\/qcvn.com.vn\/?page_id=2302"},"modified":"2019-03-04T15:38:35","modified_gmt":"2019-03-04T08:38:35","slug":"microbiology-testing","status":"publish","type":"page","link":"https:\/\/qcvn.com.vn\/en\/food-and-feed\/microbiology-testing\/","title":{"rendered":"Microbiology testing"},"content":{"rendered":"<h3 style=\"text-align: justify;\"><span style=\"color: #282828;\">Microbiology testing<\/span><\/h3>\n<p style=\"text-align: justify;\"><span style=\"color: #282828;\">There are many case of poisoning or infections caused by microorganisms in water, food and cosmetic Microbiology testing is an essential requirement not only for products but also in the production process, food processing. It is also need to control microorganism that cause infectious diseases though the surfaces of equipment.<\/span><\/p>\n<p style=\"text-align: justify;\"><span style=\"color: #282828;\">QCVN specializes in providing services for analysis of pathogenic microorganisms in food, seafood, aquatic products, agricultural products, animal feed, aquatic food, drinking water, drinking water, waste water, cosmetic products &#8230;. to assess the situation of sanitation, pollution, microbiological poisoning such as: total microorganisms, Coliform, fecal coliform, E.Coli, Enterobacteriaceae, Staphylococcus aureus, &#8230;<\/span><\/p>\n<ol style=\"text-align: justify;\">\n<li style=\"text-align: justify;\">\n<h4><span style=\"color: #282828;\"><strong>Classification of microorganisms in food, feed, water, cosmetics<\/strong><\/span><\/h4>\n<\/li>\n<\/ol>\n<ul style=\"text-align: justify;\">\n<li><span style=\"color: #282828;\">Microbial pathogens and indicator organisms:<\/span><\/li>\n<\/ul>\n<p style=\"text-align: justify;\"><span style=\"color: #282828;\">Total microorganisms, Coliforms, Coliforms, Escherichia coli, Enterobacteriaceae, Clostridium perfringens, Salmonella spp, Shigella spp., Vibrio cholera, Vibrio parahaemolyticus, Staphylococci positive for coagulase, Staphylococcus aureus, Bacillus cereus, Listeria monocytogenes, Campylobacter spp , Alicyclobacillus, Total mold-yeast, Aspergillus flavus, sulfite anaerobic bacteria, Pseudomonas aeruginosa, Intestinal enterococci, Candida albicans &#8230;.<\/span><\/p>\n<ul style=\"text-align: justify;\">\n<li><span style=\"color: #282828;\"><strong>Beneficial microorganisms<\/strong>: Lactic acid bacteria, Lactobacillus spp., Lactobacillus acidophilus, Bifidobacterium, Bacillus spp., Bacillus subtilis, Saccharomyces cerevisiae, &#8230;<\/span><\/li>\n<li><span style=\"color: #282828;\"><strong>Microorganisms in fertilizers<\/strong>: Nitrogen fixation microorganisms, microorganisms that dissolve soluble phosphorus (phosphorus), cellulose-resolving microorganisms, &#8230;<\/span><\/li>\n<\/ul>\n<p style=\"text-align: justify;\"><span style=\"color: #282828;\"><a style=\"color: #282828;\" href=\"https:\/\/qcvn.com.vn\/kiem-nghiem-vi-sinh\/\"><img loading=\"lazy\" decoding=\"async\" class=\"size-medium wp-image-1995\" src=\"https:\/\/qcvn.com.vn\/wp-content\/uploads\/2019\/01\/vikhuantrongthucpham-795x400.jpg\" alt=\"ki\u1ec3m nghi\u1ec7m vi sinh\" width=\"795\" height=\"400\" srcset=\"https:\/\/qcvn.com.vn\/wp-content\/uploads\/2019\/01\/vikhuantrongthucpham-795x400.jpg 795w, https:\/\/qcvn.com.vn\/wp-content\/uploads\/2019\/01\/vikhuantrongthucpham-600x302.jpg 600w, https:\/\/qcvn.com.vn\/wp-content\/uploads\/2019\/01\/vikhuantrongthucpham-768x386.jpg 768w, https:\/\/qcvn.com.vn\/wp-content\/uploads\/2019\/01\/vikhuantrongthucpham.jpg 857w\" sizes=\"auto, (max-width: 795px) 100vw, 795px\" \/><\/a><\/span><\/p>\n<h4 style=\"text-align: justify;\"><span style=\"color: #282828;\"><strong>2. Sample type<\/strong><\/span><\/h4>\n<p><span style=\"color: #282828;\">&#8211; Food (agricultural products, food additives, milk and dairy products, seafood and aquatic products, beverages, probiotics, functional foods &#8230;);<\/span><\/p>\n<p><span style=\"color: #282828;\">&#8211; Animal feed (aqua feed, animal feed, animal feed additives, &#8230;);<\/span><\/p>\n<p><span style=\"color: #282828;\">&#8211; Water (waste water, domestic water, drinking water, underground water, production water, bottled drinking water, mineral water, ice, ..);<\/span><\/p>\n<p><span style=\"color: #282828;\">&#8211; Cosmetics, cosmetic materials, cosmetic chemicals, detergents; Microbial fertilizer;<\/span><\/p>\n<p><span style=\"color: #282828;\">&#8211; Biological products, environmental treatment products, pond and lake treatment;<\/span><\/p>\n<p><span style=\"color: #282828;\">&#8211; Samples for environmental monitoring of production areas (air, working surfaces, workers&#8217; hands, etc.)<\/span><\/p>\n<h4 style=\"text-align: justify;\"><span style=\"color: #282828;\"><strong>3. Analytical methods<\/strong><\/span><\/h4>\n<p style=\"text-align: justify;\"><span style=\"color: #282828;\">ISO, TCVN, FDA, BS, IFU, D\u0110VN, TCCS<\/span><\/p>\n<p style=\"text-align: justify;\"><span style=\"color: #282828;\">QCVN with more than 22 years of experience in the microbiological testing industry: a team of highly qualified experts and technicians; Modern machinery and equipment; Investing in research and development to apply international processes throughout the stages; Quality of service is always paid attention and continuously improved.<\/span><\/p>\n","protected":false},"excerpt":{"rendered":"<p>Microbiology testing There are many case of poisoning or infections caused by microorganisms in water, food and cosmetic Microbiology testing is an essential requirement not only for products but also in the production process, food processing. It is also need to control microorganism that cause infectious diseases though the surfaces of equipment. QCVN specializes in&#8230;<\/p>\n","protected":false},"author":3,"featured_media":0,"parent":2279,"menu_order":0,"comment_status":"closed","ping_status":"closed","template":"page-dichvu.php","meta":{"_acf_changed":false,"footnotes":""},"class_list":["post-2302","page","type-page","status-publish","hentry"],"acf":[],"yoast_head":"<!-- This site is optimized with the Yoast SEO plugin v25.8 - https:\/\/yoast.com\/wordpress\/plugins\/seo\/ -->\n<title>Quan tr\u1eafc m\u00f4i tr\u01b0\u1eddng - C\u00f4ng ty CP K\u1ef9 Thu\u1eadt Ti\u00eau Chu\u1ea9n QCVN Vi\u1ec7t Nam<\/title>\n<meta name=\"description\" content=\"Quan tr\u1eafc m\u00f4i tr\u01b0\u1eddng l\u00e0 m\u1ed9t trong nh\u1eefng l\u0129nh v\u1ef1c th\u1ebf m\u1ea1nh c\u1ee7a QCVN th\u1ef1c hi\u1ec7n, n\u0103ng l\u1ef1c \u0111\u01b0\u1ee3c c\u1ea5p ph\u00e9p c\u1ee7a B\u1ed9 T\u00e0i Nguy\u00ean v\u00e0 m\u00f4i tr\u01b0\u1eddng theo Vimcerts 197\" \/>\n<meta name=\"robots\" content=\"index, follow, max-snippet:-1, max-image-preview:large, max-video-preview:-1\" \/>\n<link rel=\"canonical\" href=\"https:\/\/qcvn.com.vn\/en\/food-and-feed\/microbiology-testing\/\" \/>\n<meta property=\"og:locale\" content=\"en_US\" \/>\n<meta property=\"og:type\" content=\"article\" \/>\n<meta property=\"og:title\" content=\"Quan tr\u1eafc m\u00f4i tr\u01b0\u1eddng - C\u00f4ng ty CP K\u1ef9 Thu\u1eadt Ti\u00eau Chu\u1ea9n QCVN Vi\u1ec7t Nam\" \/>\n<meta property=\"og:description\" content=\"Quan tr\u1eafc m\u00f4i tr\u01b0\u1eddng l\u00e0 m\u1ed9t trong nh\u1eefng l\u0129nh v\u1ef1c th\u1ebf m\u1ea1nh c\u1ee7a QCVN th\u1ef1c hi\u1ec7n, n\u0103ng l\u1ef1c \u0111\u01b0\u1ee3c c\u1ea5p ph\u00e9p c\u1ee7a B\u1ed9 T\u00e0i Nguy\u00ean v\u00e0 m\u00f4i tr\u01b0\u1eddng theo Vimcerts 197\" \/>\n<meta property=\"og:url\" content=\"https:\/\/qcvn.com.vn\/en\/food-and-feed\/microbiology-testing\/\" \/>\n<meta property=\"og:site_name\" content=\"C\u00d4NG TY CP K\u1ef8 THU\u1eacT TI\u00caU CHU\u1ea8N QCVN VI\u1ec6T NAM\" \/>\n<meta property=\"article:publisher\" content=\"https:\/\/www.facebook.com\/kythuatieuchuanQCVN\/?ref=br_rs\" \/>\n<meta property=\"og:image\" content=\"https:\/\/qcvn.com.vn\/wp-content\/uploads\/2019\/01\/vikhuantrongthucpham-795x400.jpg\" \/>\n<meta name=\"twitter:card\" content=\"summary_large_image\" \/>\n<meta name=\"twitter:label1\" content=\"Est. reading time\" \/>\n\t<meta name=\"twitter:data1\" content=\"2 minutes\" \/>\n<script type=\"application\/ld+json\" class=\"yoast-schema-graph\">{\"@context\":\"https:\/\/schema.org\",\"@graph\":[{\"@type\":\"WebPage\",\"@id\":\"https:\/\/qcvn.com.vn\/en\/food-and-feed\/microbiology-testing\/\",\"url\":\"https:\/\/qcvn.com.vn\/en\/food-and-feed\/microbiology-testing\/\",\"name\":\"Quan tr\u1eafc m\u00f4i tr\u01b0\u1eddng - C\u00f4ng ty CP K\u1ef9 Thu\u1eadt Ti\u00eau Chu\u1ea9n QCVN Vi\u1ec7t Nam\",\"isPartOf\":{\"@id\":\"https:\/\/qcvn.com.vn\/en\/#website\"},\"primaryImageOfPage\":{\"@id\":\"https:\/\/qcvn.com.vn\/en\/food-and-feed\/microbiology-testing\/#primaryimage\"},\"image\":{\"@id\":\"https:\/\/qcvn.com.vn\/en\/food-and-feed\/microbiology-testing\/#primaryimage\"},\"thumbnailUrl\":\"https:\/\/qcvn.com.vn\/wp-content\/uploads\/2019\/01\/vikhuantrongthucpham-795x400.jpg\",\"datePublished\":\"2019-03-04T08:38:35+00:00\",\"description\":\"Quan tr\u1eafc m\u00f4i tr\u01b0\u1eddng l\u00e0 m\u1ed9t trong nh\u1eefng l\u0129nh v\u1ef1c th\u1ebf m\u1ea1nh c\u1ee7a QCVN th\u1ef1c hi\u1ec7n, n\u0103ng l\u1ef1c \u0111\u01b0\u1ee3c c\u1ea5p ph\u00e9p c\u1ee7a B\u1ed9 T\u00e0i Nguy\u00ean v\u00e0 m\u00f4i tr\u01b0\u1eddng theo Vimcerts 197\",\"breadcrumb\":{\"@id\":\"https:\/\/qcvn.com.vn\/en\/food-and-feed\/microbiology-testing\/#breadcrumb\"},\"inLanguage\":\"en-US\",\"potentialAction\":[{\"@type\":\"ReadAction\",\"target\":[\"https:\/\/qcvn.com.vn\/en\/food-and-feed\/microbiology-testing\/\"]}]},{\"@type\":\"ImageObject\",\"inLanguage\":\"en-US\",\"@id\":\"https:\/\/qcvn.com.vn\/en\/food-and-feed\/microbiology-testing\/#primaryimage\",\"url\":\"https:\/\/qcvn.com.vn\/wp-content\/uploads\/2019\/01\/vikhuantrongthucpham-795x400.jpg\",\"contentUrl\":\"https:\/\/qcvn.com.vn\/wp-content\/uploads\/2019\/01\/vikhuantrongthucpham-795x400.jpg\"},{\"@type\":\"BreadcrumbList\",\"@id\":\"https:\/\/qcvn.com.vn\/en\/food-and-feed\/microbiology-testing\/#breadcrumb\",\"itemListElement\":[{\"@type\":\"ListItem\",\"position\":1,\"name\":\"Home\",\"item\":\"https:\/\/qcvn.com.vn\/en\/\"},{\"@type\":\"ListItem\",\"position\":2,\"name\":\"Food And Feed\",\"item\":\"https:\/\/qcvn.com.vn\/en\/food-and-feed\/\"},{\"@type\":\"ListItem\",\"position\":3,\"name\":\"Microbiology testing\"}]},{\"@type\":\"WebSite\",\"@id\":\"https:\/\/qcvn.com.vn\/en\/#website\",\"url\":\"https:\/\/qcvn.com.vn\/en\/\",\"name\":\"C\u00d4NG TY CP K\u1ef8 THU\u1eacT TI\u00caU CHU\u1ea8N QCVN VI\u1ec6T NAM\",\"description\":\"Ph\u00e2n t\u00edch n\u01b0\u1edbc\",\"publisher\":{\"@id\":\"https:\/\/qcvn.com.vn\/en\/#organization\"},\"potentialAction\":[{\"@type\":\"SearchAction\",\"target\":{\"@type\":\"EntryPoint\",\"urlTemplate\":\"https:\/\/qcvn.com.vn\/en\/?s={search_term_string}\"},\"query-input\":{\"@type\":\"PropertyValueSpecification\",\"valueRequired\":true,\"valueName\":\"search_term_string\"}}],\"inLanguage\":\"en-US\"},{\"@type\":\"Organization\",\"@id\":\"https:\/\/qcvn.com.vn\/en\/#organization\",\"name\":\"C\u00d4NG TY C\u1ed4 PH\u1ea6N K\u1ef8 THU\u1eacT TI\u00caU CHU\u1ea8N QCVN VI\u1ec6T NAM\",\"url\":\"https:\/\/qcvn.com.vn\/en\/\",\"logo\":{\"@type\":\"ImageObject\",\"inLanguage\":\"en-US\",\"@id\":\"https:\/\/qcvn.com.vn\/en\/#\/schema\/logo\/image\/\",\"url\":\"https:\/\/qcvn.com.vn\/wp-content\/uploads\/2019\/01\/logo-QCVN.jpg\",\"contentUrl\":\"https:\/\/qcvn.com.vn\/wp-content\/uploads\/2019\/01\/logo-QCVN.jpg\",\"width\":1200,\"height\":476,\"caption\":\"C\u00d4NG TY C\u1ed4 PH\u1ea6N K\u1ef8 THU\u1eacT TI\u00caU CHU\u1ea8N QCVN VI\u1ec6T NAM\"},\"image\":{\"@id\":\"https:\/\/qcvn.com.vn\/en\/#\/schema\/logo\/image\/\"},\"sameAs\":[\"https:\/\/www.facebook.com\/kythuatieuchuanQCVN\/?ref=br_rs\"]}]}<\/script>\n<!-- \/ Yoast SEO plugin. -->","yoast_head_json":{"title":"Quan tr\u1eafc m\u00f4i tr\u01b0\u1eddng - C\u00f4ng ty CP K\u1ef9 Thu\u1eadt Ti\u00eau Chu\u1ea9n QCVN Vi\u1ec7t Nam","description":"Quan tr\u1eafc m\u00f4i tr\u01b0\u1eddng l\u00e0 m\u1ed9t trong nh\u1eefng l\u0129nh v\u1ef1c th\u1ebf m\u1ea1nh c\u1ee7a QCVN th\u1ef1c hi\u1ec7n, n\u0103ng l\u1ef1c \u0111\u01b0\u1ee3c c\u1ea5p ph\u00e9p c\u1ee7a B\u1ed9 T\u00e0i Nguy\u00ean v\u00e0 m\u00f4i tr\u01b0\u1eddng theo Vimcerts 197","robots":{"index":"index","follow":"follow","max-snippet":"max-snippet:-1","max-image-preview":"max-image-preview:large","max-video-preview":"max-video-preview:-1"},"canonical":"https:\/\/qcvn.com.vn\/en\/food-and-feed\/microbiology-testing\/","og_locale":"en_US","og_type":"article","og_title":"Quan tr\u1eafc m\u00f4i tr\u01b0\u1eddng - C\u00f4ng ty CP K\u1ef9 Thu\u1eadt Ti\u00eau Chu\u1ea9n QCVN Vi\u1ec7t Nam","og_description":"Quan tr\u1eafc m\u00f4i tr\u01b0\u1eddng l\u00e0 m\u1ed9t trong nh\u1eefng l\u0129nh v\u1ef1c th\u1ebf m\u1ea1nh c\u1ee7a QCVN th\u1ef1c hi\u1ec7n, n\u0103ng l\u1ef1c \u0111\u01b0\u1ee3c c\u1ea5p ph\u00e9p c\u1ee7a B\u1ed9 T\u00e0i Nguy\u00ean v\u00e0 m\u00f4i tr\u01b0\u1eddng theo Vimcerts 197","og_url":"https:\/\/qcvn.com.vn\/en\/food-and-feed\/microbiology-testing\/","og_site_name":"C\u00d4NG TY CP K\u1ef8 THU\u1eacT TI\u00caU CHU\u1ea8N QCVN VI\u1ec6T NAM","article_publisher":"https:\/\/www.facebook.com\/kythuatieuchuanQCVN\/?ref=br_rs","og_image":[{"url":"https:\/\/qcvn.com.vn\/wp-content\/uploads\/2019\/01\/vikhuantrongthucpham-795x400.jpg","type":"","width":"","height":""}],"twitter_card":"summary_large_image","twitter_misc":{"Est. reading time":"2 minutes"},"schema":{"@context":"https:\/\/schema.org","@graph":[{"@type":"WebPage","@id":"https:\/\/qcvn.com.vn\/en\/food-and-feed\/microbiology-testing\/","url":"https:\/\/qcvn.com.vn\/en\/food-and-feed\/microbiology-testing\/","name":"Quan tr\u1eafc m\u00f4i tr\u01b0\u1eddng - C\u00f4ng ty CP K\u1ef9 Thu\u1eadt Ti\u00eau Chu\u1ea9n QCVN Vi\u1ec7t Nam","isPartOf":{"@id":"https:\/\/qcvn.com.vn\/en\/#website"},"primaryImageOfPage":{"@id":"https:\/\/qcvn.com.vn\/en\/food-and-feed\/microbiology-testing\/#primaryimage"},"image":{"@id":"https:\/\/qcvn.com.vn\/en\/food-and-feed\/microbiology-testing\/#primaryimage"},"thumbnailUrl":"https:\/\/qcvn.com.vn\/wp-content\/uploads\/2019\/01\/vikhuantrongthucpham-795x400.jpg","datePublished":"2019-03-04T08:38:35+00:00","description":"Quan tr\u1eafc m\u00f4i tr\u01b0\u1eddng l\u00e0 m\u1ed9t trong nh\u1eefng l\u0129nh v\u1ef1c th\u1ebf m\u1ea1nh c\u1ee7a QCVN th\u1ef1c hi\u1ec7n, n\u0103ng l\u1ef1c \u0111\u01b0\u1ee3c c\u1ea5p ph\u00e9p c\u1ee7a B\u1ed9 T\u00e0i Nguy\u00ean v\u00e0 m\u00f4i tr\u01b0\u1eddng theo Vimcerts 197","breadcrumb":{"@id":"https:\/\/qcvn.com.vn\/en\/food-and-feed\/microbiology-testing\/#breadcrumb"},"inLanguage":"en-US","potentialAction":[{"@type":"ReadAction","target":["https:\/\/qcvn.com.vn\/en\/food-and-feed\/microbiology-testing\/"]}]},{"@type":"ImageObject","inLanguage":"en-US","@id":"https:\/\/qcvn.com.vn\/en\/food-and-feed\/microbiology-testing\/#primaryimage","url":"https:\/\/qcvn.com.vn\/wp-content\/uploads\/2019\/01\/vikhuantrongthucpham-795x400.jpg","contentUrl":"https:\/\/qcvn.com.vn\/wp-content\/uploads\/2019\/01\/vikhuantrongthucpham-795x400.jpg"},{"@type":"BreadcrumbList","@id":"https:\/\/qcvn.com.vn\/en\/food-and-feed\/microbiology-testing\/#breadcrumb","itemListElement":[{"@type":"ListItem","position":1,"name":"Home","item":"https:\/\/qcvn.com.vn\/en\/"},{"@type":"ListItem","position":2,"name":"Food And Feed","item":"https:\/\/qcvn.com.vn\/en\/food-and-feed\/"},{"@type":"ListItem","position":3,"name":"Microbiology testing"}]},{"@type":"WebSite","@id":"https:\/\/qcvn.com.vn\/en\/#website","url":"https:\/\/qcvn.com.vn\/en\/","name":"C\u00d4NG TY CP K\u1ef8 THU\u1eacT TI\u00caU CHU\u1ea8N QCVN VI\u1ec6T NAM","description":"Ph\u00e2n t\u00edch n\u01b0\u1edbc","publisher":{"@id":"https:\/\/qcvn.com.vn\/en\/#organization"},"potentialAction":[{"@type":"SearchAction","target":{"@type":"EntryPoint","urlTemplate":"https:\/\/qcvn.com.vn\/en\/?s={search_term_string}"},"query-input":{"@type":"PropertyValueSpecification","valueRequired":true,"valueName":"search_term_string"}}],"inLanguage":"en-US"},{"@type":"Organization","@id":"https:\/\/qcvn.com.vn\/en\/#organization","name":"C\u00d4NG TY C\u1ed4 PH\u1ea6N K\u1ef8 THU\u1eacT TI\u00caU CHU\u1ea8N QCVN VI\u1ec6T NAM","url":"https:\/\/qcvn.com.vn\/en\/","logo":{"@type":"ImageObject","inLanguage":"en-US","@id":"https:\/\/qcvn.com.vn\/en\/#\/schema\/logo\/image\/","url":"https:\/\/qcvn.com.vn\/wp-content\/uploads\/2019\/01\/logo-QCVN.jpg","contentUrl":"https:\/\/qcvn.com.vn\/wp-content\/uploads\/2019\/01\/logo-QCVN.jpg","width":1200,"height":476,"caption":"C\u00d4NG TY C\u1ed4 PH\u1ea6N K\u1ef8 THU\u1eacT TI\u00caU CHU\u1ea8N QCVN VI\u1ec6T NAM"},"image":{"@id":"https:\/\/qcvn.com.vn\/en\/#\/schema\/logo\/image\/"},"sameAs":["https:\/\/www.facebook.com\/kythuatieuchuanQCVN\/?ref=br_rs"]}]}},"_links":{"self":[{"href":"https:\/\/qcvn.com.vn\/en\/wp-json\/wp\/v2\/pages\/2302","targetHints":{"allow":["GET"]}}],"collection":[{"href":"https:\/\/qcvn.com.vn\/en\/wp-json\/wp\/v2\/pages"}],"about":[{"href":"https:\/\/qcvn.com.vn\/en\/wp-json\/wp\/v2\/types\/page"}],"author":[{"embeddable":true,"href":"https:\/\/qcvn.com.vn\/en\/wp-json\/wp\/v2\/users\/3"}],"replies":[{"embeddable":true,"href":"https:\/\/qcvn.com.vn\/en\/wp-json\/wp\/v2\/comments?post=2302"}],"version-history":[{"count":0,"href":"https:\/\/qcvn.com.vn\/en\/wp-json\/wp\/v2\/pages\/2302\/revisions"}],"up":[{"embeddable":true,"href":"https:\/\/qcvn.com.vn\/en\/wp-json\/wp\/v2\/pages\/2279"}],"wp:attachment":[{"href":"https:\/\/qcvn.com.vn\/en\/wp-json\/wp\/v2\/media?parent=2302"}],"curies":[{"name":"wp","href":"https:\/\/api.w.org\/{rel}","templated":true}]}}