{"id":1634,"date":"2019-03-04T10:19:36","date_gmt":"2019-03-04T03:19:36","guid":{"rendered":"https:\/\/qcvn.com.vn\/?page_id=1634"},"modified":"2020-03-21T17:47:44","modified_gmt":"2020-03-21T10:47:44","slug":"observe-the-microclimate-indicators","status":"publish","type":"page","link":"https:\/\/qcvn.com.vn\/en\/observe-the-microclimate-indicators\/","title":{"rendered":"Observe the microclimate indicators"},"content":{"rendered":"<h3 style=\"text-align: justify;\"><span style=\"font-size: 120%;\"><strong>Observe the microclimate indicators<\/strong><\/span><\/h3>\n<p style=\"text-align: justify;\"><span style=\"font-size: 120%;\">Monitoring the working environment including microclimate monitoring in the working environment according to National Technical Regulation QCVN 26: 2016 \/ BYT on Microclimate &#8211; Permissible microclimate in the workplace The work allows micro-climate at work<\/span><\/p>\n<table style=\"height: 314px; border-collapse: collapse; border-style: solid; border-color: #f2f0f0;\" border=\"2\">\n<tbody>\n<tr style=\"height: 21px;\">\n<td style=\"width: 10.6667%; height: 21px; text-align: center;\"><span style=\"color: #000000; font-size: 120%;\"><strong>Labor type<\/strong><\/span><\/td>\n<td style=\"width: 16.6061%; height: 21px; text-align: center;\"><span style=\"color: #000000; font-size: 120%;\"><strong>Air temperature range (<sup>o<\/sup>C)<\/strong><\/span><\/td>\n<td style=\"width: 15.6363%; height: 21px; text-align: center;\"><span style=\"color: #000000; font-size: 120%;\"><strong>Air humidity<\/strong><\/span><\/p>\n<p><span style=\"color: #000000; font-size: 120%;\"><strong>(%)<\/strong><\/span><\/td>\n<td style=\"width: 21.2122%; height: 21px; text-align: center;\"><span style=\"color: #000000; font-size: 120%;\"><strong>Air movement speed<\/strong><\/span><\/p>\n<p><span style=\"color: #000000; font-size: 120%;\"><strong>(m\/s)<\/strong><\/span><\/td>\n<td style=\"width: 26.909%; height: 21px; text-align: center;\"><span style=\"color: #000000; font-size: 120%;\"><strong>Thermal radiation intensity exposure area<\/strong><\/span><\/p>\n<p><span style=\"color: #000000; font-size: 120%;\"><strong>(W\/m<sup>2<\/sup>)<\/strong><\/span><\/td>\n<\/tr>\n<tr style=\"height: 21px;\">\n<td style=\"width: 10.6667%; height: 21px; text-align: center;\"><span style=\"font-size: 120%;\">Light intensity<\/span><\/td>\n<td style=\"width: 16.6061%; height: 21px; text-align: center;\"><span style=\"color: #000000; font-size: 120%;\">20 to 40<\/span><\/td>\n<td style=\"width: 15.6363%; height: 21px; text-align: center;\"><span style=\"color: #000000; font-size: 120%;\">40 to 80<\/span><\/td>\n<td style=\"width: 21.2122%; height: 21px; text-align: center;\"><span style=\"color: #000000; font-size: 120%;\">0,1 ton 1,5<\/span><\/td>\n<td style=\"width: 26.909%; height: 63px;\" rowspan=\"3\">\n<p style=\"text-align: center;\"><span style=\"font-size: 120%;\">35 when exposed to more than 50% of the human body area<\/span><\/p>\n<p style=\"text-align: center;\"><span style=\"font-size: 120%;\">70 when exposed to more than 25% to 50% of the human body area<\/span><\/p>\n<p style=\"text-align: center;\"><span style=\"font-size: 120%;\">100 when exposed to less than 25% of the human body area<\/span><\/p>\n<\/td>\n<\/tr>\n<tr style=\"height: 21px;\">\n<td style=\"width: 10.6667%; height: 21px; text-align: center;\"><span style=\"font-size: 120%;\">Medium intensity<\/span><\/td>\n<td style=\"width: 16.6061%; height: 21px; text-align: center;\"><span style=\"color: #000000; font-size: 120%;\">18 to 32<\/span><\/td>\n<td style=\"width: 15.6363%; height: 21px; text-align: center;\"><span style=\"color: #000000; font-size: 120%;\">40 to 80<\/span><\/td>\n<td style=\"width: 21.2122%; height: 21px; text-align: center;\"><span style=\"color: #000000; font-size: 120%;\">0,2 to 1,5<\/span><\/td>\n<\/tr>\n<tr style=\"height: 21px;\">\n<td style=\"width: 10.6667%; height: 21px; text-align: center;\"><span style=\"color: #000000; font-size: 120%;\">Heavy intensity<\/span><\/td>\n<td style=\"width: 16.6061%; height: 21px; text-align: center;\"><span style=\"color: #000000; font-size: 120%;\">16 ton 30<\/span><\/td>\n<td style=\"width: 15.6363%; height: 21px; text-align: center;\"><span style=\"color: #000000; font-size: 120%;\">40 to 80<\/span><\/td>\n<td style=\"width: 21.2122%; height: 21px; text-align: center;\"><span style=\"color: #000000; font-size: 120%;\">0,3 to 1,5<\/span><\/td>\n<\/tr>\n<\/tbody>\n<\/table>\n<p style=\"text-align: justify;\"><span style=\"color: #000000; font-size: 120%;\">For environmental conditions, heat, high humidity, the speed of movement of air in the workplace can be up to 2 m \/ s.\u00a0<\/span><\/p>\n<p style=\"text-align: justify;\"><span style=\"color: #000000; font-size: 120%;\">For working conditions in air-conditioned rooms, the air movement speed may be below 0.1 m \/ s for light labor, less than 0.2 m \/ s for average and less than 0.3 m \/ s for heavy labor if the ventilation in the room ensures the CO 2 concentration meets the permitted standard.<\/span><\/p>\n<p style=\"text-align: justify;\"><span style=\"color: #000000; font-size: 120%;\">The difference in temperature according to the height of the working position does not exceed 3 \u00b0 C.<\/span><br \/>\n<span style=\"color: #000000; font-size: 120%;\">The difference in the horizontal temperature of the working area shall not exceed 4 \u00b0 C for light workers, not more than 5 \u00b0 C for medium workers and no more than 6 \u00b0 C for heavy workers. The temperature difference in the place of production and outdoors does not exceed 5 \u00b0 C.<\/span><\/p>\n<p style=\"text-align: justify;\"><span style=\"font-size: 120%;\"><strong><span style=\"color: #000000;\">I. DETERMINING METHODS<\/span><\/strong><\/span><\/p>\n<p style=\"text-align: justify;\"><span style=\"color: #000000; font-size: 120%;\">Methods for determining microclimate according to TCVN 5508 &#8211; 2009: Working zone air &#8211; Requirements on microclimate conditions and measurement methods.<\/span><\/p>\n<p style=\"text-align: justify;\"><span style=\"font-size: 120%;\"><strong><span style=\"color: #000000;\">II. MANAGEMENT REGULATIONS<\/span><\/strong><\/span><\/p>\n<p style=\"text-align: justify;\"><span style=\"color: #000000; font-size: 120%;\">1. Establishments with employees exposed to microclimatic factors must periodically organize measurement of microclimate testing at the workplace at least once a year and in accordance with the provisions of the Labor Code and the Safety Law. , labor sanitation.<\/span><\/p>\n<p style=\"text-align: justify;\"><span style=\"color: #000000; font-size: 120%;\">2. Employers must provide adequate labor protection equipment for employees in accordance with the working environment in accordance with the law on occupational safety and sanitation.<\/span><\/p>\n<p style=\"text-align: justify;\"><span style=\"color: #000000; font-size: 120%;\">3. If the microclimate in the workplace fails to reach the permitted value, the employer must immediately take measures to improve working conditions and protect workers&#8217; health.<\/span><\/p>\n<p style=\"text-align: justify;\"><span style=\"font-size: 120%;\"><strong><span style=\"color: #000000;\">III. ORGANIZATION OF IMPLEMENTATION<\/span><\/strong><\/span><\/p>\n<p style=\"text-align: justify;\"><span style=\"color: #000000; font-size: 120%;\">1. This regulation replaces the Microclimate Standard in the Occupational Hygiene Standard issued under Decision No. 3733\/2002 \/ QD-BYT of October 10, 2002 of the Minister of Health.<\/span><\/p>\n<p style=\"text-align: justify;\"><span style=\"color: #000000; font-size: 120%;\">2. The Department of Health Environment Management &#8211; Ministry of Health shall lead and coordinate with relevant functional agencies to guide, implement and organize the implementation of this regulation.<\/span><\/p>\n<p style=\"text-align: justify;\"><span style=\"color: #000000; font-size: 120%;\">3. Based on the practical requirements of management, the Department of Environmental Health Management is responsible for proposing the Ministry of Health to amend and supplement it accordingly..<\/span><\/p>\n<p style=\"text-align: justify;\"><span style=\"color: #000000; font-size: 120%;\">4. In the case of national standards, international standards of microclimates cited in this regulation are amended, supplemented or replaced, the provisions of the new documents will apply.<\/span><\/p>\n<p><strong>PHOTO REALISTIC<\/strong><\/p>\n<p>&nbsp;<\/p>\n<figure id=\"attachment_3515\" aria-describedby=\"caption-attachment-3515\" style=\"width: 1227px\" class=\"wp-caption aligncenter\"><a href=\"https:\/\/qcvn.com.vn\/wp-content\/uploads\/2019\/09\/qcvn4.jpg\"><img loading=\"lazy\" decoding=\"async\" class=\"size-full wp-image-3515\" src=\"https:\/\/qcvn.com.vn\/wp-content\/uploads\/2019\/09\/qcvn4.jpg\" alt=\"C\u00e1c ch\u1ec9 ti\u00eau \u0111o \u0111\u1ea1c trong m\u00f4i tr\u01b0\u1eddng\" width=\"1227\" height=\"920\" srcset=\"https:\/\/qcvn.com.vn\/wp-content\/uploads\/2019\/09\/qcvn4.jpg 1227w, https:\/\/qcvn.com.vn\/wp-content\/uploads\/2019\/09\/qcvn4-600x450.jpg 600w, https:\/\/qcvn.com.vn\/wp-content\/uploads\/2019\/09\/qcvn4-533x400.jpg 533w, https:\/\/qcvn.com.vn\/wp-content\/uploads\/2019\/09\/qcvn4-768x576.jpg 768w, https:\/\/qcvn.com.vn\/wp-content\/uploads\/2019\/09\/qcvn4-1067x800.jpg 1067w\" sizes=\"auto, (max-width: 1227px) 100vw, 1227px\" \/><\/a><figcaption id=\"caption-attachment-3515\" class=\"wp-caption-text\">C\u00e1c ch\u1ec9 ti\u00eau \u0111o \u0111\u1ea1c trong m\u00f4i tr\u01b0\u1eddng<\/figcaption><\/figure>\n<figure id=\"attachment_3511\" aria-describedby=\"caption-attachment-3511\" style=\"width: 1227px\" class=\"wp-caption aligncenter\"><a href=\"https:\/\/qcvn.com.vn\/wp-content\/uploads\/2019\/09\/qcvn2.jpg\"><img loading=\"lazy\" decoding=\"async\" class=\"size-full wp-image-3511\" src=\"https:\/\/qcvn.com.vn\/wp-content\/uploads\/2019\/09\/qcvn2.jpg\" alt=\"\u0110o vi kh\u00ed h\u1eadu m\u00f4i tr\u01b0\u1eddng l\u00e0m vi\u1ec7c\" width=\"1227\" height=\"920\" srcset=\"https:\/\/qcvn.com.vn\/wp-content\/uploads\/2019\/09\/qcvn2.jpg 1227w, https:\/\/qcvn.com.vn\/wp-content\/uploads\/2019\/09\/qcvn2-600x450.jpg 600w, https:\/\/qcvn.com.vn\/wp-content\/uploads\/2019\/09\/qcvn2-533x400.jpg 533w, https:\/\/qcvn.com.vn\/wp-content\/uploads\/2019\/09\/qcvn2-768x576.jpg 768w, https:\/\/qcvn.com.vn\/wp-content\/uploads\/2019\/09\/qcvn2-1067x800.jpg 1067w\" sizes=\"auto, (max-width: 1227px) 100vw, 1227px\" \/><\/a><figcaption id=\"caption-attachment-3511\" class=\"wp-caption-text\">\u0110o c\u00e1c ch\u1ec9 ti\u00eau trog m\u00f4i tr\u01b0\u1eddng l\u00e0m vi\u1ec7c<\/figcaption><\/figure>\n<figure id=\"attachment_3455\" aria-describedby=\"caption-attachment-3455\" style=\"width: 4032px\" class=\"wp-caption aligncenter\"><a href=\"https:\/\/qcvn.com.vn\/wp-content\/uploads\/2019\/08\/IMG_1752.jpg\"><img loading=\"lazy\" decoding=\"async\" class=\"size-full wp-image-3455\" src=\"https:\/\/qcvn.com.vn\/wp-content\/uploads\/2019\/08\/IMG_1752.jpg\" alt=\"t\u1ea1i sao n\u00ean quan tr\u1eafc m\u00f4i tr\u01b0\u1eddng\" width=\"4032\" height=\"3024\" \/><\/a><figcaption id=\"caption-attachment-3455\" class=\"wp-caption-text\">t\u1ea1i sao n\u00ean quan tr\u1eafc m\u00f4i tr\u01b0\u1eddng \u0111\u1ecbnh k\u1ef3<\/figcaption><\/figure>\n","protected":false},"excerpt":{"rendered":"<p>Observe the microclimate indicators Monitoring the working environment including microclimate monitoring in the working environment according to National Technical Regulation QCVN 26: 2016 \/ BYT on Microclimate &#8211; Permissible microclimate in the workplace The work allows micro-climate at work Labor type Air temperature range (oC) Air humidity (%) Air movement speed (m\/s) Thermal radiation intensity&#8230;<\/p>\n","protected":false},"author":1,"featured_media":3677,"parent":858,"menu_order":0,"comment_status":"closed","ping_status":"closed","template":"page-subdichvu.php","meta":{"_acf_changed":false,"footnotes":""},"class_list":["post-1634","page","type-page","status-publish","has-post-thumbnail","hentry"],"acf":[],"yoast_head":"<!-- This site is optimized with the Yoast SEO plugin v25.8 - https:\/\/yoast.com\/wordpress\/plugins\/seo\/ -->\n<title>Observe the microclimate indicators | QCVN centre<\/title>\n<meta name=\"description\" content=\"in the working environment in accordance with the validity of Vietnam National Technical Regulation allowing microclimate at the workplace.\" \/>\n<meta name=\"robots\" content=\"index, follow, max-snippet:-1, max-image-preview:large, max-video-preview:-1\" \/>\n<link rel=\"canonical\" href=\"https:\/\/qcvn.com.vn\/en\/observe-the-microclimate-indicators\/\" \/>\n<meta property=\"og:locale\" content=\"en_US\" \/>\n<meta property=\"og:type\" content=\"article\" \/>\n<meta property=\"og:title\" content=\"Observe the microclimate indicators | QCVN centre\" \/>\n<meta property=\"og:description\" content=\"in the working environment in accordance with the validity of Vietnam National Technical Regulation allowing microclimate at the workplace.\" \/>\n<meta property=\"og:url\" content=\"https:\/\/qcvn.com.vn\/en\/observe-the-microclimate-indicators\/\" \/>\n<meta property=\"og:site_name\" content=\"C\u00d4NG TY CP K\u1ef8 THU\u1eacT TI\u00caU CHU\u1ea8N QCVN VI\u1ec6T NAM\" \/>\n<meta property=\"article:publisher\" content=\"https:\/\/www.facebook.com\/kythuatieuchuanQCVN\/?ref=br_rs\" \/>\n<meta property=\"article:modified_time\" content=\"2020-03-21T10:47:44+00:00\" \/>\n<meta property=\"og:image\" content=\"https:\/\/qcvn.com.vn\/wp-content\/uploads\/2019\/09\/qcvn5-1-1067x800.jpg\" \/>\n\t<meta property=\"og:image:width\" content=\"1067\" \/>\n\t<meta property=\"og:image:height\" content=\"800\" \/>\n\t<meta property=\"og:image:type\" content=\"image\/jpeg\" \/>\n<meta name=\"twitter:card\" content=\"summary_large_image\" \/>\n<meta name=\"twitter:label1\" content=\"Est. reading time\" \/>\n\t<meta name=\"twitter:data1\" content=\"3 minutes\" \/>\n<script type=\"application\/ld+json\" class=\"yoast-schema-graph\">{\"@context\":\"https:\/\/schema.org\",\"@graph\":[{\"@type\":\"WebPage\",\"@id\":\"https:\/\/qcvn.com.vn\/en\/observe-the-microclimate-indicators\/\",\"url\":\"https:\/\/qcvn.com.vn\/en\/observe-the-microclimate-indicators\/\",\"name\":\"Observe the microclimate indicators | QCVN centre\",\"isPartOf\":{\"@id\":\"https:\/\/qcvn.com.vn\/en\/#website\"},\"primaryImageOfPage\":{\"@id\":\"https:\/\/qcvn.com.vn\/en\/observe-the-microclimate-indicators\/#primaryimage\"},\"image\":{\"@id\":\"https:\/\/qcvn.com.vn\/en\/observe-the-microclimate-indicators\/#primaryimage\"},\"thumbnailUrl\":\"https:\/\/qcvn.com.vn\/wp-content\/uploads\/2019\/09\/qcvn5-1-scaled.jpg\",\"datePublished\":\"2019-03-04T03:19:36+00:00\",\"dateModified\":\"2020-03-21T10:47:44+00:00\",\"description\":\"in the working environment in accordance with the validity of Vietnam National Technical Regulation allowing microclimate at the workplace.\",\"breadcrumb\":{\"@id\":\"https:\/\/qcvn.com.vn\/en\/observe-the-microclimate-indicators\/#breadcrumb\"},\"inLanguage\":\"en-US\",\"potentialAction\":[{\"@type\":\"ReadAction\",\"target\":[\"https:\/\/qcvn.com.vn\/en\/observe-the-microclimate-indicators\/\"]}]},{\"@type\":\"ImageObject\",\"inLanguage\":\"en-US\",\"@id\":\"https:\/\/qcvn.com.vn\/en\/observe-the-microclimate-indicators\/#primaryimage\",\"url\":\"https:\/\/qcvn.com.vn\/wp-content\/uploads\/2019\/09\/qcvn5-1-scaled.jpg\",\"contentUrl\":\"https:\/\/qcvn.com.vn\/wp-content\/uploads\/2019\/09\/qcvn5-1-scaled.jpg\",\"width\":2560,\"height\":1920,\"caption\":\"Quan tr\u1eafc m\u00f4i tr\u01b0\u1eddng lao \u0111\u1ed9ng\"},{\"@type\":\"BreadcrumbList\",\"@id\":\"https:\/\/qcvn.com.vn\/en\/observe-the-microclimate-indicators\/#breadcrumb\",\"itemListElement\":[{\"@type\":\"ListItem\",\"position\":1,\"name\":\"Home\",\"item\":\"https:\/\/qcvn.com.vn\/en\/\"},{\"@type\":\"ListItem\",\"position\":2,\"name\":\"Service\",\"item\":\"https:\/\/qcvn.com.vn\/en\/service\/\"},{\"@type\":\"ListItem\",\"position\":3,\"name\":\"Environmental monitoring\",\"item\":\"https:\/\/qcvn.com.vn\/en\/environmental-monitoring\/\"},{\"@type\":\"ListItem\",\"position\":4,\"name\":\"Ambient Work Area Monitoring\",\"item\":\"https:\/\/qcvn.com.vn\/en\/ambient-work-area-monitoring\/\"},{\"@type\":\"ListItem\",\"position\":5,\"name\":\"Observe the microclimate indicators\"}]},{\"@type\":\"WebSite\",\"@id\":\"https:\/\/qcvn.com.vn\/en\/#website\",\"url\":\"https:\/\/qcvn.com.vn\/en\/\",\"name\":\"C\u00d4NG TY CP K\u1ef8 THU\u1eacT TI\u00caU CHU\u1ea8N QCVN VI\u1ec6T NAM\",\"description\":\"Ph\u00e2n t\u00edch n\u01b0\u1edbc\",\"publisher\":{\"@id\":\"https:\/\/qcvn.com.vn\/en\/#organization\"},\"potentialAction\":[{\"@type\":\"SearchAction\",\"target\":{\"@type\":\"EntryPoint\",\"urlTemplate\":\"https:\/\/qcvn.com.vn\/en\/?s={search_term_string}\"},\"query-input\":{\"@type\":\"PropertyValueSpecification\",\"valueRequired\":true,\"valueName\":\"search_term_string\"}}],\"inLanguage\":\"en-US\"},{\"@type\":\"Organization\",\"@id\":\"https:\/\/qcvn.com.vn\/en\/#organization\",\"name\":\"C\u00d4NG TY C\u1ed4 PH\u1ea6N K\u1ef8 THU\u1eacT TI\u00caU CHU\u1ea8N QCVN VI\u1ec6T NAM\",\"url\":\"https:\/\/qcvn.com.vn\/en\/\",\"logo\":{\"@type\":\"ImageObject\",\"inLanguage\":\"en-US\",\"@id\":\"https:\/\/qcvn.com.vn\/en\/#\/schema\/logo\/image\/\",\"url\":\"https:\/\/qcvn.com.vn\/wp-content\/uploads\/2019\/01\/logo-QCVN.jpg\",\"contentUrl\":\"https:\/\/qcvn.com.vn\/wp-content\/uploads\/2019\/01\/logo-QCVN.jpg\",\"width\":1200,\"height\":476,\"caption\":\"C\u00d4NG TY C\u1ed4 PH\u1ea6N K\u1ef8 THU\u1eacT TI\u00caU CHU\u1ea8N QCVN VI\u1ec6T NAM\"},\"image\":{\"@id\":\"https:\/\/qcvn.com.vn\/en\/#\/schema\/logo\/image\/\"},\"sameAs\":[\"https:\/\/www.facebook.com\/kythuatieuchuanQCVN\/?ref=br_rs\"]}]}<\/script>\n<!-- \/ Yoast SEO plugin. -->","yoast_head_json":{"title":"Observe the microclimate indicators | QCVN centre","description":"in the working environment in accordance with the validity of Vietnam National Technical Regulation allowing microclimate at the workplace.","robots":{"index":"index","follow":"follow","max-snippet":"max-snippet:-1","max-image-preview":"max-image-preview:large","max-video-preview":"max-video-preview:-1"},"canonical":"https:\/\/qcvn.com.vn\/en\/observe-the-microclimate-indicators\/","og_locale":"en_US","og_type":"article","og_title":"Observe the microclimate indicators | QCVN centre","og_description":"in the working environment in accordance with the validity of Vietnam National Technical Regulation allowing microclimate at the workplace.","og_url":"https:\/\/qcvn.com.vn\/en\/observe-the-microclimate-indicators\/","og_site_name":"C\u00d4NG TY CP K\u1ef8 THU\u1eacT TI\u00caU CHU\u1ea8N QCVN VI\u1ec6T NAM","article_publisher":"https:\/\/www.facebook.com\/kythuatieuchuanQCVN\/?ref=br_rs","article_modified_time":"2020-03-21T10:47:44+00:00","og_image":[{"width":1067,"height":800,"url":"https:\/\/qcvn.com.vn\/wp-content\/uploads\/2019\/09\/qcvn5-1-1067x800.jpg","type":"image\/jpeg"}],"twitter_card":"summary_large_image","twitter_misc":{"Est. reading time":"3 minutes"},"schema":{"@context":"https:\/\/schema.org","@graph":[{"@type":"WebPage","@id":"https:\/\/qcvn.com.vn\/en\/observe-the-microclimate-indicators\/","url":"https:\/\/qcvn.com.vn\/en\/observe-the-microclimate-indicators\/","name":"Observe the microclimate indicators | QCVN centre","isPartOf":{"@id":"https:\/\/qcvn.com.vn\/en\/#website"},"primaryImageOfPage":{"@id":"https:\/\/qcvn.com.vn\/en\/observe-the-microclimate-indicators\/#primaryimage"},"image":{"@id":"https:\/\/qcvn.com.vn\/en\/observe-the-microclimate-indicators\/#primaryimage"},"thumbnailUrl":"https:\/\/qcvn.com.vn\/wp-content\/uploads\/2019\/09\/qcvn5-1-scaled.jpg","datePublished":"2019-03-04T03:19:36+00:00","dateModified":"2020-03-21T10:47:44+00:00","description":"in the working environment in accordance with the validity of Vietnam National Technical Regulation allowing microclimate at the workplace.","breadcrumb":{"@id":"https:\/\/qcvn.com.vn\/en\/observe-the-microclimate-indicators\/#breadcrumb"},"inLanguage":"en-US","potentialAction":[{"@type":"ReadAction","target":["https:\/\/qcvn.com.vn\/en\/observe-the-microclimate-indicators\/"]}]},{"@type":"ImageObject","inLanguage":"en-US","@id":"https:\/\/qcvn.com.vn\/en\/observe-the-microclimate-indicators\/#primaryimage","url":"https:\/\/qcvn.com.vn\/wp-content\/uploads\/2019\/09\/qcvn5-1-scaled.jpg","contentUrl":"https:\/\/qcvn.com.vn\/wp-content\/uploads\/2019\/09\/qcvn5-1-scaled.jpg","width":2560,"height":1920,"caption":"Quan tr\u1eafc m\u00f4i tr\u01b0\u1eddng lao \u0111\u1ed9ng"},{"@type":"BreadcrumbList","@id":"https:\/\/qcvn.com.vn\/en\/observe-the-microclimate-indicators\/#breadcrumb","itemListElement":[{"@type":"ListItem","position":1,"name":"Home","item":"https:\/\/qcvn.com.vn\/en\/"},{"@type":"ListItem","position":2,"name":"Service","item":"https:\/\/qcvn.com.vn\/en\/service\/"},{"@type":"ListItem","position":3,"name":"Environmental monitoring","item":"https:\/\/qcvn.com.vn\/en\/environmental-monitoring\/"},{"@type":"ListItem","position":4,"name":"Ambient Work Area Monitoring","item":"https:\/\/qcvn.com.vn\/en\/ambient-work-area-monitoring\/"},{"@type":"ListItem","position":5,"name":"Observe the microclimate indicators"}]},{"@type":"WebSite","@id":"https:\/\/qcvn.com.vn\/en\/#website","url":"https:\/\/qcvn.com.vn\/en\/","name":"C\u00d4NG TY CP K\u1ef8 THU\u1eacT TI\u00caU CHU\u1ea8N QCVN VI\u1ec6T NAM","description":"Ph\u00e2n t\u00edch n\u01b0\u1edbc","publisher":{"@id":"https:\/\/qcvn.com.vn\/en\/#organization"},"potentialAction":[{"@type":"SearchAction","target":{"@type":"EntryPoint","urlTemplate":"https:\/\/qcvn.com.vn\/en\/?s={search_term_string}"},"query-input":{"@type":"PropertyValueSpecification","valueRequired":true,"valueName":"search_term_string"}}],"inLanguage":"en-US"},{"@type":"Organization","@id":"https:\/\/qcvn.com.vn\/en\/#organization","name":"C\u00d4NG TY C\u1ed4 PH\u1ea6N K\u1ef8 THU\u1eacT TI\u00caU CHU\u1ea8N QCVN VI\u1ec6T NAM","url":"https:\/\/qcvn.com.vn\/en\/","logo":{"@type":"ImageObject","inLanguage":"en-US","@id":"https:\/\/qcvn.com.vn\/en\/#\/schema\/logo\/image\/","url":"https:\/\/qcvn.com.vn\/wp-content\/uploads\/2019\/01\/logo-QCVN.jpg","contentUrl":"https:\/\/qcvn.com.vn\/wp-content\/uploads\/2019\/01\/logo-QCVN.jpg","width":1200,"height":476,"caption":"C\u00d4NG TY C\u1ed4 PH\u1ea6N K\u1ef8 THU\u1eacT TI\u00caU CHU\u1ea8N QCVN VI\u1ec6T NAM"},"image":{"@id":"https:\/\/qcvn.com.vn\/en\/#\/schema\/logo\/image\/"},"sameAs":["https:\/\/www.facebook.com\/kythuatieuchuanQCVN\/?ref=br_rs"]}]}},"_links":{"self":[{"href":"https:\/\/qcvn.com.vn\/en\/wp-json\/wp\/v2\/pages\/1634","targetHints":{"allow":["GET"]}}],"collection":[{"href":"https:\/\/qcvn.com.vn\/en\/wp-json\/wp\/v2\/pages"}],"about":[{"href":"https:\/\/qcvn.com.vn\/en\/wp-json\/wp\/v2\/types\/page"}],"author":[{"embeddable":true,"href":"https:\/\/qcvn.com.vn\/en\/wp-json\/wp\/v2\/users\/1"}],"replies":[{"embeddable":true,"href":"https:\/\/qcvn.com.vn\/en\/wp-json\/wp\/v2\/comments?post=1634"}],"version-history":[{"count":0,"href":"https:\/\/qcvn.com.vn\/en\/wp-json\/wp\/v2\/pages\/1634\/revisions"}],"up":[{"embeddable":true,"href":"https:\/\/qcvn.com.vn\/en\/wp-json\/wp\/v2\/pages\/858"}],"wp:featuredmedia":[{"embeddable":true,"href":"https:\/\/qcvn.com.vn\/en\/wp-json\/wp\/v2\/media\/3677"}],"wp:attachment":[{"href":"https:\/\/qcvn.com.vn\/en\/wp-json\/wp\/v2\/media?parent=1634"}],"curies":[{"name":"wp","href":"https:\/\/api.w.org\/{rel}","templated":true}]}}